{"id":35128,"date":"2019-04-08T18:33:35","date_gmt":"2019-04-08T17:33:35","guid":{"rendered":"https:\/\/www.madriu-perafita-claror.ad\/itinerari-11"},"modified":"2024-02-26T09:02:14","modified_gmt":"2024-02-26T09:02:14","slug":"itineraire-11","status":"publish","type":"page","link":"https:\/\/www.madriu-perafita-claror.ad\/fr\/itineraire-11\/","title":{"rendered":"Itin\u00e9raire 11"},"content":{"rendered":"<div class=\"wpb-content-wrapper\"><p>[vc_row][vc_column][vc_column_text]<\/p>\n<h3 style=\"text-align: left;\"><img class=\"alignnone wp-image-31555 size-full\" src=\"https:\/\/www.madriu-perafita-claror.ad\/wp-content\/uploads\/2019\/06\/Itinerari-11.jpg\" alt=\"\" width=\"1500\" height=\"480\" srcset=\"https:\/\/www.madriu-perafita-claror.ad\/wp-content\/uploads\/2019\/06\/Itinerari-11.jpg 1500w, https:\/\/www.madriu-perafita-claror.ad\/wp-content\/uploads\/2019\/06\/Itinerari-11-600x192.jpg 600w, https:\/\/www.madriu-perafita-claror.ad\/wp-content\/uploads\/2019\/06\/Itinerari-11-300x96.jpg 300w, https:\/\/www.madriu-perafita-claror.ad\/wp-content\/uploads\/2019\/06\/Itinerari-11-768x246.jpg 768w, https:\/\/www.madriu-perafita-claror.ad\/wp-content\/uploads\/2019\/06\/Itinerari-11-1024x328.jpg 1024w\" sizes=\"(max-width: 1500px) 100vw, 1500px\" \/><\/h3>\n<h3 style=\"text-align: left;\">ITIN\u00c9RAIRE 11: Les lacs du nord (travers\u00e9e: il faudra 2 v\u00e9hicules pour pouvoir effectuer cet itin\u00e9raire)<\/h3>\n<p>[\/vc_column_text][\/vc_column][\/vc_row][vc_row][vc_column width=\u00a0\u00bb1\/2&Prime;][vc_column_text]<img class=\"aligncenter size-full wp-image-8566\" src=\"https:\/\/www.madriu-perafita-claror.ad\/wp-content\/uploads\/Itinerari-11-Wikiloc.jpg\" alt=\"\" width=\"851\" height=\"452\" \/><\/p>\n<p><a href=\"https:\/\/es.wikiloc.com\/rutas-senderismo\/estanys-del-nord-23402977\">Ici vous trouverez le trac\u00e9 approximatif, il n&rsquo;est pas pr\u00e9cis, rien n&rsquo;est plus pour doner una id\u00e9e du parcours<\/a>[\/vc_column_text][\/vc_column][vc_column width=\u00a0\u00bb1\/2&Prime;][vc_column_text]<\/p>\n<h5 style=\"text-align: left;\">DIFFICULT\u00c9: IV \/ D\u00c9NIVEL\u00c9: 1.012 M<\/h5>\n<p>Itin\u00e9raire long et complet,\u00a0id\u00e9al pour profiter de la grande quantit\u00e9 de lacs qui pars\u00e8ment les paysages de la vall\u00e9e. En outre, dans ces zones de haute montagne, avec un peu de chance, vous pourrez observer la grande vari\u00e9t\u00e9 de la faune dans son habitat naturel.<\/p>\n<p>Pas de difficult\u00e9s techniques ni passages compliqu\u00e9s, mais un minimum d\u2019exp\u00e9rience est n\u00e9cessaire, ainsi qu\u2019une condition physique moyenne.<\/p>\n<p><a href=\"https:\/\/www.google.ad\/maps\/@42.5279674,1.5952653,430m\/data=!3m1!1e3\">Carretera de les Pardines<\/a>\u00a0\/ Chemin de la Molina \/\u00a0<a href=\"https:\/\/www.google.ad\/maps\/@42.5183316,1.5953767,732a,20y,41.18t\/data=!3m1!1e3\">Bordes de la Molina<\/a>\u00a0\/ Chemin de la Molina \/ Chemin de les \u00c0gols pel Serrat de Codinet \/ Chemin de les \u00c0gols \/\u00a0<a href=\"https:\/\/www.google.ad\/maps\/@42.5052238,1.6085216,815a,20y,41.1t\/data=!3m1!1e3\">Refugi de les \u00c0gols<\/a>\u00a0\/\u00a0<a href=\"https:\/\/www.google.ad\/maps\/@42.4879366,1.6186413,1604a,20y,40.93t\/data=!3m1!1e3\">Cap de les \u00c0gols<\/a> \/lac Blau \/ lac Forcat \/ cabana dels Estanys \/ lac de la Bova \/ refuge de l\u2019Illa \/ lac de l\u2019Illa \/ collada de Pessons \/ lac de Pessons \/ lac de Les Fonts \/ lac de Meligar \/ lac Rod\u00f3 \/ lac Primer \/ \u00a0Parking du Cubill (Grau Roig).[\/vc_column_text][\/vc_column][\/vc_row][vc_row][vc_column][vc_btn title=\u00a0\u00bbT\u00e9l\u00e9chargez l&rsquo;itin\u00e9raire ici (pdf)\u00a0\u00bb link=\u00a0\u00bburl:https%3A%2F%2Fwww.madriu-perafita-claror.ad%2Fwp-content%2Fuploads%2F2024%2F02%2FItinerari-11-fr.pdf|target:_blank\u00a0\u00bb][\/vc_column][\/vc_row]<\/p>\n<\/div>","protected":false},"excerpt":{"rendered":"<p>[vc_row][vc_column][vc_column_text] ITIN\u00c9RAIRE 11: Les lacs du nord (travers\u00e9e: il faudra 2 v\u00e9hicules pour pouvoir effectuer cet itin\u00e9raire) [\/vc_column_text][\/vc_column][\/vc_row][vc_row][vc_column width=\u00a0\u00bb1\/2&Prime;][vc_column_text] Ici&#8230;<\/p>\n","protected":false},"author":1,"featured_media":0,"parent":0,"menu_order":0,"comment_status":"closed","ping_status":"closed","template":"","meta":{"_acf_changed":false,"footnotes":""},"class_list":["post-35128","page","type-page","status-publish"],"acf":[],"_links":{"self":[{"href":"https:\/\/www.madriu-perafita-claror.ad\/fr\/wp-json\/wp\/v2\/pages\/35128","targetHints":{"allow":["GET"]}}],"collection":[{"href":"https:\/\/www.madriu-perafita-claror.ad\/fr\/wp-json\/wp\/v2\/pages"}],"about":[{"href":"https:\/\/www.madriu-perafita-claror.ad\/fr\/wp-json\/wp\/v2\/types\/page"}],"author":[{"embeddable":true,"href":"https:\/\/www.madriu-perafita-claror.ad\/fr\/wp-json\/wp\/v2\/users\/1"}],"replies":[{"embeddable":true,"href":"https:\/\/www.madriu-perafita-claror.ad\/fr\/wp-json\/wp\/v2\/comments?post=35128"}],"version-history":[{"count":0,"href":"https:\/\/www.madriu-perafita-claror.ad\/fr\/wp-json\/wp\/v2\/pages\/35128\/revisions"}],"wp:attachment":[{"href":"https:\/\/www.madriu-perafita-claror.ad\/fr\/wp-json\/wp\/v2\/media?parent=35128"}],"curies":[{"name":"wp","href":"https:\/\/api.w.org\/{rel}","templated":true}]}}