{"id":35131,"date":"2019-04-08T18:32:51","date_gmt":"2019-04-08T17:32:51","guid":{"rendered":"https:\/\/www.madriu-perafita-claror.ad\/itinerari-10"},"modified":"2024-02-26T08:55:56","modified_gmt":"2024-02-26T08:55:56","slug":"itineraire-10","status":"publish","type":"page","link":"https:\/\/www.madriu-perafita-claror.ad\/fr\/itineraire-10\/","title":{"rendered":"Itin\u00e9raire 10"},"content":{"rendered":"<div class=\"wpb-content-wrapper\"><p>[vc_row][vc_column][vc_column_text]<\/p>\n<h3 style=\"text-align: left;\"><img class=\"alignnone wp-image-31554 size-full\" src=\"https:\/\/www.madriu-perafita-claror.ad\/wp-content\/uploads\/2019\/06\/Itinerari-10.jpg\" alt=\"\" width=\"1500\" height=\"480\" \/><\/h3>\n<h3 style=\"text-align: left;\">ITIN\u00c9RAIRE 10: Ensagents &#8211; Lac de l&rsquo;Illa, au d\u00e9part des cortals d&rsquo;Encamp (circulaire)<\/h3>\n<p>[\/vc_column_text][\/vc_column][\/vc_row][vc_row][vc_column width=\u00a0\u00bb1\/2&Prime;][vc_column_text]<\/p>\n<h5 style=\"text-align: left;\"><img class=\"aligncenter wp-image-6611 size-full\" src=\"https:\/\/www.madriu-perafita-claror.ad\/wp-content\/uploads\/Perfil-itinerari-10.jpg\" alt=\"\" width=\"772\" height=\"354\" \/><\/h5>\n<p>[\/vc_column_text][\/vc_column][vc_column width=\u00a0\u00bb1\/2&Prime;][vc_column_text]<img class=\"aligncenter size-full wp-image-8539\" src=\"https:\/\/www.madriu-perafita-claror.ad\/wp-content\/uploads\/Itinerari-10-Wikiloc.jpg\" alt=\"\" width=\"848\" height=\"448\" \/><a href=\"https:\/\/es.wikiloc.com\/rutas-senderismo\/ensagents-estany-de-lilla-des-dels-cortals-dencamp-circular-23746028\">Ici vous trouverez le trac\u00e9 approximatif, in n&rsquo;est pas pr\u00e9cis, rien n&rsquo;est plus pour doner una id\u00e9e du parcours<\/a><\/p>\n<p>[\/vc_column_text][\/vc_column][\/vc_row][vc_row][vc_column][vc_column_text]<\/p>\n<h5 style=\"text-align: left;\">DIFFICULT\u00c9: IV \/ D\u00c9NIVEL\u00c9: 1.062 M<\/h5>\n<p>Itin\u00e9raire long et complet. Pas de difficult\u00e9s techniques ni passages compliqu\u00e9s, mais un minimum d&rsquo;exp\u00e9rience est n\u00e9cessaire, ainsi qu&rsquo;une condition physique moyenne.<\/p>\n<p><a href=\"https:\/\/www.google.ad\/maps\/@42.534409,1.6139275,285m\/data=!3m1!1e3\">Km 6 de la route des Cortals d&rsquo;Encamp <\/a>\u00a0[Acc\u00e8s par les\u00a0Cortals d&rsquo;Encamp . Prendre la route au d\u00e9part d\u2019Encamp en direction des Cortals Encamp \u00a0Se garer au km 6, altitude 1700 m] \/ Chemin d\u2019Ensagents \/\u00a0<a href=\"https:\/\/www.google.ad\/maps\/@42.5125636,1.6413366,665a,20y,41.09t\/data=!3m1!1e3\">Refuge d\u2019Ensagents<\/a>\u00a0\/ Chemin du pic de Pessons \/ (ou bien continuer sur le chemin d\u2019Ensagents jusqu\u2019\u00e0 \/\u00a0<a href=\"https:\/\/www.google.ad\/maps\/@42.5026596,1.6602461,788a,20y,41.01t\/data=!3m1!1e3\">\u00a0La Collada de Pessons\u00a0<\/a>\u00a0\/ Chemin de la Collada de Pessons \u00a0GRP-GR7 \/ Lac de l\u2019Illa \u00a0+\u00a0<a href=\"https:\/\/www.google.ad\/maps\/@42.4860734,1.6572051,1298a,20y,40.97t\/data=!3m1!1e3\">refuge de l\u2019Illa\u00a0<\/a>\u00a0\/ Chemin de la Muntanya -GR7 GR11 (ce tron\u00e7on est \u00e9galement connu comme le chemin des Estanys ) \/\u00a0<a href=\"https:\/\/www.madriu-perafita-claror.ad\/wp-content\/uploads\/Cabana-dels-estanys.jpg\">Cabane des Estanys\u00a0<\/a>\u00a0\/ Chemin de la Muntanya -GR7 GR11 \/ Chemin des Forcats (de les \u00c0gols al Madriu) \u00a0\/\u00a0<a href=\"https:\/\/www.google.ad\/maps\/@42.4853459,1.6363183,1183a,20y,40.99t\/data=!3m1!1e3\">Lac Forcat<\/a>\u00a0\/ Lac \/ Chemin des Forcats \u00a0\/ Chemin des \u00c0gols \u00a0\/ Chemin du Serrat de Montuell \u00a0\/ Chemin des \u00c0gols \u00a0\/\u00a0<a href=\"https:\/\/www.google.ad\/maps\/@42.5052238,1.6085216,815a,20y,41.1t\/data=!3m1!1e3\">Refuge des \u00c0gols\u00a0<\/a> \/ Chemin des \u00c0gols \u00a0\/ Chemin de Montuell \/ Km 6 de la route des Cortals d&rsquo;Encamp.[\/vc_column_text][\/vc_column][\/vc_row][vc_row][vc_column][vc_btn title=\u00a0\u00bbT\u00e9l\u00e9chargez l&rsquo;itin\u00e9raire ici (pdf)\u00a0\u00bb link=\u00a0\u00bburl:https%3A%2F%2Fwww.madriu-perafita-claror.ad%2Fwp-content%2Fuploads%2F2024%2F02%2FItinerari-10-fr.pdf|target:_blank\u00a0\u00bb][\/vc_column][\/vc_row]<\/p>\n<\/div>","protected":false},"excerpt":{"rendered":"<p>[vc_row][vc_column][vc_column_text] ITIN\u00c9RAIRE 10: Ensagents &#8211; Lac de l&rsquo;Illa, au d\u00e9part des cortals d&rsquo;Encamp (circulaire) [\/vc_column_text][\/vc_column][\/vc_row][vc_row][vc_column width=\u00a0\u00bb1\/2&Prime;][vc_column_text] [\/vc_column_text][\/vc_column][vc_column width=\u00a0\u00bb1\/2&Prime;][vc_column_text]Ici vous trouverez&#8230;<\/p>\n","protected":false},"author":1,"featured_media":0,"parent":0,"menu_order":0,"comment_status":"closed","ping_status":"closed","template":"","meta":{"_acf_changed":false,"footnotes":""},"class_list":["post-35131","page","type-page","status-publish"],"acf":[],"_links":{"self":[{"href":"https:\/\/www.madriu-perafita-claror.ad\/fr\/wp-json\/wp\/v2\/pages\/35131","targetHints":{"allow":["GET"]}}],"collection":[{"href":"https:\/\/www.madriu-perafita-claror.ad\/fr\/wp-json\/wp\/v2\/pages"}],"about":[{"href":"https:\/\/www.madriu-perafita-claror.ad\/fr\/wp-json\/wp\/v2\/types\/page"}],"author":[{"embeddable":true,"href":"https:\/\/www.madriu-perafita-claror.ad\/fr\/wp-json\/wp\/v2\/users\/1"}],"replies":[{"embeddable":true,"href":"https:\/\/www.madriu-perafita-claror.ad\/fr\/wp-json\/wp\/v2\/comments?post=35131"}],"version-history":[{"count":0,"href":"https:\/\/www.madriu-perafita-claror.ad\/fr\/wp-json\/wp\/v2\/pages\/35131\/revisions"}],"wp:attachment":[{"href":"https:\/\/www.madriu-perafita-claror.ad\/fr\/wp-json\/wp\/v2\/media?parent=35131"}],"curies":[{"name":"wp","href":"https:\/\/api.w.org\/{rel}","templated":true}]}}