{"id":35141,"date":"2019-04-08T18:32:07","date_gmt":"2019-04-08T17:32:07","guid":{"rendered":"https:\/\/www.madriu-perafita-claror.ad\/itinerari-09"},"modified":"2024-02-26T08:51:09","modified_gmt":"2024-02-26T08:51:09","slug":"itineraire-09","status":"publish","type":"page","link":"https:\/\/www.madriu-perafita-claror.ad\/fr\/itineraire-09\/","title":{"rendered":"Itin\u00e9raire 09"},"content":{"rendered":"<div class=\"wpb-content-wrapper\"><p>[vc_row][vc_column][vc_column_text]<\/p>\n<h3 style=\"text-align: left;\"><img class=\"alignnone wp-image-31556 size-full\" src=\"https:\/\/www.madriu-perafita-claror.ad\/wp-content\/uploads\/2019\/06\/Itinerari-9.jpg\" alt=\"\" width=\"1500\" height=\"480\" \/><\/h3>\n<h3 style=\"text-align: left;\">ITIN\u00c9RAIRE 9: La Rabassa &#8211; Claror &#8211; Perafita &#8211; La Plana<br \/>\n(Travers\u00e9e: il faudra 2 v\u00e9hicules pour pouvoir effectuer cet itin\u00e9raire)<\/h3>\n<p>[\/vc_column_text][\/vc_column][\/vc_row][vc_row][vc_column width=\u00a0\u00bb1\/2&Prime;][vc_column_text]<\/p>\n<h3 style=\"text-align: left;\"><img class=\"aligncenter size-full wp-image-6607\" src=\"https:\/\/www.madriu-perafita-claror.ad\/wp-content\/uploads\/Perfil-itinerari-9.jpg\" alt=\"\" width=\"669\" height=\"354\" \/><\/h3>\n<p>[\/vc_column_text][\/vc_column][vc_column width=\u00a0\u00bb1\/2&Prime;][vc_column_text]<img class=\"aligncenter size-full wp-image-8468\" src=\"https:\/\/www.madriu-perafita-claror.ad\/wp-content\/uploads\/Itinerari-9-Wikiloc.jpg\" alt=\"\" width=\"848\" height=\"450\" \/><a href=\"https:\/\/es.wikiloc.com\/rutas-senderismo\/la-rabassa-claror-perafita-la-plana-travessa-faran-falta-dos-vehicles-23419670\">Ici vous trouverez le trac\u00e9 approximatif, il n&rsquo;est pas pr\u00e9cis, rien n&rsquo;est plus pour doner una id\u00e9e du parcours<\/a>[\/vc_column_text][\/vc_column][\/vc_row][vc_row][vc_column][vc_column_text]<\/p>\n<h5 style=\"text-align: left;\">DIFFICULT\u00c9: II \/ D\u00c9NIVELE: 1.405 M<\/h5>\n<p>Itin\u00e9raire complet et bien balis\u00e9, un minimum de condition physique est cependant recommand\u00e9e.<\/p>\n<p><a href=\"https:\/\/www.google.ad\/maps\/@42.4195628,1.5262269,1851a,20y,40.96t\/data=!3m1!1e3\">Parking des pistes de ski de \u00a0la Rabassa\u00a0<\/a>\u00a0[Acc\u00e8s par la station de ski de \u00a0la Rabassa . Prendre la route au d\u00e9part de \u00a0Sant Juli\u00e0 \u00a0\u00e0 \u00a0la Rabassa . Parking sup\u00e9rieur (altitude 2000 m)] \/\u00a0<a href=\"https:\/\/www.google.ad\/maps\/@42.4269187,1.5374959,808a,20y,41.1t\/data=!3m1!1e3\">\u00a0Collada de Pimes\u00a0<\/a>\u00a0\/ Chemin du Port Negre \u00a0GRP \/\u00a0<a href=\"https:\/\/www.google.ad\/maps\/@42.4471561,1.5596638,1231a,20y,40.99t\/data=!3m1!1e3\">\u00a0Pic Negre\u00a0<\/a>\u00a0\/\u00a0<a href=\"https:\/\/www.google.ad\/maps\/@42.4506803,1.5635755,956a,20y,41.02t\/data=!3m1!1e3\">\u00a0El Port Negre\u00a0<\/a>\u00a0\/\u00a0<a href=\"https:\/\/www.google.ad\/maps\/@42.4650689,1.5588806,657a,20y,41.09t\/data=!3m1!1e3\">\u00a0Basses Roges\u00a0<\/a>\u00a0\/\u00a0<a href=\"https:\/\/www.google.ad\/maps\/@42.464113,1.5633089,720a,20y,41.11t\/data=!3m1!1e3\">Refuge de Claror<\/a>\u00a0\/ Chemin de \u00a0l\u2019estany de la Nou \u00a0GRP \/ Chemin de \u00a0l\u2019estany de la Nou \u00a0(tron\u00e7on hors le GRP) \/ Chemin de Perafita GR11.10 \/\u00a0<a href=\"https:\/\/www.google.ad\/maps\/@42.4741466,1.5777577,688a,20y,41.12t\/data=!3m1!1e3\">Refuge de Perafita<\/a>\u00a0\/ Chemin de \u00a0la font del Bo\u00efgot \u00a0\/\u00a0<a href=\"https:\/\/www.madriu-perafita-claror.ad\/wp-content\/uploads\/Pont-Sassanat.jpg\">\u00a0Pont Sassanat\u00a0<\/a>\u00a0\/\u00a0<a href=\"https:\/\/www.google.ad\/maps\/@42.5045844,1.5470839,1093m\/data=!3m1!1e3\"> La Plana.<\/a>[\/vc_column_text][\/vc_column][\/vc_row][vc_row][vc_column][vc_btn title=\u00a0\u00bbT\u00e9l\u00e9chargez l&rsquo;itin\u00e9raire ici (pdf)\u00a0\u00bb link=\u00a0\u00bburl:https%3A%2F%2Fwww.madriu-perafita-claror.ad%2Fwp-content%2Fuploads%2F2024%2F02%2FItinerari-9-fr.pdf|target:_blank\u00a0\u00bb][\/vc_column][\/vc_row]<\/p>\n<\/div>","protected":false},"excerpt":{"rendered":"<p>[vc_row][vc_column][vc_column_text] ITIN\u00c9RAIRE 9: La Rabassa &#8211; Claror &#8211; Perafita &#8211; La Plana (Travers\u00e9e: il faudra 2 v\u00e9hicules pour pouvoir effectuer&#8230;<\/p>\n","protected":false},"author":1,"featured_media":0,"parent":0,"menu_order":0,"comment_status":"closed","ping_status":"closed","template":"","meta":{"_acf_changed":false,"footnotes":""},"class_list":["post-35141","page","type-page","status-publish"],"acf":[],"_links":{"self":[{"href":"https:\/\/www.madriu-perafita-claror.ad\/fr\/wp-json\/wp\/v2\/pages\/35141","targetHints":{"allow":["GET"]}}],"collection":[{"href":"https:\/\/www.madriu-perafita-claror.ad\/fr\/wp-json\/wp\/v2\/pages"}],"about":[{"href":"https:\/\/www.madriu-perafita-claror.ad\/fr\/wp-json\/wp\/v2\/types\/page"}],"author":[{"embeddable":true,"href":"https:\/\/www.madriu-perafita-claror.ad\/fr\/wp-json\/wp\/v2\/users\/1"}],"replies":[{"embeddable":true,"href":"https:\/\/www.madriu-perafita-claror.ad\/fr\/wp-json\/wp\/v2\/comments?post=35141"}],"version-history":[{"count":0,"href":"https:\/\/www.madriu-perafita-claror.ad\/fr\/wp-json\/wp\/v2\/pages\/35141\/revisions"}],"wp:attachment":[{"href":"https:\/\/www.madriu-perafita-claror.ad\/fr\/wp-json\/wp\/v2\/media?parent=35141"}],"curies":[{"name":"wp","href":"https:\/\/api.w.org\/{rel}","templated":true}]}}