{"id":35148,"date":"2019-04-08T18:31:24","date_gmt":"2019-04-08T17:31:24","guid":{"rendered":"https:\/\/www.madriu-perafita-claror.ad\/itinerari-08-bis"},"modified":"2024-02-26T08:45:18","modified_gmt":"2024-02-26T08:45:18","slug":"itineraire-08-bis","status":"publish","type":"page","link":"https:\/\/www.madriu-perafita-claror.ad\/fr\/itineraire-08-bis\/","title":{"rendered":"Itin\u00e9raire 08 bis"},"content":{"rendered":"<div class=\"wpb-content-wrapper\"><p>[vc_row][vc_column][vc_column_text]<\/p>\n<h3 style=\"text-align: left;\"><img class=\"alignnone wp-image-31573 size-full\" src=\"https:\/\/www.madriu-perafita-claror.ad\/wp-content\/uploads\/2019\/06\/Itinerari-8-bis.jpg\" alt=\"\" width=\"1500\" height=\"480\" srcset=\"https:\/\/www.madriu-perafita-claror.ad\/wp-content\/uploads\/2019\/06\/Itinerari-8-bis.jpg 1500w, https:\/\/www.madriu-perafita-claror.ad\/wp-content\/uploads\/2019\/06\/Itinerari-8-bis-600x192.jpg 600w\" sizes=\"(max-width: 1500px) 100vw, 1500px\" \/><\/h3>\n<h3 style=\"text-align: left;\">ITINERAIRE 8 bis: Perafita \u2013 Maiana \u2013 Tosa Plana \u2013 Torre dels Soldats \u2013 Claror \u2013 La Nou (circulaire)<\/h3>\n<p>[\/vc_column_text][\/vc_column][\/vc_row][vc_row][vc_column width=\u00a0\u00bb1\/2&Prime;][vc_column_text]<\/p>\n<h3 style=\"text-align: left;\"><img class=\"aligncenter size-full wp-image-6600\" src=\"https:\/\/www.madriu-perafita-claror.ad\/wp-content\/uploads\/Perfil-itinerari-8.jpg\" alt=\"\" width=\"759\" height=\"358\" \/><\/h3>\n<p>[\/vc_column_text][\/vc_column][vc_column width=\u00a0\u00bb1\/2&Prime;][vc_column_text]<img class=\"aligncenter size-full wp-image-8529\" src=\"https:\/\/www.madriu-perafita-claror.ad\/wp-content\/uploads\/Itinerari-8-bis-Wikiloc.jpg\" alt=\"\" width=\"848\" height=\"453\" \/><\/p>\n<p><a href=\"https:\/\/es.wikiloc.com\/rutas-senderismo\/perafita-maiana-tosa-plana-torre-dels-soldats-claror-la-nou-circular-23738977\">Ici vous trouverez le trac\u00e9 approximatif, il n&rsquo;est pas pr\u00e8cis, rien n&rsquo;est plus pour doner una id\u00e9e du parcours<\/a>[\/vc_column_text][\/vc_column][\/vc_row][vc_row][vc_column][vc_column_text]<\/p>\n<h5 style=\"text-align: left;\">Difficult\u00e9: IV \/ D\u00e9nivel\u00e9: 580 M<\/h5>\n<p>Itin\u00e9raire exigeant mais appropri\u00e9 pour des personnes habitu\u00e9es \u00e0 la haute montagne. Non recommand\u00e9 pour les randonneurs d\u00e9butants.<\/p>\n<p><a href=\"https:\/\/www.google.ad\/maps\/@42.4741466,1.5777577,688a,20y,41.12t\/data=!3m1!1e3\">Refuge de Perafita<\/a>\u00a0[Sortie du refuge de Perafita. Route d\u2019acc\u00e8s la plus proche: route de la Plana. Parking \u00e0 c\u00f4t\u00e9 de l\u2019abattoir] \/ Chemin de la Collada de la Maiana \u00a0\/\u00a0<a href=\"https:\/\/www.google.ad\/maps\/@42.4731183,1.6005434,905a,20y,41.05t\/data=!3m1!1e3\">\u00a0La Collada de la Maiana\u00a0<\/a>\u00a0\/ Chemin du Port \u00a0GR11.10 \/ \u00a0Port de Perafita \u00a0\/\u00a0<a href=\"https:\/\/www.google.ad\/maps\/@42.4468111,1.5848817,1453a,20y,40.95t\/data=!3m1!1e3\">Pic de Monturull<\/a>\u00a0\/\u00a0<a href=\"https:\/\/www.google.ad\/maps\/@42.442596,1.5800865,1296a,20y,40.99t\/data=!3m1!1e3\">\u00a0Collada dels Clots de la Tora \u00a0+ \u00a0Torre dels Soldats\u00a0<\/a>\u00a0\/ Route parall\u00e8le \u00e0 la serra Airosa \u00a0\/\u00a0<a href=\"https:\/\/www.google.ad\/maps\/@42.4506803,1.5635755,956a,20y,41.02t\/data=!3m1!1e3\">\u00a0Port Negre\u00a0<\/a>\u00a0\/ Chemin du Port Negre \u00a0GRP \/\u00a0<a href=\"https:\/\/www.google.ad\/maps\/@42.464113,1.5633089,720a,20y,41.11t\/data=!3m1!1e3\">Refuge de Claror<\/a>\u00a0\/ Chemin de l\u2019estany de la Nou \u00a0\/\u00a0<a href=\"https:\/\/www.google.ad\/maps\/@42.4697383,1.5746694,756a,20y,41.12t\/data=!3m1!1e3\">Lac de la Nou\u00a0<\/a> \/ Chemin de l\u2019estany de la Nou \u00a0\/ Refuge de Perafita.[\/vc_column_text][\/vc_column][\/vc_row][vc_row][vc_column][vc_btn title=\u00a0\u00bbT\u00e9l\u00e9chargez l&rsquo;itin\u00e9raire ici (pdf)\u00a0\u00bb link=\u00a0\u00bburl:https%3A%2F%2Fwww.madriu-perafita-claror.ad%2Fwp-content%2Fuploads%2F2024%2F02%2FItinerari-8-bis-fr.pdf|target:_blank\u00a0\u00bb][\/vc_column][\/vc_row]<\/p>\n<\/div>","protected":false},"excerpt":{"rendered":"<p>[vc_row][vc_column][vc_column_text] ITINERAIRE 8 bis: Perafita \u2013 Maiana \u2013 Tosa Plana \u2013 Torre dels Soldats \u2013 Claror \u2013 La Nou (circulaire)&#8230;<\/p>\n","protected":false},"author":1,"featured_media":0,"parent":0,"menu_order":0,"comment_status":"closed","ping_status":"closed","template":"","meta":{"_acf_changed":false,"footnotes":""},"class_list":["post-35148","page","type-page","status-publish"],"acf":[],"_links":{"self":[{"href":"https:\/\/www.madriu-perafita-claror.ad\/fr\/wp-json\/wp\/v2\/pages\/35148","targetHints":{"allow":["GET"]}}],"collection":[{"href":"https:\/\/www.madriu-perafita-claror.ad\/fr\/wp-json\/wp\/v2\/pages"}],"about":[{"href":"https:\/\/www.madriu-perafita-claror.ad\/fr\/wp-json\/wp\/v2\/types\/page"}],"author":[{"embeddable":true,"href":"https:\/\/www.madriu-perafita-claror.ad\/fr\/wp-json\/wp\/v2\/users\/1"}],"replies":[{"embeddable":true,"href":"https:\/\/www.madriu-perafita-claror.ad\/fr\/wp-json\/wp\/v2\/comments?post=35148"}],"version-history":[{"count":0,"href":"https:\/\/www.madriu-perafita-claror.ad\/fr\/wp-json\/wp\/v2\/pages\/35148\/revisions"}],"wp:attachment":[{"href":"https:\/\/www.madriu-perafita-claror.ad\/fr\/wp-json\/wp\/v2\/media?parent=35148"}],"curies":[{"name":"wp","href":"https:\/\/api.w.org\/{rel}","templated":true}]}}