{"id":35151,"date":"2019-04-08T18:30:33","date_gmt":"2019-04-08T17:30:33","guid":{"rendered":"https:\/\/www.madriu-perafita-claror.ad\/itinerari-08"},"modified":"2024-02-26T08:43:09","modified_gmt":"2024-02-26T08:43:09","slug":"itineraire-08","status":"publish","type":"page","link":"https:\/\/www.madriu-perafita-claror.ad\/fr\/itineraire-08\/","title":{"rendered":"Itin\u00e9raire 08"},"content":{"rendered":"<div class=\"wpb-content-wrapper\"><p>[vc_row][vc_column][vc_column_text]<\/p>\n<h3 style=\"text-align: left;\"><img class=\"alignnone wp-image-31552 size-full\" src=\"https:\/\/www.madriu-perafita-claror.ad\/wp-content\/uploads\/2019\/06\/Itinerari-8.jpg\" alt=\"\" width=\"1500\" height=\"480\" srcset=\"https:\/\/www.madriu-perafita-claror.ad\/wp-content\/uploads\/2019\/06\/Itinerari-8.jpg 1500w, https:\/\/www.madriu-perafita-claror.ad\/wp-content\/uploads\/2019\/06\/Itinerari-8-600x192.jpg 600w\" sizes=\"(max-width: 1500px) 100vw, 1500px\" \/><\/h3>\n<h3 style=\"text-align: left;\">ITINERAIRE 8: Sommet de Perafita en partant de lac de la Pera (circulaire)<\/h3>\n<p>[\/vc_column_text][\/vc_column][\/vc_row][vc_row][vc_column width=\u00a0\u00bb1\/2&Prime;][vc_column_text]<\/p>\n<h5 style=\"text-align: left;\"><img class=\"aligncenter wp-image-6600 size-full\" src=\"https:\/\/www.madriu-perafita-claror.ad\/wp-content\/uploads\/Perfil-itinerari-8.jpg\" alt=\"\" width=\"759\" height=\"358\" \/><\/h5>\n<p>[\/vc_column_text][\/vc_column][vc_column width=\u00a0\u00bb1\/2&Prime;][vc_column_text]<img class=\"aligncenter size-full wp-image-8552\" src=\"https:\/\/www.madriu-perafita-claror.ad\/wp-content\/uploads\/Itinerari-8-Wikiloc.jpg\" alt=\"\" width=\"848\" height=\"456\" \/><\/p>\n<p><a href=\"https:\/\/es.wikiloc.com\/rutas-senderismo\/cim-de-perafita-des-de-lestany-de-la-pera-circular-23759638\">Ici vous trouverez le trac\u00e9 approximatif, il n&rsquo;est pas pr\u00e9cis, rien n&rsquo;est plus pour doner una id\u00e9e du parcours<\/a>[\/vc_column_text][\/vc_column][\/vc_row][vc_row][vc_column][vc_column_text]<\/p>\n<h5 style=\"text-align: left;\"><strong>Difficult\u00e9: V \/ <\/strong><strong style=\"letter-spacing: 0.05em;\">D\u00e9nivel\u00e9: 627 M<\/strong><\/h5>\n<p>Itin\u00e9raire spectaculaire, exigeant et avec certains passages compliqu\u00e9s qui convient \u00e0 des personnes habitu\u00e9es \u00e0 la haute montagne. Randonneurs novices, s\u2019abstenir.<\/p>\n<p><a href=\"https:\/\/www.google.ad\/maps\/@42.4409944,1.609797,709a,20y,41.13t\/data=!3m1!1e3\">Parking des Pollineres \u00a0(CAT)<\/a>\u00a0[Acc\u00e8s par la route qui va de Lles de Cerdanya \u00e0 Martinet, en direction Aransas (Catalogne, Espagne). Prendre la direction des lacs de la Pera \u00a0jusqu\u2019au parking de les Pollineres ] \/\u00a0<a href=\"https:\/\/www.google.ad\/maps\/@42.4494524,1.5959205,862a,20y,41.08t\/data=!3m1!1e3\">Refuge des lacs de la Pera \u00a0(CAT)<\/a>\u00a0\/ GR11.10 \/ Chemin del Port \u00a0GR11.10 \/\u00a0<a href=\"https:\/\/www.google.ad\/maps\/@42.4594086,1.5951432,632a,20y,41.08t\/data=!3m1!1e3\">\u00a0Le Port de Perafita\u00a0<\/a>\u00a0\/ Suivre la cr\u00eate qui passe par le\u00a0<a href=\"https:\/\/www.google.ad\/maps\/@42.4468111,1.5848817,1453a,20y,40.95t\/data=!3m1!1e3\">Pic de Monturull<\/a>\u00a0+\u00a0<a href=\"https:\/\/www.google.ad\/maps\/@42.442596,1.5800865,1296a,20y,40.99t\/data=!3m1!1e3\">\u00a0Collada dels Clots de la Tora \u00a0+ \u00a0Torre dels Soldats\u00a0<\/a>\u00a0\/\u00a0<a href=\"https:\/\/www.google.ad\/maps\/@42.4506803,1.5635755,956a,20y,41.02t\/data=!3m1!1e3\">\u00a0Le Port Negre\u00a0<\/a>\u00a0\/ Le chemin del Port Negre \u00a0GRP \/\u00a0<a href=\"https:\/\/www.google.ad\/maps\/@42.464113,1.5633089,720a,20y,41.11t\/data=!3m1!1e3\">Refuge de Claror<\/a>\u00a0\/ Chemin de l\u2019estany de la Nou \u00a0GRP \/\u00a0<a href=\"https:\/\/www.google.ad\/maps\/@42.4741466,1.5777577,688a,20y,41.12t\/data=!3m1!1e3\">Refuge de Perafita<\/a>\u00a0\/ Chemin de \u00a0la Collada de la Maiana \u00a0GRP \/\u00a0<a href=\"https:\/\/www.google.ad\/maps\/@42.4752716,1.6001216,760a,20y,41.05t\/data=!3m1!1e3\">Pic de \u00a0la Maiana\u00a0<\/a>\u00a0\/\u00a0<a href=\"https:\/\/www.google.ad\/maps\/@42.4731183,1.6005434,905a,20y,41.05t\/data=!3m1!1e3\">\u00a0La Collada de la Maiana\u00a0<\/a>\u00a0\/\u00a0<a href=\"https:\/\/www.google.ad\/maps\/@42.4585867,1.5967426,2206a,20y,40.86t\/data=!3m1!1e3\">\u00a0Coll de Vista \u00a0+ \u00a0Tosa Plana\u00a0<\/a> \/ \u00a0Coll de Vista\u00a0 \/ Suivre la cr\u00e8te jusqu\u2019au Port de Perafita \u00a0\/ Refuge des lacs de la Pera \u00a0(CAT) \/ Parking des Pollineres \u00a0(CAT).[\/vc_column_text][\/vc_column][\/vc_row][vc_row][vc_column][vc_btn title=\u00a0\u00bbT\u00e9l\u00e9chargez l&rsquo;itin\u00e9raire ici (pdf)\u00a0\u00bb link=\u00a0\u00bburl:https%3A%2F%2Fwww.madriu-perafita-claror.ad%2Fwp-content%2Fuploads%2F2024%2F02%2FItinerari-8-fr.pdf|target:_blank\u00a0\u00bb][\/vc_column][\/vc_row]<\/p>\n<\/div>","protected":false},"excerpt":{"rendered":"<p>[vc_row][vc_column][vc_column_text] ITINERAIRE 8: Sommet de Perafita en partant de lac de la Pera (circulaire) [\/vc_column_text][\/vc_column][\/vc_row][vc_row][vc_column width=\u00a0\u00bb1\/2&Prime;][vc_column_text] [\/vc_column_text][\/vc_column][vc_column width=\u00a0\u00bb1\/2&Prime;][vc_column_text] Ici vous&#8230;<\/p>\n","protected":false},"author":1,"featured_media":0,"parent":0,"menu_order":0,"comment_status":"closed","ping_status":"closed","template":"","meta":{"_acf_changed":false,"footnotes":""},"class_list":["post-35151","page","type-page","status-publish"],"acf":[],"_links":{"self":[{"href":"https:\/\/www.madriu-perafita-claror.ad\/fr\/wp-json\/wp\/v2\/pages\/35151","targetHints":{"allow":["GET"]}}],"collection":[{"href":"https:\/\/www.madriu-perafita-claror.ad\/fr\/wp-json\/wp\/v2\/pages"}],"about":[{"href":"https:\/\/www.madriu-perafita-claror.ad\/fr\/wp-json\/wp\/v2\/types\/page"}],"author":[{"embeddable":true,"href":"https:\/\/www.madriu-perafita-claror.ad\/fr\/wp-json\/wp\/v2\/users\/1"}],"replies":[{"embeddable":true,"href":"https:\/\/www.madriu-perafita-claror.ad\/fr\/wp-json\/wp\/v2\/comments?post=35151"}],"version-history":[{"count":0,"href":"https:\/\/www.madriu-perafita-claror.ad\/fr\/wp-json\/wp\/v2\/pages\/35151\/revisions"}],"wp:attachment":[{"href":"https:\/\/www.madriu-perafita-claror.ad\/fr\/wp-json\/wp\/v2\/media?parent=35151"}],"curies":[{"name":"wp","href":"https:\/\/api.w.org\/{rel}","templated":true}]}}