{"id":35161,"date":"2019-04-08T18:29:47","date_gmt":"2019-04-08T17:29:47","guid":{"rendered":"https:\/\/www.madriu-perafita-claror.ad\/itinerari-07"},"modified":"2024-02-26T08:14:38","modified_gmt":"2024-02-26T08:14:38","slug":"itinerari-07","status":"publish","type":"page","link":"https:\/\/www.madriu-perafita-claror.ad\/fr\/itinerari-07\/","title":{"rendered":"Itin\u00e9raire 07"},"content":{"rendered":"<div class=\"wpb-content-wrapper\"><p>[vc_row][vc_column][vc_column_text]<\/p>\n<h3 style=\"text-align: left;\"><img class=\"alignnone size-full wp-image-31560\" src=\"https:\/\/www.madriu-perafita-claror.ad\/wp-content\/uploads\/2019\/06\/Itinerari-7-Foto-Ramon-Tena.jpg\" alt=\"\" width=\"1500\" height=\"480\" srcset=\"https:\/\/www.madriu-perafita-claror.ad\/wp-content\/uploads\/2019\/06\/Itinerari-7-Foto-Ramon-Tena.jpg 1500w, https:\/\/www.madriu-perafita-claror.ad\/wp-content\/uploads\/2019\/06\/Itinerari-7-Foto-Ramon-Tena-600x192.jpg 600w, https:\/\/www.madriu-perafita-claror.ad\/wp-content\/uploads\/2019\/06\/Itinerari-7-Foto-Ramon-Tena-300x96.jpg 300w, https:\/\/www.madriu-perafita-claror.ad\/wp-content\/uploads\/2019\/06\/Itinerari-7-Foto-Ramon-Tena-768x246.jpg 768w, https:\/\/www.madriu-perafita-claror.ad\/wp-content\/uploads\/2019\/06\/Itinerari-7-Foto-Ramon-Tena-1024x328.jpg 1024w\" sizes=\"(max-width: 1500px) 100vw, 1500px\" \/><\/h3>\n<h3 style=\"text-align: left;\">ITINERAIRE 7: La Tosa del Braibal et lac Blau (circulaire)<\/h3>\n<p>[\/vc_column_text][\/vc_column][\/vc_row][vc_row][vc_column width=\u00a0\u00bb1\/2&Prime;][vc_column_text]<\/p>\n<h3 style=\"text-align: center;\"><img class=\"aligncenter wp-image-6596 size-full\" src=\"https:\/\/www.madriu-perafita-claror.ad\/wp-content\/uploads\/Perfil-itinerari-7.jpg\" alt=\"\" width=\"694\" height=\"354\" \/><\/h3>\n<p>[\/vc_column_text][\/vc_column][vc_column width=\u00a0\u00bb1\/2&Prime;][vc_column_text]<img class=\"aligncenter size-full wp-image-8523\" src=\"https:\/\/www.madriu-perafita-claror.ad\/wp-content\/uploads\/Itinerari-7-Wikiloc.jpg\" alt=\"\" width=\"848\" height=\"451\" \/><\/p>\n<p><a href=\"https:\/\/es.wikiloc.com\/rutas-senderismo\/la-tosa-de-braibal-i-lestany-blau-23060276\">Ici vous trouverez le trac\u00e9 approximatif, il n&rsquo;est pas pr\u00e9cis, rien n&rsquo;est plus pour doner una id\u00e9e du parcours<\/a>[\/vc_column_text][\/vc_column][\/vc_row][vc_row][vc_column][vc_column_text]<\/p>\n<h5 style=\"text-align: left;\">Difficult\u00e9: IV \/ D\u00e9nivel\u00e9: 1.025 M<\/h5>\n<p>Itin\u00e9raire sensationnel, magnifique, complet et un peu exigeant, o\u00f9 une certaine exp\u00e9rience et une bonne condition physique seront n\u00e9cessaires.<\/p>\n<p><a href=\"https:\/\/www.google.ad\/maps\/@42.5042783,1.5636913,735a,20y,41.23t\/data=!3m1!1e3\">arking ( Font de la Closa )<\/a>\u00a0[Acc\u00e8s par la Route d\u2019Engolasters. Prendre le premier virage \u00e0 gauche juste apr\u00e8s l\u2019\u00e9glise de Sant Miquel d\u2019Engolasters. Parking \u00a0Font de la Closa ] \/ Chemin de \u00a0Coll Jovell \u00a0\/\u00a0<a class=\"lightbox-added\" href=\"https:\/\/www.madriu-perafita-claror.ad\/wp-content\/uploads\/vista-des-de-coll-jovell.jpg\">\u00a0Coll Jovell\u00a0<\/a>\u00a0\/ Chemin de \u00a0la Tosa del Braibal \u00a0\/\u00a0<a href=\"https:\/\/www.google.ad\/maps\/@42.4959378,1.5957873,933a,20y,41.02t\/data=!3m1!1e3\">\u00a0La Tosa of Braibal\u00a0<\/a>\u00a0\/\u00a0<a href=\"https:\/\/www.google.ad\/maps\/@42.4838906,1.6203126,1917a,20y,40.51t\/data=!3m1!1e3\">Lac Blau<\/a>\u00a0\/ Chemin de l\u2019lac Blau \/ Chemin de \u00a0la Muntanya \u00a0-GR7 GR11 \/\u00a0<a href=\"https:\/\/www.google.ad\/maps\/@42.4861787,1.5935816,745a,20y,41.17t\/data=!3m1!1e3\">Refuge de Fontverd<\/a> + cabanes \u00e0 Fontverd \/ Chemin de \u00a0el Sol\u00e0 de R\u00e0mio \u00a0\/ \u00a0Coll Jovell \u00a0\/ Chemin de \u00a0Coll Jovell \u00a0\/ Parking ( Font de la Closa ).<\/p>\n<h6>(Foto: Ramon Tena)<\/h6>\n<p>[\/vc_column_text][\/vc_column][\/vc_row][vc_row][vc_column][vc_btn title=\u00a0\u00bbT\u00e9l\u00e9chargez l&rsquo;itin\u00e9raire ici (pdf)\u00a0\u00bb link=\u00a0\u00bburl:https%3A%2F%2Fwww.madriu-perafita-claror.ad%2Fwp-content%2Fuploads%2F2024%2F02%2FItinerari-7-fr.pdf|title:Itin%C3%A9raire%2007|target:_blank\u00a0\u00bb][\/vc_column][\/vc_row]<\/p>\n<\/div>","protected":false},"excerpt":{"rendered":"<p>[vc_row][vc_column][vc_column_text] ITINERAIRE 7: La Tosa del Braibal et lac Blau (circulaire) [\/vc_column_text][\/vc_column][\/vc_row][vc_row][vc_column width=\u00a0\u00bb1\/2&Prime;][vc_column_text] [\/vc_column_text][\/vc_column][vc_column width=\u00a0\u00bb1\/2&Prime;][vc_column_text] Ici vous trouverez le trac\u00e9&#8230;<\/p>\n","protected":false},"author":1,"featured_media":0,"parent":0,"menu_order":0,"comment_status":"closed","ping_status":"closed","template":"","meta":{"_acf_changed":false,"footnotes":""},"class_list":["post-35161","page","type-page","status-publish"],"acf":[],"_links":{"self":[{"href":"https:\/\/www.madriu-perafita-claror.ad\/fr\/wp-json\/wp\/v2\/pages\/35161","targetHints":{"allow":["GET"]}}],"collection":[{"href":"https:\/\/www.madriu-perafita-claror.ad\/fr\/wp-json\/wp\/v2\/pages"}],"about":[{"href":"https:\/\/www.madriu-perafita-claror.ad\/fr\/wp-json\/wp\/v2\/types\/page"}],"author":[{"embeddable":true,"href":"https:\/\/www.madriu-perafita-claror.ad\/fr\/wp-json\/wp\/v2\/users\/1"}],"replies":[{"embeddable":true,"href":"https:\/\/www.madriu-perafita-claror.ad\/fr\/wp-json\/wp\/v2\/comments?post=35161"}],"version-history":[{"count":0,"href":"https:\/\/www.madriu-perafita-claror.ad\/fr\/wp-json\/wp\/v2\/pages\/35161\/revisions"}],"wp:attachment":[{"href":"https:\/\/www.madriu-perafita-claror.ad\/fr\/wp-json\/wp\/v2\/media?parent=35161"}],"curies":[{"name":"wp","href":"https:\/\/api.w.org\/{rel}","templated":true}]}}