{"id":35178,"date":"2019-04-08T18:27:28","date_gmt":"2019-04-08T17:27:28","guid":{"rendered":"https:\/\/www.madriu-perafita-claror.ad\/itinerari-04"},"modified":"2024-02-26T08:35:08","modified_gmt":"2024-02-26T08:35:08","slug":"itineraire-04","status":"publish","type":"page","link":"https:\/\/www.madriu-perafita-claror.ad\/fr\/itineraire-04\/","title":{"rendered":"Itin\u00e9raire 04"},"content":{"rendered":"<div class=\"wpb-content-wrapper\"><p>[vc_row][vc_column][vc_column_text]<\/p>\n<h3 style=\"text-align: left;\"><span style=\"letter-spacing: 0.05em;\"><img class=\"alignnone wp-image-31553 size-full\" src=\"https:\/\/www.madriu-perafita-claror.ad\/wp-content\/uploads\/2019\/06\/Itinerari-4.jpg\" alt=\"\" width=\"1500\" height=\"480\" srcset=\"https:\/\/www.madriu-perafita-claror.ad\/wp-content\/uploads\/2019\/06\/Itinerari-4.jpg 1500w, https:\/\/www.madriu-perafita-claror.ad\/wp-content\/uploads\/2019\/06\/Itinerari-4-600x192.jpg 600w\" sizes=\"(max-width: 1500px) 100vw, 1500px\" \/><\/span><\/h3>\n<h3 style=\"text-align: left;\"><span style=\"letter-spacing: 0.05em;\">ITINERAIRE 4: Lac de la Nou \u2013 Claror \u2013 Perafita (circulaire)<br \/>\n<\/span><\/h3>\n<p>[\/vc_column_text][\/vc_column][\/vc_row][vc_row][vc_column width=\u00a0\u00bb1\/2&Prime;][vc_column_text]<\/p>\n<h5 style=\"text-align: left;\"><img class=\"aligncenter wp-image-6584 size-full\" src=\"https:\/\/www.madriu-perafita-claror.ad\/wp-content\/uploads\/Perfil-itinerari-4.jpg\" alt=\"\" width=\"683\" height=\"351\" \/><\/h5>\n<p>[\/vc_column_text][\/vc_column][vc_column width=\u00a0\u00bb1\/2&Prime;][vc_column_text]<img class=\"aligncenter size-full wp-image-8483\" src=\"https:\/\/www.madriu-perafita-claror.ad\/wp-content\/uploads\/Itinerari-4-Wikiloc.jpg\" alt=\"\" width=\"850\" height=\"452\" \/><a href=\"https:\/\/es.wikiloc.com\/rutas-senderismo\/estany-de-la-nou-claror-perafita-circular-23487191\">Ici vous trouverez la trac\u00e9 approximatif, il n&rsquo;est pas pr\u00e9cis, rien n&rsquo;est plus pour doner una id\u00e9e du parcours<\/a>[\/vc_column_text][\/vc_column][\/vc_row][vc_row][vc_column][vc_column_text]<\/p>\n<h5 style=\"text-align: left;\">Difficult\u00e9: III \/ D\u00e9nivel\u00e9: 1.045 M<\/h5>\n<p>Itin\u00e9raire complet o\u00f9 une condition physique moyenne est recommand\u00e9e.<\/p>\n<p><a href=\"https:\/\/www.google.ad\/maps\/@42.5045844,1.5470839,1093m\/data=!3m1!1e3\">La Plana\u00a0<\/a> [Acc\u00e8s par la route de la Plana, qui est une d\u00e9viation \u00e0 droite de la route d\u2019Engolasters] \/ chemin de la Muntanya -GR7 GR11 \/\u00a0<a class=\"lightbox-added\" href=\"https:\/\/www.madriu-perafita-claror.ad\/wp-content\/uploads\/Pont-Sassanat.jpg\">\u00a0Pont Sassanat\u00a0<\/a>\u00a0\/ Chemin de \u00a0la font del Bo\u00efgot \/ Chemin de Perafita GR11.10 \/ Variante du chemin de Claror \/\u00a0<a class=\"lightbox-added\" href=\"https:\/\/www.madriu-perafita-claror.ad\/wp-content\/uploads\/ruta4_Cabana-de-Claror.jpg\">Cabane de Claror<\/a>\u00a0\/\u00a0<a href=\"https:\/\/www.google.ad\/maps\/@42.464113,1.5633089,720a,20y,41.11t\/data=!3m1!1e3\">Refuge de Claror<\/a>\u00a0\/ Chemin de \u00a0l\u2019estany de la Nou \u00a0GRP \/\u00a0<a href=\"https:\/\/www.google.ad\/maps\/@42.4697383,1.5746694,756a,20y,41.12t\/data=!3m1!1e3\">L\u2019lac de \u00a0la Nou\u00a0<\/a>\u00a0\/\u00a0<a href=\"https:\/\/www.google.ad\/maps\/@42.4741466,1.5777577,688a,20y,41.12t\/data=!3m1!1e3\">Refuge de Perafita<\/a>\u00a0\/\u00a0<a class=\"lightbox-added\" href=\"https:\/\/www.madriu-perafita-claror.ad\/wp-content\/uploads\/Cabana-de-Perafita.jpg\">Cabane de Perafita<\/a> \/ Chemin de \u00a0la Tallada \u00a0(aussi coonnu comme Chemin del R\u00f2dol ) \/ Chemin de la Muntanya \u00a0-GR7 GR11 \/ \u00a0La Plana.[\/vc_column_text][\/vc_column][\/vc_row][vc_row][vc_column][vc_btn title=\u00a0\u00bbT\u00e9l\u00e9chargez l&rsquo;itin\u00e9raire ici (pdf)\u00a0\u00bb link=\u00a0\u00bburl:https%3A%2F%2Fwww.madriu-perafita-claror.ad%2Fwp-content%2Fuploads%2F2024%2F02%2FItinerari-4-fr.pdf|target:_blank\u00a0\u00bb][\/vc_column][\/vc_row]<\/p>\n<\/div>","protected":false},"excerpt":{"rendered":"<p>[vc_row][vc_column][vc_column_text] ITINERAIRE 4: Lac de la Nou \u2013 Claror \u2013 Perafita (circulaire) [\/vc_column_text][\/vc_column][\/vc_row][vc_row][vc_column width=\u00a0\u00bb1\/2&Prime;][vc_column_text] [\/vc_column_text][\/vc_column][vc_column width=\u00a0\u00bb1\/2&Prime;][vc_column_text]Ici vous trouverez la trac\u00e9&#8230;<\/p>\n","protected":false},"author":1,"featured_media":0,"parent":0,"menu_order":0,"comment_status":"closed","ping_status":"closed","template":"","meta":{"_acf_changed":false,"footnotes":""},"class_list":["post-35178","page","type-page","status-publish"],"acf":[],"_links":{"self":[{"href":"https:\/\/www.madriu-perafita-claror.ad\/fr\/wp-json\/wp\/v2\/pages\/35178","targetHints":{"allow":["GET"]}}],"collection":[{"href":"https:\/\/www.madriu-perafita-claror.ad\/fr\/wp-json\/wp\/v2\/pages"}],"about":[{"href":"https:\/\/www.madriu-perafita-claror.ad\/fr\/wp-json\/wp\/v2\/types\/page"}],"author":[{"embeddable":true,"href":"https:\/\/www.madriu-perafita-claror.ad\/fr\/wp-json\/wp\/v2\/users\/1"}],"replies":[{"embeddable":true,"href":"https:\/\/www.madriu-perafita-claror.ad\/fr\/wp-json\/wp\/v2\/comments?post=35178"}],"version-history":[{"count":0,"href":"https:\/\/www.madriu-perafita-claror.ad\/fr\/wp-json\/wp\/v2\/pages\/35178\/revisions"}],"wp:attachment":[{"href":"https:\/\/www.madriu-perafita-claror.ad\/fr\/wp-json\/wp\/v2\/media?parent=35178"}],"curies":[{"name":"wp","href":"https:\/\/api.w.org\/{rel}","templated":true}]}}