{"id":35191,"date":"2019-04-08T18:25:51","date_gmt":"2019-04-08T17:25:51","guid":{"rendered":"https:\/\/www.madriu-perafita-claror.ad\/itinerari-02"},"modified":"2024-02-26T08:21:34","modified_gmt":"2024-02-26T08:21:34","slug":"itineraire-02","status":"publish","type":"page","link":"https:\/\/www.madriu-perafita-claror.ad\/fr\/itineraire-02\/","title":{"rendered":"Itin\u00e9raire 02"},"content":{"rendered":"<div class=\"wpb-content-wrapper\"><p>[vc_row][vc_column][vc_column_text]<\/p>\n<h3 style=\"text-align: left;\"><img class=\"alignnone wp-image-31551 size-full\" src=\"https:\/\/www.madriu-perafita-claror.ad\/wp-content\/uploads\/2019\/06\/Itinerari-2.jpg\" alt=\"\" width=\"1500\" height=\"480\" srcset=\"https:\/\/www.madriu-perafita-claror.ad\/wp-content\/uploads\/2019\/06\/Itinerari-2.jpg 1500w, https:\/\/www.madriu-perafita-claror.ad\/wp-content\/uploads\/2019\/06\/Itinerari-2-600x192.jpg 600w\" sizes=\"(max-width: 1500px) 100vw, 1500px\" \/><\/h3>\n<h3 style=\"text-align: left;\">ITINERAIRE 2: Madriu \u2013 Collada de la Maiana \u2013 Perafita (circulaire)<\/h3>\n<p>[\/vc_column_text][\/vc_column][\/vc_row][vc_row][vc_column width=\u00a0\u00bb1\/2&Prime;][vc_column_text]<\/p>\n<h2 style=\"text-align: center;\"><img class=\"aligncenter size-full wp-image-6570\" src=\"https:\/\/www.madriu-perafita-claror.ad\/wp-content\/uploads\/Perfil-itinerari-2.jpg\" alt=\"\" width=\"879\" height=\"474\" \/><\/h2>\n<p>[\/vc_column_text][\/vc_column][vc_column width=\u00a0\u00bb1\/2&Prime;][vc_column_text]<img class=\"aligncenter size-full wp-image-8476\" src=\"https:\/\/www.madriu-perafita-claror.ad\/wp-content\/uploads\/Itinerari-2-Wikiloc.jpg\" alt=\"\" width=\"848\" height=\"449\" \/><a href=\"https:\/\/es.wikiloc.com\/rutas-senderismo\/madriu-collada-de-la-maiana-perafita-circular-23485360\">Ici vous trouverez le trac\u00e9 approximatif, il n&rsquo;est pas pr\u00e9cis, rien n&rsquo;est plus pour doner una id\u00e9e du parcours<\/a>[\/vc_column_text][\/vc_column][\/vc_row][vc_row][vc_column][vc_column_text]<\/p>\n<h5>Difficult\u00e9: III \/\u00a0D\u00e9nivel\u00e9: 1.194 m<\/h5>\n<p>Itin\u00e9raire d\u00e9nivel\u00e9 mais sans aucune autre difficult\u00e9, un minimum de condition physique est cependant recommand\u00e9e.<\/p>\n<p><a href=\"https:\/\/www.google.ad\/maps\/@42.5045844,1.5470839,1093m\/data=!3m1!1e3\">La Plana\u00a0<\/a> [Acc\u00e8s par la route de la Plana, qui est une d\u00e9viation \u00e0 droite de la route d\u2019Engolasters] \/ chemin de la Muntanya -GR7 GR11\/\u00a0<a class=\"lightbox-added\" href=\"https:\/\/www.madriu-perafita-claror.ad\/wp-content\/uploads\/Pont-Sassanat.jpg\">\u00a0Pont Sassanat\u00a0<\/a>\u00a0\/\u00a0<a href=\"https:\/\/www.google.ad\/maps\/@42.4905248,1.5596484,761a,20y,41.24t\/data=!3m1!1e3\">Entremesaig\u00fces<\/a>\u00a0\/\u00a0<a href=\"https:\/\/www.google.ad\/maps\/@42.4968706,1.5727691,570m\/data=!3m1!1e3\">R\u00e0mio<\/a>\u00a0\/\u00a0<a href=\"https:\/\/www.google.ad\/maps\/@42.4878042,1.5819781,1197a,20y,41.11t\/data=!3m1!1e3\">Borde de \u00a0l\u2019Estall\u00a0<\/a>\u00a0\/\u00a0<a href=\"https:\/\/www.google.ad\/maps\/@42.4861787,1.5935816,745a,20y,41.17t\/data=!3m1!1e3\">Refuge de Fontverd<\/a>\u00a0+ cabanes \u00e0 Fontverd \/\u00a0<a class=\"lightbox-added\" href=\"https:\/\/www.madriu-perafita-claror.ad\/wp-content\/uploads\/la-farga.jpg\">\u00a0La farga\u00a0<\/a>\u00a0\/\u00a0<a href=\"https:\/\/www.google.ad\/maps\/@42.4793426,1.6125105,709a,20y,41.14t\/data=!3m1!1e3\">\u00a0Pleta de l\u2019Estall Serrer\u00a0<\/a>\u00a0\/ Mines de \u00a0la Maiana \u00a0\/\u00a0<a href=\"https:\/\/www.google.ad\/maps\/@42.4731183,1.6005434,905a,20y,41.05t\/data=!3m1!1e3\">\u00a0La Collada de la Maiana\u00a0<\/a>\u00a0\/ Chemin de \u00a0la Collada de la Maiana \u00a0\/\u00a0<a href=\"https:\/\/www.google.ad\/maps\/@42.4750927,1.5845975,670a,20y,41.11t\/data=!3m1!1e3\">\u00a0Orris de Mateu\u00a0<\/a>\u00a0\/\u00a0<a href=\"https:\/\/www.google.ad\/maps\/@42.4741466,1.5777577,688a,20y,41.12t\/data=!3m1!1e3\">Refuge de Perafita<\/a>\u00a0\/ Chemin de Perafita GR11.10 \/\u00a0<a class=\"lightbox-added\" href=\"https:\/\/www.madriu-perafita-claror.ad\/wp-content\/uploads\/Cabana-de-Perafita.jpg\">Cabane de Perafita<\/a>\u00a0\/ \u00a0Pont d\u2019Entremesaig\u00fces \u00a0\/ Chemin de \u00a0la Muntanya-GR7 GR11 \/ \u00a0La Plana.[\/vc_column_text][\/vc_column][\/vc_row][vc_row][vc_column][vc_btn title=\u00a0\u00bbT\u00e9l\u00e9chargez l&rsquo;itin\u00e9raire ici (pdf)\u00a0\u00bb link=\u00a0\u00bburl:https%3A%2F%2Fwww.madriu-perafita-claror.ad%2Fwp-content%2Fuploads%2F2024%2F02%2FItinerari-2-fr.pdf|target:_blank\u00a0\u00bb][\/vc_column][\/vc_row]<\/p>\n<\/div>","protected":false},"excerpt":{"rendered":"<p>[vc_row][vc_column][vc_column_text] ITINERAIRE 2: Madriu \u2013 Collada de la Maiana \u2013 Perafita (circulaire) [\/vc_column_text][\/vc_column][\/vc_row][vc_row][vc_column width=\u00a0\u00bb1\/2&Prime;][vc_column_text] [\/vc_column_text][\/vc_column][vc_column width=\u00a0\u00bb1\/2&Prime;][vc_column_text]Ici vous trouverez le trac\u00e9&#8230;<\/p>\n","protected":false},"author":1,"featured_media":0,"parent":0,"menu_order":0,"comment_status":"closed","ping_status":"closed","template":"","meta":{"_acf_changed":false,"footnotes":""},"class_list":["post-35191","page","type-page","status-publish"],"acf":[],"_links":{"self":[{"href":"https:\/\/www.madriu-perafita-claror.ad\/fr\/wp-json\/wp\/v2\/pages\/35191","targetHints":{"allow":["GET"]}}],"collection":[{"href":"https:\/\/www.madriu-perafita-claror.ad\/fr\/wp-json\/wp\/v2\/pages"}],"about":[{"href":"https:\/\/www.madriu-perafita-claror.ad\/fr\/wp-json\/wp\/v2\/types\/page"}],"author":[{"embeddable":true,"href":"https:\/\/www.madriu-perafita-claror.ad\/fr\/wp-json\/wp\/v2\/users\/1"}],"replies":[{"embeddable":true,"href":"https:\/\/www.madriu-perafita-claror.ad\/fr\/wp-json\/wp\/v2\/comments?post=35191"}],"version-history":[{"count":0,"href":"https:\/\/www.madriu-perafita-claror.ad\/fr\/wp-json\/wp\/v2\/pages\/35191\/revisions"}],"wp:attachment":[{"href":"https:\/\/www.madriu-perafita-claror.ad\/fr\/wp-json\/wp\/v2\/media?parent=35191"}],"curies":[{"name":"wp","href":"https:\/\/api.w.org\/{rel}","templated":true}]}}