{"id":35194,"date":"2019-04-08T18:25:05","date_gmt":"2019-04-08T17:25:05","guid":{"rendered":"https:\/\/www.madriu-perafita-claror.ad\/itinerari-01-bis"},"modified":"2024-02-26T08:19:33","modified_gmt":"2024-02-26T08:19:33","slug":"itineraire-01-bis","status":"publish","type":"page","link":"https:\/\/www.madriu-perafita-claror.ad\/fr\/itineraire-01-bis\/","title":{"rendered":"Itin\u00e9raire 01 bis"},"content":{"rendered":"<div class=\"wpb-content-wrapper\"><p>[vc_row][vc_column][vc_column_text]<\/p>\n<h3 style=\"text-align: center;\"><\/h3>\n<h3 style=\"text-align: left;\"><strong><img class=\"alignnone wp-image-31549 size-full\" src=\"https:\/\/www.madriu-perafita-claror.ad\/wp-content\/uploads\/2019\/06\/Itinerari-1-bis.jpg\" alt=\"\" width=\"1500\" height=\"480\" srcset=\"https:\/\/www.madriu-perafita-claror.ad\/wp-content\/uploads\/2019\/06\/Itinerari-1-bis.jpg 1500w, https:\/\/www.madriu-perafita-claror.ad\/wp-content\/uploads\/2019\/06\/Itinerari-1-bis-600x192.jpg 600w\" sizes=\"(max-width: 1500px) 100vw, 1500px\" \/><\/strong><\/h3>\n<h3 style=\"text-align: left;\"><strong>ITINERAIRE 1 bis: <\/strong>Engolasters &#8211; Fontverd &#8211; La Plana<br \/>\n(travers\u00e9e: il faudra 2 v\u00e9hicules pour pouvoir effectuer cet itin\u00e9raire)<\/h3>\n<p>[\/vc_column_text][\/vc_column][\/vc_row][vc_row][vc_column width=\u00a0\u00bb1\/2&Prime;][vc_column_text]<img class=\"aligncenter wp-image-8454 size-full\" src=\"https:\/\/www.madriu-perafita-claror.ad\/wp-content\/uploads\/Itinerari-1-bis-Wikiloc.jpg\" alt=\"\" width=\"849\" height=\"453\" \/><a href=\"https:\/\/es.wikiloc.com\/rutas-senderismo\/engolasters-fontverd-la-plana-travessa-faran-falta-dos-vehicles-23418077\">Ici vous trouverez le trac\u00e9 approximatif, il n&rsquo;est pas pr\u00e9cis, rien n&rsquo;est plus pour doner una id\u00e9e du parcours<\/a>[\/vc_column_text][\/vc_column][\/vc_row][vc_row][vc_column][vc_column_text]<\/p>\n<h5>Difficult\u00e9: II \/ D\u00c9NIVEL\u00e9: 644 m<\/h5>\n<p>Itin\u00e9raire court, facile et bien balis\u00e9; un minimum de condition physique est cependant recommand\u00e9e.<\/p>\n<p><a href=\"https:\/\/www.google.ad\/maps\/@42.5115559,1.5689755,698a,20y,40.88t\/data=!3m1!1e3\">Parking (Circuit de les Fonts)<\/a>\u00a0[Acc\u00e8s par la Route d\u2019Engolasters. Parking au virage juste avant l\u2019lac d\u2019Engolasters] Chemin des Matxos \u00a0GR11 (le tron\u00e7on initial est \u00e9galement connu comme le circuit de les Fonts ) \/\u00a0<a class=\"lightbox-added\" href=\"https:\/\/www.madriu-perafita-claror.ad\/wp-content\/uploads\/vista-des-de-coll-jovell.jpg\">\u00a0Coll Jovell\u00a0<\/a>\u00a0\/ Chemin du Sol\u00e0 de R\u00e0mio \u00a0\/\u00a0<a href=\"https:\/\/www.google.ad\/maps\/@42.4861787,1.5935816,745a,20y,41.17t\/data=!3m1!1e3\">Refuge de Fontverd<\/a>\u00a0\/ Chemin de la Muntanya -GR7 GR11 \/\u00a0<a href=\"https:\/\/www.google.ad\/maps\/@42.4968706,1.5727691,570m\/data=!3m1!1e3\">R\u00e0mio<\/a>\u00a0\/\u00a0<a href=\"https:\/\/www.google.ad\/maps\/@42.4905248,1.5596484,761a,20y,41.24t\/data=!3m1!1e3\">Entremesaig\u00fces<\/a>\u00a0\/ Route de\u00a0<a href=\"https:\/\/www.google.ad\/maps\/@42.5045844,1.5470839,1093m\/data=!3m1!1e3\"> La Plana<\/a><\/p>\n<p>[\/vc_column_text][\/vc_column][\/vc_row][vc_row][vc_column][vc_btn title=\u00a0\u00bbT\u00e9l\u00e9chargez l&rsquo;itin\u00e9raire ici (pdf)\u00a0\u00bb link=\u00a0\u00bburl:https%3A%2F%2Fwww.madriu-perafita-claror.ad%2Fwp-content%2Fuploads%2F2024%2F02%2FItinerari-1-bis-fr.pdf|target:_blank\u00a0\u00bb][\/vc_column][\/vc_row]<\/p>\n<\/div>","protected":false},"excerpt":{"rendered":"<p>[vc_row][vc_column][vc_column_text] ITINERAIRE 1 bis: Engolasters &#8211; Fontverd &#8211; La Plana (travers\u00e9e: il faudra 2 v\u00e9hicules pour pouvoir effectuer cet itin\u00e9raire)&#8230;<\/p>\n","protected":false},"author":1,"featured_media":0,"parent":0,"menu_order":0,"comment_status":"closed","ping_status":"closed","template":"","meta":{"_acf_changed":false,"footnotes":""},"class_list":["post-35194","page","type-page","status-publish"],"acf":[],"_links":{"self":[{"href":"https:\/\/www.madriu-perafita-claror.ad\/fr\/wp-json\/wp\/v2\/pages\/35194","targetHints":{"allow":["GET"]}}],"collection":[{"href":"https:\/\/www.madriu-perafita-claror.ad\/fr\/wp-json\/wp\/v2\/pages"}],"about":[{"href":"https:\/\/www.madriu-perafita-claror.ad\/fr\/wp-json\/wp\/v2\/types\/page"}],"author":[{"embeddable":true,"href":"https:\/\/www.madriu-perafita-claror.ad\/fr\/wp-json\/wp\/v2\/users\/1"}],"replies":[{"embeddable":true,"href":"https:\/\/www.madriu-perafita-claror.ad\/fr\/wp-json\/wp\/v2\/comments?post=35194"}],"version-history":[{"count":0,"href":"https:\/\/www.madriu-perafita-claror.ad\/fr\/wp-json\/wp\/v2\/pages\/35194\/revisions"}],"wp:attachment":[{"href":"https:\/\/www.madriu-perafita-claror.ad\/fr\/wp-json\/wp\/v2\/media?parent=35194"}],"curies":[{"name":"wp","href":"https:\/\/api.w.org\/{rel}","templated":true}]}}