{"id":35211,"date":"2019-04-08T18:03:11","date_gmt":"2019-04-08T17:03:11","guid":{"rendered":"https:\/\/www.madriu-perafita-claror.ad\/camins-i-senyalitzacio"},"modified":"2024-07-10T14:36:49","modified_gmt":"2024-07-10T13:36:49","slug":"sentiers-et-balisage","status":"publish","type":"page","link":"https:\/\/www.madriu-perafita-claror.ad\/fr\/sentiers-et-balisage\/","title":{"rendered":"Sentiers et balisage"},"content":{"rendered":"<div class=\"wpb-content-wrapper\"><p>[vc_row][vc_column][vc_separator][vc_single_image image=\u00a0\u00bb34467&Prime; img_size=\u00a0\u00bbfull\u00a0\u00bb][\/vc_column][\/vc_row][vc_row][vc_column][vc_column_text css=\u00a0\u00bb\u00a0\u00bb]<\/p>\n<h2>SENTIERS ET BALISAGE<\/h2>\n<p>[\/vc_column_text][vc_column_text]<span id=\"result_box\" class=\"\" lang=\"fr\">L&rsquo;activit\u00e9 la plus largement r\u00e9pandue dans la vall\u00e9e est la randonn\u00e9e. Trois chemins <span class=\"\">de Grande Randonn\u00e9e<\/span>, le GR7, GR11 et le GRP, et un vaste r\u00e9seau de chemins locaux <span class=\"\">traversent<\/span> <span class=\"\">la vall\u00e9e et<\/span> sont reli\u00e9s entre eux pour acc\u00e9der aux endroits les plus cach\u00e9s <span class=\"\">de la vall\u00e9e<\/span>:<\/span><\/p>\n<h3 align=\"JUSTIFY\"><img class=\"alignnone wp-image-31437 size-full\" src=\"https:\/\/www.madriu-perafita-claror.ad\/wp-content\/uploads\/2019\/06\/planol-vmpc-1.jpg\" alt=\"\" width=\"1400\" height=\"910\" \/><\/h3>\n<p>&nbsp;<\/p>\n<table style=\"border-collapse: collapse; width: 100%;\" border=\"1\">\n<tbody>\n<tr>\n<td style=\"width: 50%;\"><strong>REFUGIS<\/strong><\/td>\n<td style=\"width: 50%;\"><strong>ATRIBUTS CULTURALS<\/strong><\/td>\n<\/tr>\n<tr>\n<td style=\"width: 50%;\">A. Refugi de l&rsquo;Illa<\/td>\n<td style=\"width: 50%;\">0. CIAM<\/td>\n<\/tr>\n<tr>\n<td style=\"width: 50%;\">B. Refugi del Riu dels Orris<\/td>\n<td style=\"width: 50%;\">1. Escultures d&rsquo;Erik Dietman<\/td>\n<\/tr>\n<tr>\n<td style=\"width: 50%;\">C. Refugi de Perafita<\/td>\n<td style=\"width: 50%;\">2. Borda Sabater (en ru\u00efnes)<\/td>\n<\/tr>\n<tr>\n<td style=\"width: 50%;\">D. Refugi de Claror<\/td>\n<td style=\"width: 50%;\">3. Borda i pont Sassanat<\/td>\n<\/tr>\n<tr>\n<td style=\"width: 50%;\">E. Refugi de Fontverd<\/td>\n<td style=\"width: 50%;\">4. Bordes de R\u00e0mio (7 dempeus i 4 en ru\u00efnes)<\/td>\n<\/tr>\n<tr>\n<td style=\"width: 50%;\"><\/td>\n<td style=\"width: 50%;\">5. Infraestructures hidroel\u00e8ctriques<\/td>\n<\/tr>\n<tr>\n<td style=\"width: 50%;\"><strong>ATRIBUTS NATURALS<\/strong><\/td>\n<td style=\"width: 50%;\">6. Borda de l&rsquo;Estall<\/td>\n<\/tr>\n<tr>\n<td style=\"width: 50%;\">1. Circs glaciars<\/td>\n<td style=\"width: 50%;\">7. Cabanes de diferents per\u00edodes a Fontverd<\/td>\n<\/tr>\n<tr>\n<td style=\"width: 50%;\">2. Altipl\u00e0 de Calm de Claror<\/td>\n<td style=\"width: 50%;\">8. Farga d&rsquo;Andorra<\/td>\n<\/tr>\n<tr>\n<td style=\"width: 50%;\">3. Sistema llacustre Gargantillar-els estanys<\/td>\n<td style=\"width: 50%;\">9. Barraca de la Farga<\/td>\n<\/tr>\n<tr>\n<td style=\"width: 50%;\">4. Diflu\u00e8ncia glaciar de Vallcivera<\/td>\n<td style=\"width: 50%;\">10. Barraca de l&rsquo;estall Serrer<\/td>\n<\/tr>\n<tr>\n<td style=\"width: 50%;\">5. Cubeta glaciar suspesa de l&rsquo;Estany Blau<\/td>\n<td style=\"width: 50%;\">11. Pleta de l&rsquo;Estall Serrer<\/td>\n<\/tr>\n<tr>\n<td style=\"width: 50%;\">6. Cubeta d&rsquo;Entremesaig\u00fces<\/td>\n<td style=\"width: 50%;\">12. Cabana del serrat de la Barracota<\/td>\n<\/tr>\n<tr>\n<td style=\"width: 50%;\">7. Forma en U de la vall principal<\/td>\n<td style=\"width: 50%;\">13. Orris del riu dels Orris<\/td>\n<\/tr>\n<tr>\n<td style=\"width: 50%;\">8. Sol\u00e0 de R\u00e0mio (canals d&rsquo;allaus)<\/td>\n<td style=\"width: 50%;\">14. Orris de Setut<\/td>\n<\/tr>\n<tr>\n<td style=\"width: 50%;\">9. Riu Madriu (inter\u00e8s flor\u00edstic i paisatg\u00edstic)<\/td>\n<td style=\"width: 50%;\">15. Cabana de Setut<\/td>\n<\/tr>\n<tr>\n<td style=\"width: 50%;\">10. Estany de la Nou (inter\u00e8s geomorfol\u00f2gic i paisatg\u00edstic)<\/td>\n<td style=\"width: 50%;\">16. Cabana dels Estanys<\/td>\n<\/tr>\n<tr>\n<td style=\"width: 50%;\">11. Molleres (inter\u00e8s flor\u00edstic i funcional)<\/td>\n<td style=\"width: 50%;\">17. Infraestructures hidrol\u00e8ctriques<\/td>\n<\/tr>\n<tr>\n<td style=\"width: 50%;\">12. Bosc de ribera<\/td>\n<td style=\"width: 50%;\">18. Bordes d&rsquo;Entremesaig\u00fces (6 bordes)<\/td>\n<\/tr>\n<tr>\n<td style=\"width: 50%;\">13. Bosc higr\u00f2fil mixt<\/td>\n<td style=\"width: 50%;\">19. Borda de cal Xic<\/td>\n<\/tr>\n<tr>\n<td style=\"width: 50%;\">14. Bosc madur del R\u00f2dol-Costa Verda, h\u00e0bitat d&rsquo;esp\u00e8cies amena\u00e7ades<\/td>\n<td style=\"width: 50%;\">20. Orris de Mateu<\/td>\n<\/tr>\n<tr>\n<td style=\"width: 50%;\"><\/td>\n<td style=\"width: 50%;\">21. Cabana de Claror<\/td>\n<\/tr>\n<tr>\n<td style=\"width: 50%;\"><\/td>\n<td style=\"width: 50%;\">22. Orris de Perafita<\/td>\n<\/tr>\n<tr>\n<td style=\"width: 50%;\"><\/td>\n<td style=\"width: 50%;\">23. Mines de Maiana<\/td>\n<\/tr>\n<tr>\n<td style=\"width: 50%;\"><\/td>\n<td style=\"width: 50%;\">24. Cabana de Perafita<\/td>\n<\/tr>\n<\/tbody>\n<\/table>\n<p>&nbsp;<\/p>\n<table style=\"border-collapse: collapse; width: 100%;\" border=\"1\">\n<tbody>\n<tr style=\"height: 50px;\">\n<td style=\"width: 40.4633%; height: 50px;\"><strong>CHEMIN<\/strong><\/td>\n<td style=\"width: 11.3128%; height: 50px; text-align: center;\"><strong>LONGITUDE<\/strong><\/td>\n<td style=\"width: 13.3398%; height: 50px; text-align: center;\"><strong>D\u00c9NIVEL\u00c9 POSITIF<\/strong><\/td>\n<td style=\"width: 14.8842%; height: 50px; text-align: center;\"><strong>D\u00c9NIVEL\u00c9 N\u00c9GATIF<\/strong><\/td>\n<td style=\"width: 20%; height: 50px; text-align: center;\"><strong>DIFFICULT\u00c9<\/strong><\/td>\n<\/tr>\n<tr style=\"height: 25px;\">\n<td style=\"width: 40.4633%; height: 24px;\">GRP du Port Negre \u00e0 la Collada de Pessons<\/td>\n<td style=\"width: 11.3128%; height: 24px; text-align: center;\">14,86 km<\/td>\n<td style=\"width: 13.3398%; height: 24px; text-align: center;\">1.200 m<\/td>\n<td style=\"width: 14.8842%; height: 24px; text-align: center;\">1.000 m<\/td>\n<td style=\"width: 20%; height: 24px; text-align: center;\">Difficile<\/td>\n<\/tr>\n<tr style=\"height: 25px;\">\n<td style=\"width: 40.4633%; height: 25px;\">GR 11.10 de la Plana au Port de Perafita<\/td>\n<td style=\"width: 11.3128%; height: 25px; text-align: center;\">6,55 km<\/td>\n<td style=\"width: 13.3398%; height: 25px; text-align: center;\">1.350 m<\/td>\n<td style=\"width: 14.8842%; height: 25px; text-align: center;\">8 m<\/td>\n<td style=\"width: 20%; height: 25px; text-align: center;\">Mod\u00e9r\u00e9<\/td>\n<\/tr>\n<tr style=\"height: 25px;\">\n<td style=\"width: 40.4633%; height: 25px;\">GR 7 de la Plana \u00e0 la collada de Pessons<\/td>\n<td style=\"width: 11.3128%; height: 25px; text-align: center;\">12,55 km<\/td>\n<td style=\"width: 13.3398%; height: 25px; text-align: center;\">1.600 m<\/td>\n<td style=\"width: 14.8842%; height: 25px; text-align: center;\">&#8211;<\/td>\n<td style=\"width: 20%; height: 25px; text-align: center;\">Mod\u00e9r\u00e9<\/td>\n<\/tr>\n<\/tbody>\n<\/table>\n<p>[\/vc_column_text][vc_separator color=\u00a0\u00bbwhite\u00a0\u00bb border_width=\u00a0\u00bb10&Prime; css=\u00a0\u00bb.vc_custom_1560343966384{padding-top: 50px !important;}\u00a0\u00bb][\/vc_column][\/vc_row][vc_row][vc_column width=\u00a0\u00bb1\/2&Prime;][vc_column_text]<\/p>\n<h4 align=\"JUSTIFY\">COMPRENDRE LA SIGNALISATION:<\/h4>\n<p><img class=\"alignnone size-full wp-image-30690\" src=\"https:\/\/www.madriu-perafita-claror.ad\/wp-content\/uploads\/2019\/04\/Senyal-EE_2-1024x455.jpg\" alt=\"\" width=\"1024\" height=\"455\" \/><!--:--><!--:es--><!--:-->[\/vc_column_text][vc_column_text]Dans la bande sup\u00e9rieure, de couleur verte, figure l\u2019\u00e9cusson et le nom du <em>Com\u00fa<\/em>, et dans la partie ext\u00e9rieure du panneau indicateur le logotype de la vall\u00e9e du Madriu-Perafita-Claror (dans les zones d\u2019administration conjointe, seul appara\u00eet le logotype de la vall\u00e9e).<\/p>\n<p>La bande centrale du panneau, de couleur neutre, comporte trois destinations significatives : l\u2019une qui est proche, une autre interm\u00e9diaire et une troisi\u00e8me, la plus \u00e9loign\u00e9e. Ces destinations peuvent \u00eatre des valeurs naturelles ou culturelles et affichent, sur la droite, la dur\u00e9e du trajet, et sur la gauche l\u2019icone du genre de destination. \u00c0 signaler que tous les organismes officiels d\u00e9cid\u00e8rent d\u2019unifier ces icones afin qu\u2019ils soient les m\u00eames dans tous les supports officiels (cartes, plans, guides, etc.).<\/p>\n<p>Si la nature du chemin pour acc\u00e9der \u00e0 la destination signal\u00e9e change par rapport \u00e0 celui que le randonneur suit, avant la distance doit figurer la marque associ\u00e9e au genre de chemin (GR, GRP, CI ou CC).<\/p>\n<p>La direction du chemin est indiqu\u00e9e \u00e0 l\u2019aide d\u2019une fl\u00e8che situ\u00e9e dans la partie inf\u00e9rieure du panneau.<\/p>\n<p>La bande inf\u00e9rieure du panneau est de la m\u00eame couleur que la sup\u00e9rieure. Dans la bande int\u00e9rieure sont signal\u00e9s les genres de sentier p\u00e9destres (GR, GRP, CI ou CC), variantes \u00e9questres ou de VTT, avec la marque associ\u00e9e. Sur la partie ext\u00e9rieure appara\u00eet la marque Andorre en noir. Entre ces deux informations, s\u2019il existe, figure toujours le nom du chemin ou sentier.[\/vc_column_text][\/vc_column][vc_column width=\u00a0\u00bb1\/2&Prime;][vc_column_text]<\/p>\n<h4 align=\"JUSTIFY\">LA SIGNALISATION INTERPR\u00c9TATIVE:<\/h4>\n<p style=\"text-align: left;\"><img class=\"alignnone wp-image-31543 size-full\" src=\"https:\/\/www.madriu-perafita-claror.ad\/wp-content\/uploads\/2019\/06\/Senyal.jpg\" alt=\"\" width=\"575\" height=\"382\" \/><em>Panneau \u00e0 Fontverd<\/em><\/p>\n<p style=\"text-align: left;\">Mis \u00e0 part les signaux d&rsquo;orientation, en vous balladans dans la vall\u00e9e, vous trouverez les 13 panneaux d&rsquo;interpr\u00e9tation qui vous aideront \u00e0 interpr\u00e9ter et \u00e0 lire le paysage. Voyons voir si vous les trouvez tous!<\/p>\n<p>[\/vc_column_text][\/vc_column][\/vc_row]<\/p>\n<\/div>","protected":false},"excerpt":{"rendered":"<p>[vc_row][vc_column][vc_separator][vc_single_image image=\u00a0\u00bb34467&Prime; img_size=\u00a0\u00bbfull\u00a0\u00bb][\/vc_column][\/vc_row][vc_row][vc_column][vc_column_text css=\u00a0\u00bb\u00a0\u00bb] SENTIERS ET BALISAGE [\/vc_column_text][vc_column_text]L&rsquo;activit\u00e9 la plus largement r\u00e9pandue dans la vall\u00e9e est la randonn\u00e9e. Trois chemins&#8230;<\/p>\n","protected":false},"author":1,"featured_media":0,"parent":0,"menu_order":0,"comment_status":"closed","ping_status":"closed","template":"","meta":{"_acf_changed":false,"footnotes":""},"class_list":["post-35211","page","type-page","status-publish"],"acf":[],"_links":{"self":[{"href":"https:\/\/www.madriu-perafita-claror.ad\/fr\/wp-json\/wp\/v2\/pages\/35211","targetHints":{"allow":["GET"]}}],"collection":[{"href":"https:\/\/www.madriu-perafita-claror.ad\/fr\/wp-json\/wp\/v2\/pages"}],"about":[{"href":"https:\/\/www.madriu-perafita-claror.ad\/fr\/wp-json\/wp\/v2\/types\/page"}],"author":[{"embeddable":true,"href":"https:\/\/www.madriu-perafita-claror.ad\/fr\/wp-json\/wp\/v2\/users\/1"}],"replies":[{"embeddable":true,"href":"https:\/\/www.madriu-perafita-claror.ad\/fr\/wp-json\/wp\/v2\/comments?post=35211"}],"version-history":[{"count":0,"href":"https:\/\/www.madriu-perafita-claror.ad\/fr\/wp-json\/wp\/v2\/pages\/35211\/revisions"}],"wp:attachment":[{"href":"https:\/\/www.madriu-perafita-claror.ad\/fr\/wp-json\/wp\/v2\/media?parent=35211"}],"curies":[{"name":"wp","href":"https:\/\/api.w.org\/{rel}","templated":true}]}}