{"id":35227,"date":"2019-04-08T17:15:55","date_gmt":"2019-04-08T16:15:55","guid":{"rendered":"https:\/\/www.madriu-perafita-claror.ad\/acces-i-aparcaments"},"modified":"2024-07-10T14:36:31","modified_gmt":"2024-07-10T13:36:31","slug":"acces-et-les-parquings","status":"publish","type":"page","link":"https:\/\/www.madriu-perafita-claror.ad\/fr\/acces-et-les-parquings\/","title":{"rendered":"L&rsquo;acc\u00e8s et les parquings"},"content":{"rendered":"<div class=\"wpb-content-wrapper\"><p>[vc_row][vc_column][vc_separator][vc_single_image image=\u00a0\u00bb34824&Prime; img_size=\u00a0\u00bbfull\u00a0\u00bb][\/vc_column][\/vc_row][vc_row][vc_column][vc_column_text css=\u00a0\u00bb\u00a0\u00bb]<\/p>\n<h2>l&rsquo;acc\u00e8s et les parquings<\/h2>\n<p>[\/vc_column_text][vc_column_text]<!--:ca--><\/p>\n<p align=\"JUSTIFY\">Vous trouverez ici une description des principaux acc\u00e8s \u00e0 la vall\u00e9e. Toutefois, il faut tenir compte qu\u2019il y en a beaucoup d\u2019autres, chacun de ces chemins poss\u00e9dant plusieurs bifurcations ou alternatives. Ceux qui figurent ci-dessous sont n\u00e9anmoins les plus importants et, \u00e9galement, ceux qui sont balis\u00e9s et signalis\u00e9s.<\/p>\n<p align=\"JUSTIFY\"><strong>N&rsquo;oubliez pas que la vall\u00e9e du Madriu-Perafita-Claror est un environnement avec des sentiers uniquement p\u00e9destres, les v\u00e9hicules motoris\u00e9s y sont interdits.<\/strong><\/p>\n<p>[\/vc_column_text][\/vc_column][\/vc_row][vc_row][vc_column width=\u00a0\u00bb1\/2&Prime;][vc_single_image image=\u00a0\u00bb34434&Prime; img_size=\u00a0\u00bbfull\u00a0\u00bb onclick=\u00a0\u00bbcustom_link\u00a0\u00bb img_link_target=\u00a0\u00bb_blank\u00a0\u00bb link=\u00a0\u00bbhttps:\/\/www.madriu-perafita-claror.ad\/wp-content\/uploads\/2019\/06\/accesos.pdf\u00a0\u00bb][\/vc_column][vc_column width=\u00a0\u00bb1\/2&Prime;][vc_single_image image=\u00a0\u00bb34431&Prime; img_size=\u00a0\u00bbfull\u00a0\u00bb onclick=\u00a0\u00bbcustom_link\u00a0\u00bb img_link_target=\u00a0\u00bb_blank\u00a0\u00bb link=\u00a0\u00bbhttps:\/\/www.madriu-perafita-claror.ad\/wp-content\/uploads\/2019\/06\/accesos.pdf\u00a0\u00bb][\/vc_column][\/vc_row][vc_row][vc_column][vc_tta_tabs][vc_tta_section title=\u00a0\u00bbDepuis Encamp\u00a0\u00bb tab_id=\u00a0\u00bb1559742248338-f26e82c1-bda0&Prime;][vc_column_text]<!--:ca--><\/p>\n<h5>Depuis la Pleta dels Orris <a href=\"https:\/\/www.google.ad\/maps\/@42.5376039,1.6324148,803m\/data=!3m1!1e3\"><img class=\"alignnone size-full wp-image-36211\" src=\"https:\/\/www.madriu-perafita-claror.ad\/wp-content\/uploads\/2019\/08\/unnamed.png\" alt=\"\" width=\"25\" height=\"25\" \/><\/a><\/h5>\n<p>Pour atteindre la Pleta des Orris, il faut aller jusqu\u2019au bout de la route dels Cortals (CS-220) o\u00f9 se situe une zone de parking pour se garer. Reculer ensuite, \u00e0 pied, jusqu\u2019au mur d\u2019escalade. Il faut ensuite traverser le pont suspendu pour atteindre la Pleta dels Orris o\u00f9 deux possibilit\u00e9s s\u2019ouvrent au visiteur :<\/p>\n<p align=\"JUSTIFY\">1.- soit continuer par le m\u00eame chemin qui passe par la cr\u00eate jusqu\u2019au Pic de Griu puis par le col de la Collada d&rsquo;Emportona, pour suivre ensuite le GR7 jusqu\u2019au refuge de l&rsquo;Illa (ce chemin passe par le col de la Collada de Pessons).<\/p>\n<p align=\"JUSTIFY\">2.- soit emprunter le chemin du Campe\u00e0 qui traverse l&rsquo;Obac dels Cortals, arrive au lac d&rsquo;Ensagents et continue jusqu\u2019au col de la Collada de Pessons.<\/p>\n<h5>Depuis Ensagents <a href=\"https:\/\/www.google.ad\/maps\/@42.5338531,1.6056669,401m\/data=!3m1!1e3\"><img class=\"alignnone size-full wp-image-36211\" src=\"https:\/\/www.madriu-perafita-claror.ad\/wp-content\/uploads\/2019\/08\/unnamed.png\" alt=\"\" width=\"25\" height=\"25\" \/><\/a><\/h5>\n<p align=\"JUSTIFY\">Prendre la route Dels Cortals (CS-220) et, \u00e0 environ 1 km apr\u00e8s l\u2019\u00e9glise de Sant Jaume dels Cortals, un panneau signale le chemin d\u2019entr\u00e9e \u00e0 la vall\u00e9e. Suivre le GRP jusqu\u2019au col de la Collada de Pessons (en passant par le refuge d&rsquo;Ensagents) et l\u00e0, prendre le GR7 jusqu\u2019au refuge de l&rsquo;Illa.<\/p>\n<h5>Par le chemin d&rsquo;els agols\u00a0 <a href=\"https:\/\/www.google.ad\/maps\/@42.5297662,1.5996931,803m\/data=!3m1!1e3\"><img class=\"alignnone size-full wp-image-36211\" src=\"https:\/\/www.madriu-perafita-claror.ad\/wp-content\/uploads\/2019\/08\/unnamed.png\" alt=\"\" width=\"25\" height=\"25\" \/><\/a><\/h5>\n<p>Le d\u00e9but du chemin se situe au croisement entre la route dite Dels Cortals (CS-220) et la Borde des Pardines, un peu avant le point kilom\u00e9trique PK3 de la CS 220, \u00e0 droite d\u2019un r\u00e9servoir d\u2019eau et o\u00f9 se trouve une zone de parking. Un panneau en aluminium signale le d\u00e9but du chemin. Emprunter ce chemin qui suit le parcours du GRP, en passant par les lacs Estanys Forcats, jusqu\u2019au refuge de l&rsquo;Illa.<\/p>\n<h5>Depuis Pessons\u00a0 <a href=\"https:\/\/www.google.ad\/maps\/@42.5298764,1.6954591,1605m\/data=!3m1!1e3\"><img class=\"alignnone size-full wp-image-36211\" src=\"https:\/\/www.madriu-perafita-claror.ad\/wp-content\/uploads\/2019\/08\/unnamed.png\" alt=\"\" width=\"25\" height=\"25\" \/><\/a><\/h5>\n<p>Nous remonterons la route CG-2\u00a0 jusqu&rsquo;\u00e0 Grau Roig, o\u00f9 nous laisserons la voiture pour continuer \u00e0 pied jusqu&rsquo;au premier des \u00e9tangs des Pessons (l&rsquo;\u00e9tang Primer), d&rsquo;ici nous avons deux fa\u00e7ons d&rsquo;arriver \u00e0 l&rsquo;\u00eele.<\/p>\n<p>1.- par le col des Pessons : nous suivons le GR7\/GRP qui passe par les lacs : Primer, Forcat, rond, Meligar, et Pessons, jusqu&rsquo;\u00e0 atteindre le col du m\u00eame nom et d&rsquo;ici au refuge de l&rsquo;Ile .<\/p>\n<p>2.- par le col de Montmal\u00fas : prendre le sentier qui monte le col de Montmal\u00fas et le lac Coma Estremera, quelques m\u00e8tres apr\u00e8s le col, bifurquer \u00e0 droite en direction du refuge de l\u2019Illa (balisage jaune)[\/vc_column_text][\/vc_tta_section][vc_tta_section title=\u00a0\u00bbDepuis Andorra la Vella\u00a0\u00bb tab_id=\u00a0\u00bb1559742248431-365d20fc-9f22&Prime;][vc_column_text]<!--:ca--><\/p>\n<h5>Par la route de la Comella (CS 101)\u00a0 <a href=\"https:\/\/www.google.ad\/maps\/@42.4985681,1.530439,3a,60y,186.56h,80.96t\/data=!3m6!1e1!3m4!1s6jS6uZnX9IuuSitoxZLJPQ!2e0!7i13312!8i6656\"><img class=\"alignnone size-full wp-image-36211\" src=\"https:\/\/www.madriu-perafita-claror.ad\/wp-content\/uploads\/2019\/08\/unnamed.png\" alt=\"\" width=\"25\" height=\"25\" \/><\/a><\/h5>\n<p>Il s\u2019agit du principal acc\u00e8s depuis Andorra la Vella. \u00c0 environ 4 km en suivant la route de la Comella, on atteint une aire de pique nique, \u00e0 c\u00f4t\u00e9 de l\u2019auberge de la Comella o\u00f9 se situe \u00e9galement un parking pour voitures. De cet endroit d\u00e9marre le chemin qui monte jusqu\u2019au Prat Primer par le Riguer, en passant par le lieu-dit Cortal de la Plana. Apr\u00e8s avoir atteint Prat Primer, il faut continuer en empruntant un fort d\u00e9nivel\u00e9 qui conduit jusqu\u2019au refuge de Prat Primer, d\u2019o\u00f9 l\u2019on acc\u00e8de \u00e0 la vall\u00e9e, aussi bien par le chemin de gauche (par le Coll Pa) qu\u2019en continuant tout droit (par le col de la Collada de Prat Primer). Les deux chemins conduisent \u00e0 Claror qui est l\u2019entr\u00e9e de la vall\u00e9e du Madriu-Perafita-Claror.<br \/>\nUne option moins directe que le chemin de Prat Primer consiste \u00e0 emprunter la piste foresti\u00e8re : depuis le m\u00eame point de d\u00e9part que l\u2019itin\u00e9raire pr\u00e9c\u00e9dent, prendre la piste foresti\u00e8re, continuer par le chemin dit de Palomera puis par celui du Planell de Ras. Poursuivre en direction du col de la Collada de la Ca\u00fclla en passant par le chemin de Maians pour, finalement, emprunter le chemin de Certeressos jusqu\u2019au refuge de Prat Primer.<\/p>\n<h5>Depuis le pont de la Margineda (situ\u00e9 \u00e0 Santa Coloma)\u00a0 <a href=\"https:\/\/www.google.ad\/maps\/@42.4836567,1.4923587,402m\/data=!3m1!1e3\"><img class=\"alignnone size-full wp-image-36211\" src=\"https:\/\/www.madriu-perafita-claror.ad\/wp-content\/uploads\/2019\/08\/unnamed.png\" alt=\"\" width=\"25\" height=\"25\" \/><\/a><\/h5>\n<p>Franchir le pont et continuer vers le chemin Ral (ancienne voie publique avant que n\u2019existent les routes). Poursuivre vers Costa Seda, puis par Pica Romana, en direction du col de la Ca\u00fclla, chemin de Certeressos et arriv\u00e9e au refuge de Prat Primer.<\/p>\n<h5>Depuis le Rec de l&rsquo;Obac d&rsquo;Andorra la Vella\u00a0 <a href=\"https:\/\/www.google.ad\/maps\/@42.5047172,1.5326275,803m\/data=!3m1!1e3\"><img class=\"alignnone size-full wp-image-36211\" src=\"https:\/\/www.madriu-perafita-claror.ad\/wp-content\/uploads\/2019\/08\/unnamed.png\" alt=\"\" width=\"25\" height=\"25\" \/><\/a><\/h5>\n<p align=\"JUSTIFY\">Une autre option consiste \u00e0 emprunter le GR7 au Rec de l&rsquo;Obac d&rsquo;Andorra la Vella (canal d\u2019irrigation situ\u00e9 dans l\u2019ubac de la vall\u00e9e), continuer par le chemin de Solobre et prendre en direction du col de la Ca\u00fclla, chemin de Certeressos et arriv\u00e9e au refuge de Prat Primer.<\/p>\n<p>[\/vc_column_text][\/vc_tta_section][vc_tta_section title=\u00a0\u00bbDepuis Sant Juli\u00e0 de L\u00f2ria\u00a0\u00bb tab_id=\u00a0\u00bb1559742248523-81e72a83-a11d\u00a0\u00bb][vc_column_text]<!--:ca--><\/p>\n<h5>Despuis la fontaine des Traginers\u00a0 <a href=\"https:\/\/www.google.es\/maps\/@42.4370704,1.5317329,3215m\/data=!3m1!1e3\"><img class=\"alignnone size-full wp-image-36211\" src=\"https:\/\/www.madriu-perafita-claror.ad\/wp-content\/uploads\/2019\/08\/unnamed.png\" alt=\"\" width=\"25\" height=\"25\" \/><\/a><\/h5>\n<p align=\"JUSTIFY\">\u00c0 la fronti\u00e8re avec l\u2019Espagne, prendre en direction du refuge de la Rabassa. Lorsque vous y arrivez, poursuivre vers Roca de Pimes, Solana de Caborreu, col de Finestres, Camp Ramonet pour atteindre le Pic Negre qui se situe d\u00e9j\u00e0 en territoire prot\u00e9g\u00e9.<\/p>\n<h5>Depuis le centre de Sant Juli\u00e0 de L\u00f2ria\u00a0 <a href=\"https:\/\/www.google.es\/maps\/@42.4676885,1.4927944,402m\/data=!3m1!1e3\"><img class=\"alignnone size-full wp-image-36211\" src=\"https:\/\/www.madriu-perafita-claror.ad\/wp-content\/uploads\/2019\/08\/unnamed.png\" alt=\"\" width=\"25\" height=\"25\" \/><\/a><\/h5>\n<p align=\"JUSTIFY\">Depuis l\u2019avenue de Can\u00f2lich, emprunter le chemin r\u00e9serv\u00e9 aux pi\u00e9tons en direction de Nagol. Le suivre en direction de Cert\u00e9s, continuer jusqu\u2019aux Bordes de Manyat en suivant le GR7, poursuivre par le col de la Ca\u00fclla, Prat Primer et vers le col Collada de Prat Primer o\u00f9 l\u2019on acc\u00e8de \u00e0 la vall\u00e9e.<br \/>\nNe pas oublier qu\u2019une fois au col de Costa Seda, il est possible d\u2019emprunter le chemin qui d\u00e9marre du pont de la Margineda d&rsquo;Andorra la Vella (les 2 chemins se croisent \u00e0 ce niveau et de nouveau au col de la Ca\u00fclla, la fin du parcours \u00e9tant la m\u00eame).<\/p>\n<h5>Depuis Perafita\u00a0 <a href=\"https:\/\/www.google.es\/maps\/@42.4708382,1.5759713,3214m\/data=!3m1!1e3\"><img class=\"alignnone size-full wp-image-36211\" src=\"https:\/\/www.madriu-perafita-claror.ad\/wp-content\/uploads\/2019\/08\/unnamed.png\" alt=\"\" width=\"25\" height=\"25\" \/><\/a><\/h5>\n<p align=\"JUSTIFY\">Depuis le Pic de Perafita, continuer vers la Torre dels Soldats jusqu\u2019au Port Negre, o\u00f9 ce chemin rejoint celui qui d\u00e9marre de la fontaine de Traginers et suit le m\u00eame parcours.<\/p>\n<h5>Par la piste foresti\u00e8re\u00a0 <a href=\"https:\/\/www.google.es\/maps\/@42.4333318,1.5342477,3216m\/data=!3m1!1e3\"><img class=\"alignnone size-full wp-image-36211\" src=\"https:\/\/www.madriu-perafita-claror.ad\/wp-content\/uploads\/2019\/08\/unnamed.png\" alt=\"\" width=\"25\" height=\"25\" \/><\/a><\/h5>\n<p>La piste foresti\u00e8re vient d\u2019Espagne (font dels Traginers) et arrive \u00e0 la Rabassa o\u00f9 elle rejoint la route secondaire. En cet endroit se situe \u00e9galement le sentier GRP qui vient du lieu dit Cortal de Folch (et auquel il est \u00e9galement possible d\u2019acc\u00e9der depuis le village d&rsquo;Arcavell, situ\u00e9 en Espagne). La piste s\u2019ach\u00e8ve \u00e0 Camp de Claror d\u2019o\u00f9 il faut emprunter le m\u00eame parcours que celui d\u00e9crit pour le chemin qui d\u00e9marre de la fontaine de Traginers.[\/vc_column_text][\/vc_tta_section][vc_tta_section title=\u00a0\u00bbDepuis Escaldes Engordany\u00a0\u00bb tab_id=\u00a0\u00bb1559742248627-c209b3e1-f92a\u00a0\u00bb][vc_column_text]<!--:ca--><\/p>\n<h5>Depuis la route de la Plana:\u00a0 <a href=\"https:\/\/www.google.ad\/maps\/@42.5043163,1.5523284,401m\/data=!3m1!1e3\"><img class=\"alignnone size-full wp-image-36211\" src=\"https:\/\/www.madriu-perafita-claror.ad\/wp-content\/uploads\/2019\/08\/unnamed.png\" alt=\"\" width=\"25\" height=\"25\" \/><\/a><\/h5>\n<p align=\"JUSTIFY\">\u00c0 une cinquantaine de m\u00e8tres du carrefour entre la route d&rsquo;Engolasters (CS-200) et la route de la Plana (CS-101), en empruntant celle-ci l\u2019on arrive au pied du chemin Cam\u00ed de Muntanya, qui est l\u2019entr\u00e9e la plus directe \u00e0 la vall\u00e9e du Madriu-Perafita-Claror depuis Escaldes-Engordany.<\/p>\n<p align=\"JUSTIFY\">&#8211; \u00c0 environ 2 km de cette entr\u00e9e, en continuant par cette toute de la Plana et juste avant d\u2019arriver \u00e0 l\u2019urbanisation de la Plana, se situe une autre voie d\u2019acc\u00e8s, celle du Rec de l&rsquo;Obac.<\/p>\n<p align=\"JUSTIFY\">&#8211; \u00c0 la Plana y arrive \u00e9galement le chemin de la Font de Ferro qui d\u00e9marre du circuit du Rec de l\u2019Obac d\u2019Andorra la Vella.<\/p>\n<p>&#8211; 50 m\u00e8tres au-dessus du croisement entre la route de la Plana et celle d\u2019Engolasters, en direction pr\u00e9cis\u00e9ment d\u2019Engolasters, se trouve une autre entr\u00e9e secondaire, celle du chemin dit de Molleres.<\/p>\n<h5>Depuis le circuit de les Fonts\u00a0 <a href=\"https:\/\/www.google.ad\/maps\/@42.5174181,1.5708467,401m\/data=!3m1!1e3\"><img class=\"alignnone size-full wp-image-36211\" src=\"https:\/\/www.madriu-perafita-claror.ad\/wp-content\/uploads\/2019\/08\/unnamed.png\" alt=\"\" width=\"25\" height=\"25\" \/><\/a><\/h5>\n<p>Au dernier virage de la route d\u2019Engolasters (CS-200) se trouve le parking du Circuit de Les Fonts. Gr\u00e2ce \u00e0 ce parking, cette entr\u00e9e est devenue l\u2019une des portes principales \u00e0 la vall\u00e9e depuis Escaldes-Engordany. De cet endroit il faut emprunter le chemin des Matxos vers Coll Jovell o\u00f9 l\u2019on acc\u00e8de \u00e0 la zone prot\u00e9g\u00e9e en suivant le m\u00eame chemin qui descend vers R\u00e0mio, soit en empruntant le chemin de la soulane de R\u00e0mio soit en suivant le chemin de la Tosa del Braibal.<\/p>\n<h5>Depuis l&rsquo;esplanade d&rsquo;Engolasters\u00a0 <a href=\"https:\/\/www.google.ad\/maps\/@42.5101249,1.5639705,401m\/data=!3m1!1e3\"><img class=\"alignnone size-full wp-image-36211\" src=\"https:\/\/www.madriu-perafita-claror.ad\/wp-content\/uploads\/2019\/08\/unnamed.png\" alt=\"\" width=\"25\" height=\"25\" \/><\/a><\/h5>\n<p>La route d&rsquo;Engolasters (CS-200) conduit \u00e0 l\u2019esplanade d\u2019Engolasters. Sur l\u2019aire de pique-nique de la fontaine de la Closa il y a deux chemins : celui de Coll Jovell (qui est le plus direct), et le chemin dit de la Canal de la Tosa, qui rejoint le chemin dit Dels Matxos.<\/p>\n<h5>Depuis le centre d&rsquo;Escaldes-Engordany\u00a0 <a href=\"https:\/\/www.google.ad\/maps\/@42.5091314,1.5454415,401m\/data=!3m1!1e3\"><img class=\"alignnone size-full wp-image-36211\" src=\"https:\/\/www.madriu-perafita-claror.ad\/wp-content\/uploads\/2019\/08\/unnamed.png\" alt=\"\" width=\"25\" height=\"25\" \/><\/a><\/h5>\n<p>Plusieurs chemins d\u2019entr\u00e9e \u00e0 la vall\u00e9e du Madriu-Perafita-Claror sont indiqu\u00e9s et balis\u00e9s depuis le centre-ville d&rsquo;Escaldes-Engordany. Nonobstant, tous ces chemins sont, \u00e0 un moment ou \u00e0 un autre, interrompus par la route de l&rsquo;Obac (CS-100).<\/p>\n<p>&#8211; Par l\u2019avenue du Pont de la Tosca, et depuis le pont du m\u00eame nom, emprunter le chemin des Molleres puis d\u2019Engolasters pour atteindre la route de l&rsquo;Obac. Trois alternatives s\u2019offrent alors : soit prendre le chemin de Molleres, soit suivre un tron\u00e7on de route et, dans le sens de la mont\u00e9e, suivre vers le chemin d\u2019Engolasters qui conduit \u00e0 l\u2019esplanade puis \u00e0 l\u2019\u00e9tang d\u2019Engolasters ou, dans le sens de la descente, emprunter le chemin de la Muntanya.<\/p>\n<p>&#8211; D\u2019autres entr\u00e9es secondaires, en partant de cette m\u00eame avenue, sont le chemin de la Canaleta (qui apr\u00e8s avoir franchi la route de l\u2019Obac rejoint le chemin de la Muntanya), et le chemin de Coll de Caldes qui d\u00e9marre de la route d\u2019Engolasters.<\/p>\n<p align=\"JUSTIFY\">&#8211; En suivant la rue de l\u2019Obac se trouve le chemin de la Plana qui conduit \u00e0 l\u2019urbanisation de la Plana d\u2019o\u00f9 il faut emprunter le chemin du Rec de l\u2019Obac.<\/p>\n<p>[\/vc_column_text][\/vc_tta_section][vc_tta_section title=\u00a0\u00bbParquings\u00a0\u00bb tab_id=\u00a0\u00bb1559742248729-07d2480f-4eec\u00a0\u00bb][vc_column_text]<!--:ca--><\/p>\n<h5 align=\"JUSTIFY\">Depuis Encamp <a href=\"https:\/\/www.google.es\/maps\/@42.5302908,1.6007527,803m\/data=!3m1!1e3\"><img class=\"alignnone size-full wp-image-36211\" src=\"https:\/\/www.madriu-perafita-claror.ad\/wp-content\/uploads\/2019\/08\/unnamed.png\" alt=\"\" width=\"25\" height=\"25\" \/><\/a><\/h5>\n<p align=\"JUSTIFY\">Pour visiter la vall\u00e9e depuis la paroisse d\u2019Encamp, on peut garer son v\u00e9hicule au parking de Grau Roig (acc\u00e8s par les lacs de Pessons), au parking de la route des Pardines (acc\u00e8s par les Agols), ou encore dans la zone de la gare interm\u00e9diaire de la t\u00e9l\u00e9cabine Funicamp, aux Cortals d\u2019Encamp (acc\u00e8s par Ensagents).<\/p>\n<h5 align=\"JUSTIFY\">au d\u00e9part d&rsquo;Andorra la Vella <a href=\"https:\/\/www.google.es\/maps\/@42.4991149,1.5306452,3a,75y,184.23h,106.74t\/data=!3m6!1e1!3m4!1sy9layNskXKO4SHAqicCpFA!2e0!7i13312!8i6656\"><img class=\"alignnone size-full wp-image-36211\" src=\"https:\/\/www.madriu-perafita-claror.ad\/wp-content\/uploads\/2019\/08\/unnamed.png\" alt=\"\" width=\"25\" height=\"25\" \/><\/a><\/h5>\n<p align=\"JUSTIFY\">\u00c0 l\u2019entr\u00e9e principale de la vall\u00e9e par Andorra la Vella, au d\u00e9but du chemin de Prat Primer, se trouve un parking gratuit, juste avant l\u2019aire de pique-nique de la Comella. Si l\u2019entr\u00e9e se fait par le Pont de la Margineda, un petit parking goudronn\u00e9, situ\u00e9 juste \u00e0 c\u00f4t\u00e9 du pont, permet de garer la voiture.<\/p>\n<h5 align=\"JUSTIFY\">au d\u00e9part de Sant Juli\u00e0 de L\u00f2ria <a href=\"https:\/\/www.google.es\/maps\/@42.4415807,1.5013253,402m\/data=!3m1!1e3\"><img class=\"alignnone size-full wp-image-36211\" src=\"https:\/\/www.madriu-perafita-claror.ad\/wp-content\/uploads\/2019\/08\/unnamed.png\" alt=\"\" width=\"25\" height=\"25\" \/><\/a><\/h5>\n<p align=\"JUSTIFY\">L\u2019entr\u00e9e par Sant Juli\u00e0 de L\u00f2ria dispose des parkings de Naturland, au niveau 2.000m.<\/p>\n<h5 align=\"JUSTIFY\">au d\u00e9part d\u2019Escaldes-Engordany <a href=\"https:\/\/www.google.es\/maps\/@42.5174823,1.5705026,3a,75y,88.62h,100.36t\/data=!3m6!1e1!3m4!1sRu0BHH5mQr4okMnKIFsucQ!2e0!7i13312!8i6656\"><img class=\"alignnone size-full wp-image-36211\" src=\"https:\/\/www.madriu-perafita-claror.ad\/wp-content\/uploads\/2019\/08\/unnamed.png\" alt=\"\" width=\"25\" height=\"25\" \/><\/a><\/h5>\n<p><span id=\"result_box\" class=\"\" lang=\"fr\"><span class=\"\">L&rsquo;entr\u00e9e du circuit des Fonts est \u00e9quip\u00e9e d&rsquo;un parking zone bleue.<\/span><br \/>\n<\/span><\/p>\n<p><span id=\"result_box\" class=\"\" lang=\"fr\">L&rsquo;entr\u00e9e principale de la vall\u00e9e par Escaldes-Engordany dispose d&rsquo;un parking barri\u00e8re. Il est situ\u00e9 juste avant de tourner \u00e0 droite, sur la route de Plana, o\u00f9 l\u2019entr\u00e9e se fait par la route de montagne.<\/span><\/p>\n<p>Finalement, le v\u00e9hicule peut \u00eatre gar\u00e9 sur le parking du Camp de Serrat, \u00e0 c\u00f4t\u00e9 du lac d\u2019Engolasters.[\/vc_column_text][\/vc_tta_section][\/vc_tta_tabs][\/vc_column][\/vc_row]<\/p>\n<\/div>","protected":false},"excerpt":{"rendered":"<p>[vc_row][vc_column][vc_separator][vc_single_image image=\u00a0\u00bb34824&Prime; img_size=\u00a0\u00bbfull\u00a0\u00bb][\/vc_column][\/vc_row][vc_row][vc_column][vc_column_text css=\u00a0\u00bb\u00a0\u00bb] l&rsquo;acc\u00e8s et les parquings [\/vc_column_text][vc_column_text] Vous trouverez ici une description des principaux acc\u00e8s \u00e0 la vall\u00e9e&#8230;.<\/p>\n","protected":false},"author":1,"featured_media":0,"parent":0,"menu_order":0,"comment_status":"closed","ping_status":"closed","template":"","meta":{"_acf_changed":false,"footnotes":""},"class_list":["post-35227","page","type-page","status-publish"],"acf":[],"_links":{"self":[{"href":"https:\/\/www.madriu-perafita-claror.ad\/fr\/wp-json\/wp\/v2\/pages\/35227","targetHints":{"allow":["GET"]}}],"collection":[{"href":"https:\/\/www.madriu-perafita-claror.ad\/fr\/wp-json\/wp\/v2\/pages"}],"about":[{"href":"https:\/\/www.madriu-perafita-claror.ad\/fr\/wp-json\/wp\/v2\/types\/page"}],"author":[{"embeddable":true,"href":"https:\/\/www.madriu-perafita-claror.ad\/fr\/wp-json\/wp\/v2\/users\/1"}],"replies":[{"embeddable":true,"href":"https:\/\/www.madriu-perafita-claror.ad\/fr\/wp-json\/wp\/v2\/comments?post=35227"}],"version-history":[{"count":0,"href":"https:\/\/www.madriu-perafita-claror.ad\/fr\/wp-json\/wp\/v2\/pages\/35227\/revisions"}],"wp:attachment":[{"href":"https:\/\/www.madriu-perafita-claror.ad\/fr\/wp-json\/wp\/v2\/media?parent=35227"}],"curies":[{"name":"wp","href":"https:\/\/api.w.org\/{rel}","templated":true}]}}