{"id":35266,"date":"2019-03-29T14:21:12","date_gmt":"2019-03-29T14:21:12","guid":{"rendered":"https:\/\/www.madriu-perafita-claror.ad\/bibliografia"},"modified":"2019-10-24T11:08:50","modified_gmt":"2019-10-24T10:08:50","slug":"bibliografia","status":"publish","type":"page","link":"https:\/\/www.madriu-perafita-claror.ad\/fr\/bibliografia\/","title":{"rendered":"Bibliographie sur les \u00e9tudes r\u00e9alis\u00e9es dans la vall\u00e9e"},"content":{"rendered":"<div class=\"wpb-content-wrapper\"><p>[vc_row][vc_column][vc_separator][vc_single_image image=\u00a0\u00bb34464&Prime; img_size=\u00a0\u00bbfull\u00a0\u00bb][\/vc_column][\/vc_row][vc_row equal_height=\u00a0\u00bbyes\u00a0\u00bb disable_element=\u00a0\u00bbyes\u00a0\u00bb css=\u00a0\u00bb.vc_custom_1553869245528{margin-top: -18px !important;margin-right: 0px !important;margin-bottom: 0px !important;margin-left: 0px !important;}\u00a0\u00bb][vc_column width=\u00a0\u00bb1\/2&Prime; css=\u00a0\u00bb.vc_custom_1457788634484{margin-left: 0px !important;padding-bottom: 400px !important;background-image: url(https:\/\/www.madriu-perafita-claror.ad\/wp-content\/uploads\/2016\/03\/5-6.jpg?id=9893) !important;background-position: center !important;background-repeat: no-repeat !important;background-size: cover !important;}\u00a0\u00bb][\/vc_column][vc_column width=\u00a0\u00bb1\/2&Prime; css=\u00a0\u00bb.vc_custom_1457788641047{margin-right: 0px !important;padding-bottom: 400px !important;background-image: url(https:\/\/www.madriu-perafita-claror.ad\/wp-content\/uploads\/2016\/03\/15.jpg?id=9913) !important;background-position: center !important;background-repeat: no-repeat !important;background-size: cover !important;}\u00a0\u00bb][\/vc_column][\/vc_row][vc_row equal_height=\u00a0\u00bbyes\u00a0\u00bb disable_element=\u00a0\u00bbyes\u00a0\u00bb css=\u00a0\u00bb.vc_custom_1553166057414{margin-right: 0px !important;margin-bottom: 0px !important;margin-left: 0px !important;}\u00a0\u00bb][vc_column width=\u00a0\u00bb1\/2&Prime; css=\u00a0\u00bb.vc_custom_1457788029212{background-image: url(https:\/\/www.madriu-perafita-claror.ad\/wp-content\/uploads\/2016\/03\/1-18.jpg?id=11923) !important;background-position: center !important;background-repeat: no-repeat !important;background-size: cover !important;}\u00a0\u00bb]<div class=\"clearboth\"><\/div><style>#thegem-divider-69e7201d37ec7 {margin-top: 25px !important;}<\/style><div id=\"thegem-divider-69e7201d37ec7\" class=\"gem-divider  \" style=\"\" ><\/div><div class=\"centered-box\"><div class=\"gem-icon gem-icon-pack-material gem-icon-size-medium  gem-icon-shape-circle \"  style=\"border-color: rgba(135,123,228,0.34);border-color: rgba(84,79,135,0.18);opacity: 1;\"><div class=\"gem-icon-inner\" style=\"background-color: rgba(135,123,228,0.34);\"><span class=\"gem-icon-half-1\" style=\"color: #ffffff;\"><span class=\"back-angle\">&#xf398;<\/span><\/span><span class=\"gem-icon-half-2\" style=\"color: #ffffff;\"><span class=\"back-angle\">&#xf398;<\/span><\/span><\/div><\/div><\/div><div class=\"clearboth\"><\/div><style>#thegem-divider-69e7201d37f2d {margin-top: 25px !important;}<\/style><div id=\"thegem-divider-69e7201d37f2d\" class=\"gem-divider  \" style=\"\" ><\/div>[vc_column_text]<\/p>\n<div class=\"title-h4\" style=\"text-align: center;\"><span style=\"color: #ffffff;\">dolor ipsum<\/span><br \/>\n<span style=\"color: #ffffff;\">dolor sit amet<\/span><\/div>\n<p>[\/vc_column_text][vc_column_text]<\/p>\n<div style=\"text-align: center;\"><span style=\"color: #ffffff;\">Lorem ipsum dolor sit amet, consectetur adipisicing elit, sed do eiusmod tempor incididunt ut labore et dolore magna aliqua.<\/span><\/div>\n<p>[\/vc_column_text][\/vc_column][vc_column width=\u00a0\u00bb1\/2&Prime; css=\u00a0\u00bb.vc_custom_1457788645891{padding-top: 400px !important;background-image: url(https:\/\/www.madriu-perafita-claror.ad\/wp-content\/uploads\/2016\/03\/3-7.jpg?id=9889) !important;background-position: center !important;background-repeat: no-repeat !important;background-size: cover !important;}\u00a0\u00bb][\/vc_column][\/vc_row][vc_row][vc_column][vc_column_text]<\/p>\n<h2>BIBLIOGRAPHIE D&rsquo;INT\u00c9R\u00caT<\/h2>\n<p>[\/vc_column_text][vc_column_text]<!--:ca--><\/p>\n<h4><b>BIBLIOGRAPHIE PUBLI\u00c9E PAR IEA<\/b><\/h4>\n<ul>\n<li>FONT BERNET, M., (2018); \u201cCaracteritzaci\u00f3 silv\u00edcola de masses protectores contra allaus de neu del la Vall del Madriu Perafita Claror\u201d. eForestland &amp; Centre d\u2019Estudis de la Neu i de la Muntanya d\u2019Andorra \u2013 IEA 42pp.<\/li>\n<li>PALAU, J., ICOMOS (2004); \u201cLa vall del Madriu-Perafita-Claror, un paisatge cultural d\u2019Andorra per al m\u00f3n\u201d H\u00e0bitats 8. Centre de Biodiversitat \u2013 IEA.<\/li>\n<li>CRECIT (2004) ; \u201cItinerari de la Vall del madriu 1\u201d Horitz\u00f3 n\u00fam. 6. Centre de Recerca en Ci\u00e8ncies de la Terra \u2013 IEA<\/li>\n<li>CRECIT (2005) ; \u201cItinerari de la Vall del madriu 2\u201d Horitz\u00f3 n\u00fam. 8. Centre de Recerca en Ci\u00e8ncies de la Terra \u2013 IEA.<\/li>\n<li>DOM\u00c8NECH, M. (2005); \u201cLes pastures supraforestals de la vall del Madriu- Perafita- Claror: producci\u00f3, qualitat i diversitat\u201d \u201d H\u00e0bitats 11. Centre de Biodiversitat \u2013 IEA.<\/li>\n<li>BERNADOU, A.; LATIL, G.; FOURCASSI\u00c9, V.; ESPADALER, X.; (2007); \u201cLes formigues de la Vall del Madriu- Perafita- Claror\u201d H\u00e0bitats 13. Centre de Biodiversitat \u2013 IEA.<\/li>\n<li>ESTEBAN AMAT, A. (1994); \u201cPrimeres dades sobre l\u2019evoluci\u00f3 de la vegetaci\u00f3 a la vall del Madriu durant l\u00b4Holoc\u00e8 superior\u201d. Annals 1994, p\u00e0g. 38-49. Institut d\u00b4Estudis Andorrans. Centre de Barcelona. Barcelona.<\/li>\n<li>G\u00d3MEZ ORTIZ, A. (1990); \u201cMapa geomorfol\u00f2gic de la vall del Madriu. Formes glacials i periglacials\u201d. Annals 1990, p\u00e0g. 13-34. Institut d\u00b4Estudis Andorrans. Centre de Barcelona. Barcelona.<\/li>\n<li>MATEO GARC\u00cdA, M. (1992); \u201cEl sector sudoriental de la Vall del Madriu: el sistema de circs glacials\u201d. Annals 1992, p\u00e0g. 43-59. Institut d\u2019Estudis Andorrans. Centre de Barcelona.<\/li>\n<li>MATEO GARC\u00cdA, M. (1993); \u201cIntroducci\u00f3 a l\u2019estudi del r\u00e8gim t\u00e8rmic de la Vall del Madriu\u201d. Annals 1993, p\u00e0g. 29-45. Institut d\u2019Estudis Andorrans. Centre de Barcelona.<\/li>\n<li>MATEO GARC\u00cdA, M. (1996); \u00a0\u201cLa vegetaci\u00f3 de la vall del Madriu\u201d. Annals 1994, p\u00e0g. 13-37. Institut d\u2019Estudis Andorrans, Centre de Barcelona.<\/li>\n<\/ul>\n<h3><\/h3>\n<h4>AUTRES R\u00c9F\u00c9RENCES BIBLIOGRAPHIQUE<\/h4>\n<h5>Non publi\u00e9<\/h5>\n<ul>\n<li>DOM\u00c8NECH, M. (2005); \u201cEstudi de producci\u00f3, qualitat i diversitat de les pastures supraforestals de la vall del Madriu \u2013 Perafita \u2013 Claror\u201d Projecte de final de carrera; Enginyeria de Forest. In\u00e8dit<\/li>\n<li>DOM\u00c8NECH, M.; P\u00c9REZ, C.; FANLO, R. (2005); \u201cEstudi de les pastures supraforestals de la vall del Madriu \u2013 Perafita \u2013 Claror\u201d Universitat de Lleida, Govern d\u2019Andorra. In\u00e8dit.<\/li>\n<li>A.BERNADOU, V.FOUCASSI\u00c9, X.ESPADALER, J.RIBES, Y.YOUN\u00c9S-BARAILL\u00c9, J.GAGNEUR, J.ALBRE, L.LEGAL, G.GAUTHIER, S.LEK, L.DEHARVENG\u00a0(2008); Inventaire entomologique de la vall\u00e9e du Madriu-Perafita-Claror: Charles Gers et Thierry Gauquelin. In\u00e8dit<\/li>\n<li>PALOMAR MOLINS, J.; ROS VISUS, X.; AMOR\u00d3S BALLESTERO, M.; TURU MICHELS, V.; NARANJO MART\u00cdN, X.; FERN\u00c1NDEZ TERR\u00d3N, J. (1998); \u00ab\u00a0Estudi de s\u00f2ls de la Vall del Madriu\u00a0\u00bb. BIOTOP. Com\u00fa d\u2019Escaldes-Engordany.[Informe in\u00e8dit].<\/li>\n<\/ul>\n<h5><\/h5>\n<h5>Des livres<\/h5>\n<ul>\n<li>EJARQUE, A. (2013); \u00ab\u00a0La alta monta\u00f1a pirenaica: g\u00e9nesis y configuraci\u00f3n holocena de un paisaje cultural. Estudio paleoambiental en el valle del Madriu-Perafita-Claror (Andorra)\u00a0\u00bb. British Archaeological Reports, \u00a0International Series 2507, Archaeopress, Oxford.<\/li>\n<li>EUBA, I. (2009); \u00ab\u00a0Explotaci\u00f3n de los recursos forestales desde el Neol\u00edtico hasta la \u00e9poca moderna en los valles de la Vansa-Sierra del Cad\u00ed (Alt Urgell) y en el valle del Madriu (Andorra)\u00a0\u00bb. Serie Documenta 9. Tarragona: Institut Catal\u00e1 d\u2019Arqueologia Cl\u00e0ssica.<\/li>\n<\/ul>\n<h5><\/h5>\n<h5>Th\u00e8ses de doctorat<\/h5>\n<ul>\n<li>EJARQUE, A. (2010); \u00ab\u00a0G\u00e9nesis y configuraci\u00f3n microregional de un paisaje cultural pirenaico de alta monta\u00f1a durante el Holoceno: estudio pol\u00ednico y de otros indicadores paleoambientales en el valle del Madriu-Perafita-Claror\u00a0\u00bb (Andorra). Tesis doctoral. Universitat Rovira i Virgili. http:\/\/www.tdx.cat\/handle\/10803\/8640<\/li>\n<li>EUBA, I. (2008); \u00ab\u00a0An\u00e1lisis antracol\u00f3gico de estructuras altimontanas en el Valle de La Vansa-Sierra del Cad\u00ed (Alt Urgell) y en el Valle del Matriu (Andorra): Explotaci\u00f3n de recursos forestales del Neol\u00edtico a la \u00e9poca Moderna\u00a0\u00bb. Tesis doctoral, Universitat Rovira i Virgili. http:\/\/www.tdx.cat\/TDX-1121108-124416<\/li>\n<li>ORENGO, H.A. (2010); \u00ab\u00a0Arqueolog\u00eda de un paisaje cultural pirenaico de alta monta\u00f1a. Din\u00e1micas de ocupaci\u00f3n del valle del Madriu-Perafita-Claror (Andorra)\u00a0\u00bb. Tesis doctoral. Rovira i Virgili University.<\/li>\n<\/ul>\n<h5><\/h5>\n<h5>Articles dans des magazines<\/h5>\n<ul>\n<li>P\u00c9REZ BUTRON, C.; FANLO, R.; \u201cL\u2019aprofitament ramader a la vall del Madriu \u2013 Perafita- Claror (Principat d\u2019Andorra)\u201d. L\u2019atzavara 15.<\/li>\n<li>MALLARACH, J.M\u00aa.; PALAU, J. (2004); \u201cEls espais naturals protegits d\u2019Andorra. Reptes, propostes i perspectives a principis del segle XXI\u201d. Butll. Inst. Cat. Hist. Nat., 72: 167-182.<\/li>\n<li>MATEO GARC\u00cdA, M. (1998); \u201cEl m\u00e9todo de dataci\u00f3n liquenom\u00e9trico. La curva de crecimiento del Rhizocarpon geographicum establecida para el valle del Madriu (Andorra)\u201d. Dins Procesos biof\u00edsicos actuales en medios fr\u00edos, p\u00e0g. 327-346. Publicaciones de la Universitat de Barcelona.<\/li>\n<li>MATEO GARC\u00cdA, M.; G\u00d3MEZ ORTIZ, A. (2000); \u201cOscilaciones clim\u00e1ticas en el Holoceno hist\u00f3rico. La Peque\u00f1a Edad del Hielo en el valle del Madriu\u201d. Dins Procesos y formas periglaciares en la monta\u00f1a mediterr\u00e1nea, p\u00e0g. 81-96. Instituto de Estudios Turolenses. Teruel.<\/li>\n<li>ORENGO, H.; PALET, J.M.; EJARQUE, A.; MIRAS, Y.; RIERA, S. (2014); \u00ab\u00a0Shifting occupation dynamics in the Madriu-Perafita-Claror valleys (Andorra) from the early Neolithic to the Chalcolithic: the onset of high mountain cultural landscapes\u00a0\u00bb. Quaternary international. Published on-line: http:\/\/dx.doi.org\/10.1016\/j.quaint.2014.01.035<\/li>\n<li>ORENGO, H.A.; PALET, J.M.; EJARQUE, A.; MIRAS, Y. &amp; RIERA, S. (2014); \u201cThe historical configuration of a high mountain UNESCO World Heritage Site: the agropastoral Cultural Landscape of the Madriu-Perafita-Claror Valley\u201d. Archeologia Postmedievale. Accepted for publication.<\/li>\n<li>ORENGO, H.A.; PALET, J.M.; EJARQUE, A.; MIRAS, Y. &amp; RIERA, S. (2013); \u00ab\u00a0Pitch production during the Roman period: an intensive mountain industry for a globalised economy?\u00a0\u00bb Antiquity, 87: 802-814.<\/li>\n<li>ORENGO, H.A. (2013); \u00ab\u00a0Combining terrestrial stereophotogrammetry, DGPS and GISbased 3D voxel modelling in the volumetric recording of archaeological features\u00a0\u00bb. ISPRS Journal of Photogrammetry and Remote Sensing, 76: 49-55.<\/li>\n<li>EJARQUE, A., MIRAS, Y. &amp; RIERA, S. 2011.Pollen and non-pollen palynomorph indicators of vegetation and highland grazing activities obtained from modern surface and dung datasets in the eastern Pyrenees. Review of Palaeobotany and Palynology, 167: 123-139.<\/li>\n<li>EJARQUE, A.; MIRAS, Y.; RIERA, S.; PALET, J.M. &amp; ORENGO, H.A. (2010); \u00ab\u00a0Testing microregional variability in the Holocene shaping of high mountain cultural landscapes: a palaeoenvironmental case-study in the Eastern Pyrenees\u00a0\u00bb. Journal of Archaeological Science, 37 (7): 1468-1479.<\/li>\n<li>EUBA, I.; PALET, J.M. (2010); \u00ab\u00a0L&rsquo;exploitation des ressources vegetales dans les Pyr\u00e9n\u00e9es orientales durant l&rsquo;Holoc\u00e8ne: analyse anthracologique des structures d&rsquo;\u00e9levage, de four et de charbonni\u00e8res dans l&rsquo;Alt Urgell (Chaine du cadi) et la vall\u00e9e du Madriu (Andorre). Quaternaire, 21 (3) : 305-316.<\/li>\n<li>MIRAS, Y.; EJARQUE, A.; ORENGO, H.A.; RIERA, S.; PALET, J.M. &amp; POIRAUD, A. (2010); \u201cPrehistoric impact on landscape and vegetation at high altitudes: an integrated palaeoecological and archaeological approach in the eastern Pyrenees (Perafita valley, Andorra)\u201d. Plant Biosystems, 144 (4): 946-961.<\/li>\n<li>EUBA, I. (2009); \u00ab\u00a0La vegetaci\u00f3n le\u00f1osa y el uso de la madera en tres valles de los Pirineos orientales desde el Neol\u00edtico hasta \u00e9poca romana: An\u00e1lisis antracol\u00f3gico, dendrol\u00f3gico y taxon\u00f3mico\u00a0\u00bb. Pyrenae, 40 (2), 7-35<\/li>\n<li>EJARQUE, A.; MIRAS, Y.; RIERA, S.; PALET, J.M.; ORENGO, H. &amp; EUBA, I. (2008); \u201cGenesis &amp; Holocene evolution of a high mountain cultural landscape in the Eastern Pyrenees: a microregional and interdisciplinary case-study in the Madriu Valley (Andorra)\u201d.Terra Nostra, 2008: 2.<\/li>\n<li>MIRAS, Y.; EJARQUE, A.; RIERA, S.; PALET, J.M.; EUBA, I. &amp; ORENGO, H. (2007); \u00ab\u00a0Dynamique holoc\u00e8ne de la v\u00e9g\u00e9tation et occupation des Pyr\u00e9n\u00e9es andorranes depuis le N\u00e9olithique ancien, d\u2019apr\u00e8s l\u2019analyse pollinique de la tourbi\u00e8re de Bosc dels Estanyons (2180 m, Vall del Madriu, Andorre)\u00a0\u00bb. Comptes Rendus Palevol, 6, 4, 291-300.<\/li>\n<li>PALET, J.M.; EJARQUE, A.; MIRAS, Y.; RIERA, S.; EUBA, I. &amp; ORENGO, H.A. (2007); \u201cFormes d&rsquo;ocupaci\u00f3 d&rsquo;alta muntanya a la serra del Cad\u00ed (Alt Urgell) i la vall de Madriu-Perafita-Claror (Andorra): estudi diacr\u00f2nic de paisatges culturals pirinencs\u201d. Tribuna d&rsquo;Arqueologia 2006: 229-254.<\/li>\n<\/ul>\n<h5><\/h5>\n<h5>Chapitres de livre<\/h5>\n<ul>\n<li>PALET, J.M.; ORENGO, H.A.; EJARQUE, A.; MIRAS, Y.; EUBA, I. &amp; RIERA, S. (2013); \u201cArqueolog\u00eda de paisajes altimontanos pirenaicos: formas de explotaci\u00f3n y usos del medio en \u00e9poca romana en valle del Madriu-Perafita-Claror (Andorra) y en la Sierra del Cad\u00ed (Alt Urgell)\u201d. In: Fiches, J-L; Plana, R., Revilla Calvo., V. (eds), Paysages ruraux et territoires dans les cit\u00e9s de l\u2019occident romain. Gallia et Hispania, Actes du colloque international AGER IX, Barcelone, 25-27 mars 2010. Presses universitaires de la M\u00e9diterran\u00e9e: 329-340.<\/li>\n<li>EJARQUE, A. (2012); \u201cAndorra, Turbera Riu dels Orris\u201d. In: Carri\u00f3n et al. Paleoflora y Paleovegetaci\u00f3n de la Pen\u00ednsula Ib\u00e9rica e Islas Baleares: Plioceno-Cuaternario. Ministerio de Econom\u00eda y Competitividad, Madrid. 233-235.<\/li>\n<li>RIERA, S., EJARQUE, A., MIRAS, Y., ORENGO, H.A., PALET, J.M. &amp; JULI\u00c0, R. 2012. \u201cCambios ambientales altimontanos en los Pirineos orientales durante el Holoceno: el valle del Madriu-Perafita-Claror (Andorra). Estudio paleoambiental y arqueol\u00f3gico.\u201d In: TURU, V. and CONSTANTE, A., eds., El cuaternario en Espa\u00f1a y \u00e1reas afines, avances en 2011: Actas de la XIII Reuni\u00f3n Nacional de Cuaternario Asociaci\u00f3n Espa\u00f1ola para el Estudio del Cuaternario (AEQUA). 77-80<\/li>\n<li>EUBA, I.; PALET, J.M. (2011); An\u00e1lisis antracol\u00f3gico de estructuras altimontanas de \u00e9poca romana en los Pirineos orientales (Sierra del Cad\u00ed-Catalu\u00f1a y valle del Madriu-Andorra). Bollettino di Archeologia On-line, 1: 173-182<\/li>\n<li>PALET, J.M.; ORENGO, H.A.; EJARQUE, A.; EUBA, I.; MIRAS, Y.; RIERA, S. (2011); \u00ab\u00a0Formas de paisaje de monta\u00f1a y ocupaci\u00f3n del territorio en los Pirineos orientales en \u00e9poca romana: estudios pluridisciplinares en el valle del Madriu-Perafita-Claror (Andorra) y en la Sierra del Cad\u00ed (Catalu\u00f1a)\u00a0\u00bb. Proceedings of the 17th International Congress of Classical Archaeology (Roma 22 \u2013 26 Septiembre 2008. Bollettino di Archeologia On-line 1. 67-79<\/li>\n<li>RIERA, S.; CURR\u00c1S, A; PALET, J.M.; EJARQUE, A.; ORENGO, H.A.; JULIA, R. &amp; MIRAS, Y. (2009); \u201cVariabilite climatique, occupation du sol et paysage en espagne de l\u2019age du fer a l\u2019epoque medievale : integration des donnees paleoenvironnementales et d\u2019archeologie du paysage\u201d, dins Hermon, E. 8ed.). Soci\u00e9t\u00e9 et climats dans l\u2019Empire Romain, Editoriale Scientifico de Naples, 2009, 251-280.<\/li>\n<li>PALET, J.M.; RIERA, S.; MIRAS, Y.; EJARQUE, A.; EUBA, I. (2006); \u201cEstudi i revaloritzaci\u00f3 dels paisatges culturals d\u2019alta muntanya: els projectes vall del Madriu (Andorra) i La Vansa &#8211; Serra del Cad\u00ed (Alt Urgell)\u201d; en IBIX 4, Annals 2004-2005. Actes del IV Col.loqui d&rsquo;Estudis Transpirinencs. pp. 89-108.<\/li>\n<li>CLAMENS, A.; COMINELLI, C. (1997); \u00ab\u00a0Cam\u00ed del Madriu\u00a0\u00bb. Col\u2022lecci\u00f3 Pas a pas per Andorra. Associaci\u00f3 per a la Defensa de la Natura (ADN) i Cr\u00e8dit Andorr\u00e0. Andorra la Vella.<\/li>\n<\/ul>\n<h3><\/h3>\n<p>[\/vc_column_text]<div class=\"clearboth\"><\/div><style>#thegem-divider-69e7201d37f46 {margin-top: 40px !important;}<\/style><div id=\"thegem-divider-69e7201d37f46\" class=\"gem-divider  \" style=\"\" ><\/div>[\/vc_column][\/vc_row]<\/p>\n<\/div>","protected":false},"excerpt":{"rendered":"<p>[vc_row][vc_column][vc_separator][vc_single_image image=\u00a0\u00bb34464&Prime; img_size=\u00a0\u00bbfull\u00a0\u00bb][\/vc_column][\/vc_row][vc_row equal_height=\u00a0\u00bbyes\u00a0\u00bb disable_element=\u00a0\u00bbyes\u00a0\u00bb css=\u00a0\u00bb.vc_custom_1553869245528{margin-top: -18px !important;margin-right: 0px !important;margin-bottom: 0px !important;margin-left: 0px !important;}\u00a0\u00bb][vc_column width=\u00a0\u00bb1\/2&Prime; css=\u00a0\u00bb.vc_custom_1457788634484{margin-left: 0px !important;padding-bottom: 400px !important;background-image:&#8230;<\/p>\n","protected":false},"author":1,"featured_media":0,"parent":0,"menu_order":0,"comment_status":"closed","ping_status":"closed","template":"","meta":{"_acf_changed":false,"footnotes":""},"class_list":["post-35266","page","type-page","status-publish"],"acf":[],"_links":{"self":[{"href":"https:\/\/www.madriu-perafita-claror.ad\/fr\/wp-json\/wp\/v2\/pages\/35266","targetHints":{"allow":["GET"]}}],"collection":[{"href":"https:\/\/www.madriu-perafita-claror.ad\/fr\/wp-json\/wp\/v2\/pages"}],"about":[{"href":"https:\/\/www.madriu-perafita-claror.ad\/fr\/wp-json\/wp\/v2\/types\/page"}],"author":[{"embeddable":true,"href":"https:\/\/www.madriu-perafita-claror.ad\/fr\/wp-json\/wp\/v2\/users\/1"}],"replies":[{"embeddable":true,"href":"https:\/\/www.madriu-perafita-claror.ad\/fr\/wp-json\/wp\/v2\/comments?post=35266"}],"version-history":[{"count":0,"href":"https:\/\/www.madriu-perafita-claror.ad\/fr\/wp-json\/wp\/v2\/pages\/35266\/revisions"}],"wp:attachment":[{"href":"https:\/\/www.madriu-perafita-claror.ad\/fr\/wp-json\/wp\/v2\/media?parent=35266"}],"curies":[{"name":"wp","href":"https:\/\/api.w.org\/{rel}","templated":true}]}}