{"id":35308,"date":"2019-03-22T17:21:04","date_gmt":"2019-03-22T17:21:04","guid":{"rendered":"https:\/\/www.madriu-perafita-claror.ad\/la-vegetacio"},"modified":"2024-07-10T14:32:50","modified_gmt":"2024-07-10T13:32:50","slug":"vegetation","status":"publish","type":"page","link":"https:\/\/www.madriu-perafita-claror.ad\/fr\/vegetation\/","title":{"rendered":"Vegetation"},"content":{"rendered":"<div class=\"wpb-content-wrapper\"><p>[vc_row][vc_column][vc_separator][vc_single_image image=\u00a0\u00bb34473&Prime; img_size=\u00a0\u00bbfull\u00a0\u00bb][\/vc_column][\/vc_row][vc_row][vc_column][vc_column_text css=\u00a0\u00bb\u00a0\u00bb]<\/p>\n<h2>VEGETATION<\/h2>\n<p>[\/vc_column_text]<div class=\"clearboth\"><\/div><style>#thegem-divider-69e88d11d2a2d {margin-top: 40px !important;}<\/style><div id=\"thegem-divider-69e88d11d2a2d\" class=\"gem-divider  \" style=\"\" ><\/div>[\/vc_column][\/vc_row][vc_row][vc_column width=\u00a0\u00bb1\/2&Prime;][vc_column_text]La vaste extension de la vall\u00e9e (4247 ha), la pr\u00e9sence de versants ensoleill\u00e9s (adret) et ombrag\u00e9s (ubac) suite \u00e0 sa particuli\u00e8re orientation est-ouest, et son important gradient altitudinal (1850 m de diff\u00e9rence d&rsquo;altitude entre le point culminant (pic Portelleta 2.906m) et le point le plus bas (confluent des eaux du Madriu et du Valira d&rsquo;Orient 1056 m)),<\/p>\n<p>conf\u00e8rent \u00e0 la vall\u00e9e une importante variabilit\u00e9 climatique avec de grands contrastes et une importante diversit\u00e9 biologique sur un territoire relativement restreint g\u00e9ographiquement parlant, comme est la vall\u00e9e Madriu-Perafita-Claror.<\/p>\n<p>La diversit\u00e9 des sols est \u00e9galement tr\u00e8s importante, ce qui favorise une grande vari\u00e9t\u00e9 d&rsquo;habitats et une extraordinaire richesse de flore et de faune, qui se traduit par un paysage de grands contrastes.<\/p>\n<p>Un total de trente-huit habitats naturels ou semi-naturels ont \u00e9t\u00e9 identifi\u00e9s dans la vall\u00e9e, chacun avec sa flore et sa faune caract\u00e9ristique.<\/p>\n<p>La v\u00e9g\u00e9tation se r\u00e9partie sur les 3 \u00e9tages caract\u00e9ristiques des Pyr\u00e9n\u00e9es:[\/vc_column_text][\/vc_column][vc_column width=\u00a0\u00bb1\/2&Prime;][vc_column_text]<img class=\"alignnone wp-image-30375\" src=\"https:\/\/www.madriu-perafita-claror.ad\/wp-content\/uploads\/2019\/03\/Esquema-estatges_cat-450x307-300x205.png\" alt=\"\" width=\"519\" height=\"355\" srcset=\"https:\/\/www.madriu-perafita-claror.ad\/wp-content\/uploads\/2019\/03\/Esquema-estatges_cat-450x307-300x205.png 300w, https:\/\/www.madriu-perafita-claror.ad\/wp-content\/uploads\/2019\/03\/Esquema-estatges_cat-450x307.png 450w\" sizes=\"(max-width: 519px) 100vw, 519px\" \/><\/p>\n<section class=\"av_textblock_section\">\n<div class=\"avia_textblock \">\n<p>&nbsp;<\/p>\n<\/div>\n<\/section>\n<p>[\/vc_column_text][\/vc_column][\/vc_row][vc_row][vc_column][vc_column_text]<\/p>\n<section class=\"av_textblock_section\">\n<div class=\"avia_textblock \">\n<p>De mani\u00e8re sch\u00e9matique, on peut consid\u00e9rer que chaque \u00e9tage correspond \u00e0 une grande unit\u00e9 de paysage:<\/p>\n<\/div>\n<\/section>\n<p>[\/vc_column_text]<div class=\"clearboth\"><\/div><style>#thegem-divider-69e88d11d2a66 {margin-top: 40px !important;}<\/style><div id=\"thegem-divider-69e88d11d2a66\" class=\"gem-divider  \" style=\"\" ><\/div>[\/vc_column][\/vc_row][vc_row][vc_column][vc_tta_tabs][vc_tta_section title=\u00a0\u00bb\u00c9tage alpin\u00a0\u00bb tab_id=\u00a0\u00bb1553275553960-f1106510-1986&Prime;][vc_column_text]<\/p>\n<h6><strong>LE PAYSAGE SUPRA-FORESTIER- \u00e9tage alpin<\/strong><\/h6>\n<p><img class=\"alignleft wp-image-31804 \" src=\"https:\/\/www.madriu-perafita-claror.ad\/wp-content\/uploads\/2019\/07\/1.jpg\" alt=\"\" width=\"355\" height=\"287\" \/>Pr\u00e9dominance de d\u00e9sert min\u00e9ral, pelouses de haute montagne, \u00e9tangs et formes spectaculaires de la g\u00e9omorphologie. Dans l\u2019\u00e9tage alpin, l&rsquo;environnement rocheux s&rsquo;\u00e9tend sur une superficie de 650 hectares. En raison de la rigueur du climat, le tapis v\u00e9g\u00e9tal est clairsem\u00e9, mais on y trouve des esp\u00e8ces adapt\u00e9es aux dures conditions environnementales. Les pelouses de haute montagne sont colonis\u00e9es par des esp\u00e8ces v\u00e9g\u00e9tales p\u00e9rennes, avec des puissantes racines, un cycle de croissance court, et une grande r\u00e9sistance aux changements brusques des conditions m\u00e9t\u00e9orologiques, par exemple des pelouses de <span id=\"result_box\" class=\"\" lang=\"fr\"><span class=\"\"><em>Nardus stricta<\/em>, de <em>Festuca aerodis<\/em> ou <em>F. ivesii<\/em>, ou de <em>Festuca eskia<\/em>, pour en nommer trois des plus abondantes.<\/span> <span class=\"\">Les Rhododendron ferrugineux et autres buissons d&rsquo;\u00c9ricac\u00e9es colonisent les bandes intercal\u00e9es entre les roches, l\u00e0 o\u00f9 les sols sont plus d\u00e9velopp\u00e9s.<\/span><\/span>[\/vc_column_text]<div class=\"clearboth\"><\/div><style>#thegem-divider-69e88d11d2a86 {margin-top: 46px !important;}<\/style><div id=\"thegem-divider-69e88d11d2a86\" class=\"gem-divider  \" style=\"\" ><\/div>[vc_column_text]<\/p>\n<h6>QUELQUES EXEMPLES<\/h6>\n<div id='gallery-1' class='gallery galleryid-35308 gallery-columns-2 gallery-size-thumbnail'><figure class='gallery-item'>\n\t\t\t<div class='gallery-icon landscape'>\n\t\t\t\t<img width=\"150\" height=\"150\" src=\"https:\/\/www.madriu-perafita-claror.ad\/wp-content\/uploads\/2019\/04\/Prat-de-pe\u0300l-cani\u0301-150x150.jpg\" class=\"attachment-thumbnail size-thumbnail\" alt=\"\" aria-describedby=\"gallery-1-33927\" srcset=\"https:\/\/www.madriu-perafita-claror.ad\/wp-content\/uploads\/2019\/04\/Prat-de-pe\u0300l-cani\u0301-150x150.jpg 150w, https:\/\/www.madriu-perafita-claror.ad\/wp-content\/uploads\/2019\/04\/Prat-de-pe\u0300l-cani\u0301-180x180.jpg 180w, https:\/\/www.madriu-perafita-claror.ad\/wp-content\/uploads\/2019\/04\/Prat-de-pe\u0300l-cani\u0301-300x300.jpg 300w, https:\/\/www.madriu-perafita-claror.ad\/wp-content\/uploads\/2019\/04\/Prat-de-pe\u0300l-cani\u0301-256x256.jpg 256w\" sizes=\"(max-width: 150px) 100vw, 150px\" \/>\n\t\t\t<\/div>\n\t\t\t\t<figcaption class='wp-caption-text gallery-caption' id='gallery-1-33927'>\n\t\t\t\tPelouse de Nardus Stricta\n\t\t\t\t<\/figcaption><\/figure><figure class='gallery-item'>\n\t\t\t<div class='gallery-icon portrait'>\n\t\t\t\t<img width=\"150\" height=\"150\" src=\"https:\/\/www.madriu-perafita-claror.ad\/wp-content\/uploads\/2019\/04\/Neret-imatge-150x150.jpg\" class=\"attachment-thumbnail size-thumbnail\" alt=\"\" aria-describedby=\"gallery-1-33930\" srcset=\"https:\/\/www.madriu-perafita-claror.ad\/wp-content\/uploads\/2019\/04\/Neret-imatge-150x150.jpg 150w, https:\/\/www.madriu-perafita-claror.ad\/wp-content\/uploads\/2019\/04\/Neret-imatge-180x180.jpg 180w, https:\/\/www.madriu-perafita-claror.ad\/wp-content\/uploads\/2019\/04\/Neret-imatge-300x300.jpg 300w, https:\/\/www.madriu-perafita-claror.ad\/wp-content\/uploads\/2019\/04\/Neret-imatge-256x256.jpg 256w\" sizes=\"(max-width: 150px) 100vw, 150px\" \/>\n\t\t\t<\/div>\n\t\t\t\t<figcaption class='wp-caption-text gallery-caption' id='gallery-1-33930'>\n\t\t\t\tRhododendrons\n\t\t\t\t<\/figcaption><\/figure>\n\t\t<\/div>\n\n<p>[\/vc_column_text][\/vc_tta_section][vc_tta_section title=\u00a0\u00bb\u00c9tage subalpin\u00a0\u00bb tab_id=\u00a0\u00bb1553275556508-2308c825-cec6&Prime;][vc_column_text]<\/p>\n<h6><strong>LE PAYSAGE DES VERSANTS- \u00e9tage subalpin<\/strong><\/h6>\n<p><img class=\"alignleft wp-image-31811 size-full\" src=\"https:\/\/www.madriu-perafita-claror.ad\/wp-content\/uploads\/2019\/07\/Vistes-des-de-Coll-Jovell.jpg\" alt=\"\" width=\"355\" height=\"287\" \/><\/p>\n<p>Pr\u00e9dominance de for\u00eat compacte, avec un fort contraste entre l\u2019adret et l&rsquo;ubac, et des couloirs d\u2019avalanche sur les pentes les plus raides, qui abritent une activit\u00e9 humaine presque imperceptible.<\/p>\n<p>Les arbres dominants dans les for\u00eats andorranes sont les conif\u00e8res (pins et sapins), qui occupent un tiers du territoire, et, dans l\u2019\u00e9tage subalpin, ils prolif\u00e8rent naturellement. Dans cet \u00e9tage, l&rsquo;esp\u00e8ce qui s&rsquo;adapte le mieux \u00e0 la rigueur du climat est le pin \u00e0 crochet. C&rsquo;est un arbre capable de r\u00e9sister \u00e0 des temp\u00e9ratures tr\u00e8s basses et \u00e0 des \u00e9paisseurs de neige consid\u00e9rables. En outre, il joue un r\u00f4le tr\u00e8s important dans la fixation des pentes de montagne contre l&rsquo;\u00e9rosion.<\/p>\n<p>Dans la zone de R\u00e0mio se trouve une des rares for\u00eats de sapins que l\u2019on peut encore trouver en Andorre. Les branches horizontales des sapins emp\u00eachent le passage de la lumi\u00e8re du soleil et rendent les for\u00eats peu adapt\u00e9es \u00e0 la croissance de buissons dans le sous-bois. Par contre, la forte humidit\u00e9 profite aux mousses et aux plantes herbac\u00e9es qui s\u2019y d\u00e9veloppent.<\/p>\n<p>Outre les for\u00eats, l\u2019\u00e9tage subalpin accueille un \u00e9cosyst\u00e8me v\u00e9g\u00e9tal qui, bien qu\u2019il n\u2019occupe pas une tr\u00e8s large extension, il a un grand int\u00e9r\u00eat botanique et \u00e9cologique. Ce sont des m\u00e9gaphorbiaie, des formations v\u00e9g\u00e9tales constitu\u00e9es de grandes herbes \u00e0 larges feuilles et \u00e0 inflorescences vives, se d\u00e9veloppant sur des sols riches et humides.<\/p>\n<p>Les buissons de rhododendron sont abondants dans cet \u00e9tage et aident \u00e0 fixer le sol dans les zones rocheuses de montagne, ainsi qu\u2019\u00e0 pr\u00e9parer le terrain pour la croissance post\u00e9rieure d&rsquo;autres esp\u00e8ces.[\/vc_column_text]<div class=\"clearboth\"><\/div><style>#thegem-divider-69e88d11d3196 {margin-top: 46px !important;}<\/style><div id=\"thegem-divider-69e88d11d3196\" class=\"gem-divider  \" style=\"\" ><\/div>[vc_column_text]<\/p>\n<h6>QUELQUES EXEMPLES<\/h6>\n<div id='gallery-2' class='gallery galleryid-35308 gallery-columns-3 gallery-size-thumbnail'><figure class='gallery-item'>\n\t\t\t<div class='gallery-icon landscape'>\n\t\t\t\t<img width=\"150\" height=\"150\" src=\"https:\/\/www.madriu-perafita-claror.ad\/wp-content\/uploads\/2019\/04\/Pi-roig-imatge-150x150.jpg\" class=\"attachment-thumbnail size-thumbnail\" alt=\"\" aria-describedby=\"gallery-2-33921\" srcset=\"https:\/\/www.madriu-perafita-claror.ad\/wp-content\/uploads\/2019\/04\/Pi-roig-imatge-150x150.jpg 150w, https:\/\/www.madriu-perafita-claror.ad\/wp-content\/uploads\/2019\/04\/Pi-roig-imatge-180x180.jpg 180w\" sizes=\"(max-width: 150px) 100vw, 150px\" \/>\n\t\t\t<\/div>\n\t\t\t\t<figcaption class='wp-caption-text gallery-caption' id='gallery-2-33921'>\n\t\t\t\tPin sylvestre\n\t\t\t\t<\/figcaption><\/figure><figure class='gallery-item'>\n\t\t\t<div class='gallery-icon landscape'>\n\t\t\t\t<img width=\"150\" height=\"150\" src=\"https:\/\/www.madriu-perafita-claror.ad\/wp-content\/uploads\/2019\/04\/Pi-negre-150x150.jpg\" class=\"attachment-thumbnail size-thumbnail\" alt=\"\" aria-describedby=\"gallery-2-33924\" srcset=\"https:\/\/www.madriu-perafita-claror.ad\/wp-content\/uploads\/2019\/04\/Pi-negre-150x150.jpg 150w, https:\/\/www.madriu-perafita-claror.ad\/wp-content\/uploads\/2019\/04\/Pi-negre-180x180.jpg 180w\" sizes=\"(max-width: 150px) 100vw, 150px\" \/>\n\t\t\t<\/div>\n\t\t\t\t<figcaption class='wp-caption-text gallery-caption' id='gallery-2-33924'>\n\t\t\t\tPin \u00e0 crochets\n\t\t\t\t<\/figcaption><\/figure><figure class='gallery-item'>\n\t\t\t<div class='gallery-icon landscape'>\n\t\t\t\t<img width=\"150\" height=\"150\" src=\"https:\/\/www.madriu-perafita-claror.ad\/wp-content\/uploads\/2021\/04\/vegetacio-avet-150x150.jpg\" class=\"attachment-thumbnail size-thumbnail\" alt=\"\" aria-describedby=\"gallery-2-39384\" \/>\n\t\t\t<\/div>\n\t\t\t\t<figcaption class='wp-caption-text gallery-caption' id='gallery-2-39384'>\n\t\t\t\tSapin\n\t\t\t\t<\/figcaption><\/figure>\n\t\t<\/div>\n\n<p>[\/vc_column_text][\/vc_tta_section][vc_tta_section title=\u00a0\u00bb\u00c9tage montagnard\u00a0\u00bb tab_id=\u00a0\u00bb1553275554004-32f780bc-fcb6&Prime;][vc_column_text]<\/p>\n<h6><strong>LE PAYSAGE DU FOND DE LA VALL\u00c9E \u2013 \u00e9tage montagnard<\/strong><\/h6>\n<p><img class=\" wp-image-31807 alignleft\" src=\"https:\/\/www.madriu-perafita-claror.ad\/wp-content\/uploads\/2019\/07\/2.jpg\" alt=\"\" width=\"356\" height=\"287\" \/><\/p>\n<p>Trac\u00e9 par le sillon des eaux, nous y o\u00f9 trouvons la plupart des t\u00e9moignages du dialogue continu entre l&rsquo;Homme et la nature.<\/p>\n<p>Les ch\u00eanaies sont encore les plus grandes for\u00eats de feuillus de la Principaut\u00e9. Tout de m\u00eame, la pr\u00e9sence de ch\u00eanes dans la vall\u00e9e est relativement rare. Entre les 1000m et 1600 m d\u2019altitude, ce sont plut\u00f4t les pin\u00e8des de pins sylvestres qui abondent, ainsi que les petites for\u00eats de bouleaux, de fr\u00eanes ou de peupliers.<\/p>\n<p>La for\u00eat riveraine est un autre type de formation v\u00e9g\u00e9tale qui, m\u00eame si elle occupe une superficie relativement petite, elle a un r\u00f4le tr\u00e8s important pour l&rsquo;\u00e9quilibre de l&rsquo;\u00e9cosyst\u00e8me forestier. Les for\u00eats riveraines sont des concentrations lin\u00e9aires qui suivent le cours d\u2019eaux. On distingue deux grands types de for\u00eats riveraines: les for\u00eats \u00e0 aulnes; et les for\u00eats de saules, peupl\u00e9es de saules blancs, de saules marsaults, de saules roux et de saules drap\u00e9s.<\/p>\n<p>Les arbustes pr\u00e9dominants sont les buis. Ils remplissent une fonction importante dans la fixation des sols pauvres et peu profonds, que ce soit dans des endroits humides o\u00f9 la for\u00eat a disparu, ou dans des endroits escarp\u00e9s et rocailleux, d\u00e9favorables \u00e0 la colonisation d&rsquo;autres esp\u00e8ces v\u00e9g\u00e9tales.<\/p>\n<p>Le dernier type de v\u00e9g\u00e9tation que l\u2019on trouve dans l\u2019\u00e9tage montagnarde sont les prairies, caus\u00e9es par l&rsquo;activit\u00e9 humaine, et en particulier par l\u2019\u00e9levage. Ce sont des terres gagn\u00e9es \u00e0 la for\u00eat et destin\u00e9es aux p\u00e2turages ou aux pr\u00e9s de fauche. L&rsquo;abondance en l&rsquo;eau et la richesse des sols favorisent la croissance d&rsquo;un grand nombre d&rsquo;esp\u00e8ces. Les herbes les plus communes sont le fromental, le dactyle pelotonn\u00e9 et divers tr\u00e8fles. Il y a aussi des fleurs color\u00e9es, comme le narcisse des po\u00e8tes et le narcisse des montagnes.[\/vc_column_text]<div class=\"clearboth\"><\/div><style>#thegem-divider-69e88d11d3941 {margin-top: 46px !important;}<\/style><div id=\"thegem-divider-69e88d11d3941\" class=\"gem-divider  \" style=\"\" ><\/div>[vc_column_text]<\/p>\n<h6>QUELQUES EXEMPLES<\/h6>\n<div id='gallery-3' class='gallery galleryid-35308 gallery-columns-5 gallery-size-thumbnail'><figure class='gallery-item'>\n\t\t\t<div class='gallery-icon landscape'>\n\t\t\t\t<img width=\"150\" height=\"137\" src=\"https:\/\/www.madriu-perafita-claror.ad\/wp-content\/uploads\/2019\/04\/Nabiu-imatge.jpg\" class=\"attachment-thumbnail size-thumbnail\" alt=\"\" aria-describedby=\"gallery-3-33933\" \/>\n\t\t\t<\/div>\n\t\t\t\t<figcaption class='wp-caption-text gallery-caption' id='gallery-3-33933'>\n\t\t\t\tMyrtillier commun\n\t\t\t\t<\/figcaption><\/figure><figure class='gallery-item'>\n\t\t\t<div class='gallery-icon landscape'>\n\t\t\t\t<img width=\"150\" height=\"128\" src=\"https:\/\/www.madriu-perafita-claror.ad\/wp-content\/uploads\/2019\/04\/Maduixera.jpg\" class=\"attachment-thumbnail size-thumbnail\" alt=\"\" aria-describedby=\"gallery-3-33936\" \/>\n\t\t\t<\/div>\n\t\t\t\t<figcaption class='wp-caption-text gallery-caption' id='gallery-3-33936'>\n\t\t\t\tFraisier des Bois\n\t\t\t\t<\/figcaption><\/figure><figure class='gallery-item'>\n\t\t\t<div class='gallery-icon portrait'>\n\t\t\t\t<img width=\"142\" height=\"150\" src=\"https:\/\/www.madriu-perafita-claror.ad\/wp-content\/uploads\/2019\/04\/Avellaner.jpg\" class=\"attachment-thumbnail size-thumbnail\" alt=\"\" aria-describedby=\"gallery-3-33939\" \/>\n\t\t\t<\/div>\n\t\t\t\t<figcaption class='wp-caption-text gallery-caption' id='gallery-3-33939'>\n\t\t\t\tNoisetier\n\t\t\t\t<\/figcaption><\/figure><figure class='gallery-item'>\n\t\t\t<div class='gallery-icon landscape'>\n\t\t\t\t<img width=\"150\" height=\"99\" src=\"https:\/\/www.madriu-perafita-claror.ad\/wp-content\/uploads\/2019\/04\/Freixer-imatge.jpg\" class=\"attachment-thumbnail size-thumbnail\" alt=\"\" aria-describedby=\"gallery-3-33942\" \/>\n\t\t\t<\/div>\n\t\t\t\t<figcaption class='wp-caption-text gallery-caption' id='gallery-3-33942'>\n\t\t\t\tFr\u00eane\n\t\t\t\t<\/figcaption><\/figure><figure class='gallery-item'>\n\t\t\t<div class='gallery-icon landscape'>\n\t\t\t\t<img width=\"150\" height=\"127\" src=\"https:\/\/www.madriu-perafita-claror.ad\/wp-content\/uploads\/2019\/04\/Bec\u0327-imatge.jpg\" class=\"attachment-thumbnail size-thumbnail\" alt=\"\" aria-describedby=\"gallery-3-33945\" \/>\n\t\t\t<\/div>\n\t\t\t\t<figcaption class='wp-caption-text gallery-caption' id='gallery-3-33945'>\n\t\t\t\tBouleau\n\t\t\t\t<\/figcaption><\/figure>\n\t\t<\/div>\n\n<p>[\/vc_column_text][\/vc_tta_section][\/vc_tta_tabs][vc_message]Coneix la flora detallada per h\u00e0bitats fent clic <a href=\"https:\/\/www.madriu-perafita-claror.ad\/flora-detallada-per-habitats\">aqu\u00ed<\/a>.[\/vc_message][vc_message]Coneix la vegetaci\u00f3 detallada per estrats fent clic <a href=\"https:\/\/www.madriu-perafita-claror.ad\/flora-detallada-per-estrats\">aqu\u00ed<\/a>.[\/vc_message][\/vc_column][\/vc_row]<\/p>\n<\/div>","protected":false},"excerpt":{"rendered":"<p>[vc_row][vc_column][vc_separator][vc_single_image image=\u00a0\u00bb34473&Prime; img_size=\u00a0\u00bbfull\u00a0\u00bb][\/vc_column][\/vc_row][vc_row][vc_column][vc_column_text css=\u00a0\u00bb\u00a0\u00bb] VEGETATION [\/vc_column_text][\/vc_column][\/vc_row][vc_row][vc_column width=\u00a0\u00bb1\/2&Prime;][vc_column_text]La vaste extension de la vall\u00e9e (4247 ha), la pr\u00e9sence de versants ensoleill\u00e9s (adret)&#8230;<\/p>\n","protected":false},"author":1,"featured_media":0,"parent":0,"menu_order":0,"comment_status":"closed","ping_status":"closed","template":"","meta":{"_acf_changed":false,"footnotes":""},"class_list":["post-35308","page","type-page","status-publish"],"acf":[],"_links":{"self":[{"href":"https:\/\/www.madriu-perafita-claror.ad\/fr\/wp-json\/wp\/v2\/pages\/35308","targetHints":{"allow":["GET"]}}],"collection":[{"href":"https:\/\/www.madriu-perafita-claror.ad\/fr\/wp-json\/wp\/v2\/pages"}],"about":[{"href":"https:\/\/www.madriu-perafita-claror.ad\/fr\/wp-json\/wp\/v2\/types\/page"}],"author":[{"embeddable":true,"href":"https:\/\/www.madriu-perafita-claror.ad\/fr\/wp-json\/wp\/v2\/users\/1"}],"replies":[{"embeddable":true,"href":"https:\/\/www.madriu-perafita-claror.ad\/fr\/wp-json\/wp\/v2\/comments?post=35308"}],"version-history":[{"count":0,"href":"https:\/\/www.madriu-perafita-claror.ad\/fr\/wp-json\/wp\/v2\/pages\/35308\/revisions"}],"wp:attachment":[{"href":"https:\/\/www.madriu-perafita-claror.ad\/fr\/wp-json\/wp\/v2\/media?parent=35308"}],"curies":[{"name":"wp","href":"https:\/\/api.w.org\/{rel}","templated":true}]}}