{"id":35311,"date":"2019-03-22T17:17:50","date_gmt":"2019-03-22T17:17:50","guid":{"rendered":"https:\/\/www.madriu-perafita-claror.ad\/la-geomorfologia"},"modified":"2025-08-20T13:06:17","modified_gmt":"2025-08-20T12:06:17","slug":"la-geomorphologie","status":"publish","type":"page","link":"https:\/\/www.madriu-perafita-claror.ad\/fr\/la-geomorphologie\/","title":{"rendered":"La g\u00e9omorphologie"},"content":{"rendered":"<div class=\"wpb-content-wrapper\"><p>[vc_row][vc_column][vc_separator][vc_single_image image=\u00a0\u00bb34491&Prime; img_size=\u00a0\u00bbfull\u00a0\u00bb][\/vc_column][\/vc_row][vc_row][vc_column][vc_column_text css=\u00a0\u00bb\u00a0\u00bb]<\/p>\n<h2>LA G\u00c9OMORPHOLOGIE<\/h2>\n<p>[\/vc_column_text][vc_column_text]<\/p>\n<p style=\"text-align: justify;\">La vall\u00e9e du Madriu-Perafita-Claror est une vall\u00e9e d\u2019origine <strong>glaciaire<\/strong>, pr\u00e9sentant des int\u00e9r\u00eats g\u00e9omorphologiques sur la quasi totalit\u00e9 de son extension.<\/p>\n<p style=\"text-align: justify;\">Le relief de cette zone, particuli\u00e8rement accident\u00e9, repose sur un substrat de roche silicique (granitique \u00e0 Gargantillar-l\u2019Illa et m\u00e9tamorphique au Port Negre), sur lequel s\u2019est produit le model\u00e9 glaciaire. La vall\u00e9e en forma de U, les cirques glaciaires, les glaciers rocheux, la vall\u00e9e suspendue de l\u2019Estany Blau, les hauts plateaux du Camp de Claror ou la dynamique des avalanches, sont de clairs exemples de l\u2019origine glaciaire de la vall\u00e9e. Un grand nombre de pics s\u2019y trouve \u00e9galement, <span id=\"result_box\" class=\"\" lang=\"fr\"><span class=\"\">o\u00f9 se distingue le <strong>pic de La Portelleta<\/strong> , \u00e0 2,905m, le plus haut dans zone prot\u00e9g\u00e9e.<\/span><\/span><\/p>\n<p align=\"JUSTIFY\">Au Camp de Claror l&rsquo;int\u00e9r\u00eat se situe dans le fait qu\u2019il poss\u00e8de des mod\u00e8les proches des latitudes subpolaires et des r\u00e9gions de la toundra (Spitzberg). Il s\u2019agit de figures g\u00e9om\u00e9triques (polygones et cercles de pierres), t\u00e9moins \u00e0 la fois exceptionnels et rares dans l\u2019ensemble des Pyr\u00e9n\u00e9es Orientales et d\u2019une grande valeur scientifique.<\/p>\n<p>[\/vc_column_text]<div class=\"clearboth\"><\/div><style>#thegem-divider-69eb305cc2db4 {margin-top: 40px !important;}<\/style><div id=\"thegem-divider-69eb305cc2db4\" class=\"gem-divider  \" style=\"\" ><\/div>[\/vc_column][\/vc_row][vc_row][vc_column width=\u00a0\u00bb1\/3&Prime;][vc_single_image image=\u00a0\u00bb43862&Prime; img_size=\u00a0\u00bbfull\u00a0\u00bb css=\u00a0\u00bb\u00a0\u00bb][vc_column_text css=\u00a0\u00bb\u00a0\u00bb]Ensagents (source: Dona Secret)[\/vc_column_text][\/vc_column][vc_column width=\u00a0\u00bb1\/3&Prime;][vc_single_image image=\u00a0\u00bb43858&Prime; img_size=\u00a0\u00bbfull\u00a0\u00bb css=\u00a0\u00bb\u00a0\u00bb][\/vc_column][vc_column width=\u00a0\u00bb1\/3&Prime;][vc_single_image image=\u00a0\u00bb43854&Prime; img_size=\u00a0\u00bbfull\u00a0\u00bb css=\u00a0\u00bb\u00a0\u00bb][\/vc_column][\/vc_row][vc_row][vc_column][vc_column_text css=\u00a0\u00bb\u00a0\u00bb]<\/p>\n<h3><strong>Les glaciers rocheux de la vall\u00e9e de Madriu<\/strong><\/h3>\n<p>[\/vc_column_text][vc_column_text css=\u00a0\u00bb\u00a0\u00bb]Lorsque nous parlons de la vall\u00e9e de Madriu-Perafita-Claror, nous parlons d&rsquo;un patrimoine naturel et culturel unique, class\u00e9 au patrimoine mondial de l&rsquo;UNESCO. Ses lacs, for\u00eats et chemins historiques sont bien connus, mais ils cachent un tr\u00e9sor g\u00e9ologique souvent ignor\u00e9 : les glaciers rocheux.<\/p>\n<p>Ces formations, que nous pourrions facilement confondre avec de simples \u00e9boulis, sont en r\u00e9alit\u00e9 des vestiges fascinants d&rsquo;un pass\u00e9 glaciaire. Dans les vall\u00e9es d&rsquo;Ensagents, Perafita et dans la vall\u00e9e de Madriu elle-m\u00eame, surtout sur les pentes nord, nous pouvons trouver certains des meilleurs exemples des Pyr\u00e9n\u00e9es. Ce sont, pour ainsi dire, des \u00ab\u00a0glaciers de manuel\u00a0\u00bb pour l&rsquo;\u00e9tude scientifique.<\/p>\n<h4>Qu&rsquo;est-ce qu&rsquo;un glacier rocheux ?<\/h4>\n<p>Un glacier rocheux est une langue de glace et de blocs form\u00e9e il y a environ 11 000 ans dans cette zone, pendant une p\u00e9riode climatique froide et s\u00e8che. La neige, rare mais persistante, se compactait en glace au pied des parois, tout en se m\u00ealant \u00e0 la chute constante de blocs. Le r\u00e9sultat : un flux dense de roches abondantes et de glace qui agissait comme du ciment, descendant lentement la pente.<\/p>\n<p>Ce que nous voyons aujourd&rsquo;hui n&rsquo;est que sa \u00ab\u00a0peau fossilis\u00e9e\u00a0\u00bb : des masses lobulaires de blocs qui conservent encore la forme de langue et qui contrastent avec les \u00e9boulis conventionnels.<\/p>\n<h4 data-start=\"9075\" data-end=\"9122\">La vall\u00e9e de Madriu, un laboratoire naturel<\/h4>\n<p data-start=\"9124\" data-end=\"9221\">Le Madriu est un v\u00e9ritable mus\u00e9e en plein air pour ceux qui souhaitent d\u00e9couvrir ces formations :<\/p>\n<ul>\n<li data-start=\"9224\" data-end=\"9352\">Dans la vall\u00e9e d&rsquo;Ensagents, nous trouvons des glaciers rocheux parfaitement d\u00e9finis au pied des falaises ombrag\u00e9es de la vall\u00e9e.<\/li>\n<li data-start=\"9355\" data-end=\"9581\">\u00c0 Perafita, la pr\u00e9sence de mat\u00e9riau m\u00e9tamorphique a permis une conservation spectaculaire de ces langues, qui nous rappellent une coul\u00e9e de lave descendant la pente de la montagne, bien qu&rsquo;elles ne soient en rien volcaniques !<\/li>\n<li data-start=\"9584\" data-end=\"9899\">Dans les pentes ombrag\u00e9es de la vall\u00e9e de Madriu, les conditions climatiques plus froides de la zone et le mat\u00e9riau granitique ont laiss\u00e9 des traces de grande valeur scientifique : c&rsquo;est ici que l&rsquo;on peut \u00e9tudier des \u00ab\u00a0glaciers de manuel\u00a0\u00bb, id\u00e9aux pour comprendre la diff\u00e9rence entre un \u00e9boulis et un glacier rocheux.<\/li>\n<\/ul>\n<p data-start=\"9901\" data-end=\"10063\">Cet ensemble fait de la vall\u00e9e un point de r\u00e9f\u00e9rence pour la recherche g\u00e9ologique et climatique dans les Pyr\u00e9n\u00e9es, ainsi qu&rsquo;un attrait pour les visiteurs curieux.<\/p>\n<h4 data-start=\"10065\" data-end=\"10108\">Comment les diff\u00e9rencier d&rsquo;un \u00e9boulis ?<\/h4>\n<p data-start=\"10110\" data-end=\"10157\">En cas de doute, il y a deux indicateurs cl\u00e9s :<\/p>\n<ol>\n<li data-start=\"10161\" data-end=\"10243\">La forme lobulaire, comme une langue qui avance lentement en raison de la gravit\u00e9.<\/li>\n<li data-start=\"10247\" data-end=\"10473\">L&rsquo;origine des blocs : ils ont souvent voyag\u00e9 des dizaines ou centaines de m\u00e8tres depuis les falaises rocheuses d&rsquo;o\u00f9 ils sont tomb\u00e9s, ce qui est impossible dans un \u00e9boulis simple o\u00f9 les blocs roulent jusqu&rsquo;\u00e0 arr\u00eater leur chute.<\/li>\n<\/ol>\n<p data-start=\"10475\" data-end=\"10655\">De plus, les glaciers rocheux granitiques, comme ceux de Madriu, sont ceux qui ont le mieux r\u00e9sist\u00e9 \u00e0 l&rsquo;\u00e9preuve du temps et dont nous pouvons observer la structure presque intacte.<\/p>\n<h4 data-start=\"10657\" data-end=\"10685\">Sont-ils encore actifs ?<\/h4>\n<p data-start=\"10687\" data-end=\"11119\">Malgr\u00e9 leur aspect spectaculaire, les glaciers rocheux de la vall\u00e9e de Madriu sont des reliques : ils ne contiennent plus de glace \u00e0 l&rsquo;int\u00e9rieur. Les seuls glaciers rocheux actifs des Pyr\u00e9n\u00e9es se trouvent \u00e0 Besiberris, Posets et Cotiella. Mais cela n&rsquo;enl\u00e8ve rien \u00e0 leur int\u00e9r\u00eat ; au contraire, cela nous permet de lire l&rsquo;histoire climatique des Pyr\u00e9n\u00e9es et de comprendre comment la vie \u00e9tait lors des p\u00e9riodes beaucoup plus froides.<\/p>\n<h4 data-start=\"11121\" data-end=\"11155\">Une visite avec valeur ajout\u00e9e<\/h4>\n<p data-start=\"11157\" data-end=\"11490\">Parcourir les sentiers du Madriu n&rsquo;est pas seulement s&rsquo;immerger dans un paysage culturel et naturel exceptionnel : c&rsquo;est aussi voyager dans le pass\u00e9 glaciaire des Pyr\u00e9n\u00e9es. Ceux qui sauront observer trouveront, au-del\u00e0 des lacs et des for\u00eats, des traces qui expliquent comment la montagne a r\u00e9agi \u00e0 la derni\u00e8re grande vague de froid.<\/p>\n<p data-start=\"11492\" data-end=\"11735\">Les glaciers rocheux de la vall\u00e9e de Madriu, d&rsquo;Ensagents et de Perafita sont un tr\u00e9sor g\u00e9ologique et touristique qui combine science et beaut\u00e9. Une raison de plus pour d\u00e9couvrir, avec des yeux neufs, ce coin privil\u00e9gi\u00e9 des Pyr\u00e9n\u00e9es andorranes.<\/p>\n<p>[\/vc_column_text]<div class=\"clearboth\"><\/div><style>#thegem-divider-69eb305cc2deb {margin-top: 40px !important;}<\/style><div id=\"thegem-divider-69eb305cc2deb\" class=\"gem-divider  \" style=\"\" ><\/div>[\/vc_column][\/vc_row]<\/p>\n<\/div>","protected":false},"excerpt":{"rendered":"<p>[vc_row][vc_column][vc_separator][vc_single_image image=\u00a0\u00bb34491&Prime; img_size=\u00a0\u00bbfull\u00a0\u00bb][\/vc_column][\/vc_row][vc_row][vc_column][vc_column_text css=\u00a0\u00bb\u00a0\u00bb] LA G\u00c9OMORPHOLOGIE [\/vc_column_text][vc_column_text] La vall\u00e9e du Madriu-Perafita-Claror est une vall\u00e9e d\u2019origine glaciaire, pr\u00e9sentant des int\u00e9r\u00eats g\u00e9omorphologiques&#8230;<\/p>\n","protected":false},"author":1,"featured_media":0,"parent":0,"menu_order":0,"comment_status":"closed","ping_status":"closed","template":"","meta":{"_acf_changed":false,"footnotes":""},"class_list":["post-35311","page","type-page","status-publish"],"acf":[],"_links":{"self":[{"href":"https:\/\/www.madriu-perafita-claror.ad\/fr\/wp-json\/wp\/v2\/pages\/35311","targetHints":{"allow":["GET"]}}],"collection":[{"href":"https:\/\/www.madriu-perafita-claror.ad\/fr\/wp-json\/wp\/v2\/pages"}],"about":[{"href":"https:\/\/www.madriu-perafita-claror.ad\/fr\/wp-json\/wp\/v2\/types\/page"}],"author":[{"embeddable":true,"href":"https:\/\/www.madriu-perafita-claror.ad\/fr\/wp-json\/wp\/v2\/users\/1"}],"replies":[{"embeddable":true,"href":"https:\/\/www.madriu-perafita-claror.ad\/fr\/wp-json\/wp\/v2\/comments?post=35311"}],"version-history":[{"count":0,"href":"https:\/\/www.madriu-perafita-claror.ad\/fr\/wp-json\/wp\/v2\/pages\/35311\/revisions"}],"wp:attachment":[{"href":"https:\/\/www.madriu-perafita-claror.ad\/fr\/wp-json\/wp\/v2\/media?parent=35311"}],"curies":[{"name":"wp","href":"https:\/\/api.w.org\/{rel}","templated":true}]}}