{"id":35324,"date":"2019-03-22T17:15:27","date_gmt":"2019-03-22T17:15:27","guid":{"rendered":"https:\/\/www.madriu-perafita-claror.ad\/laigua"},"modified":"2024-07-10T14:32:29","modified_gmt":"2024-07-10T13:32:29","slug":"eau","status":"publish","type":"page","link":"https:\/\/www.madriu-perafita-claror.ad\/fr\/eau\/","title":{"rendered":"L&rsquo;eau"},"content":{"rendered":"<div class=\"wpb-content-wrapper\"><p>[vc_row][vc_column][vc_separator][vc_single_image image=\u00a0\u00bb34476&Prime; img_size=\u00a0\u00bbfull\u00a0\u00bb][\/vc_column][\/vc_row][vc_row][vc_column][vc_column_text css=\u00a0\u00bb\u00a0\u00bb]<\/p>\n<h2>L&rsquo;EAU<\/h2>\n<p>[\/vc_column_text][vc_column_text]<span id=\"result_box\" class=\"\" lang=\"fr\">L&rsquo;eau repr\u00e9sente une importante valeur <\/span><span id=\"result_box\" class=\"\" lang=\"fr\">immat\u00e9rielle d<\/span><span id=\"result_box\" class=\"\" lang=\"fr\">e ce paysage culturel<\/span><span id=\"result_box\" class=\"\" lang=\"fr\">.<\/span><\/p>\n<p style=\"text-align: justify;\">Lacs, rivi\u00e8res, sources et zones humides forment une s\u00e9rie de <span class=\"\">milieux pittoresques<\/span> d&rsquo;une grande importance et beaut\u00e9. Soulignons la trentaine de <span class=\"\">lacs<\/span> qui se trouvent dans la vall\u00e9e, et bien s\u00fbr la rivi\u00e8re Madriu, dont le nom signifie \u00ab\u00a0m\u00e8re de la rivi\u00e8re\u00a0\u00bb <span class=\"\">et qui<\/span> donne le nom \u00e0 la vall\u00e9e principale, ainsi qu&rsquo;\u00e0 son plus grand affluent, la rivi\u00e8re Perafita <span class=\"\">,<\/span> <span class=\"\">qui s&rsquo;unissent \u00e0<\/span> Entremesaig\u00fces. La rivi\u00e8re Madriu parcourt 11,5 km territoire <span class=\"\">avec<\/span> une pente moyenne de 7,6%.<\/p>\n<p style=\"text-align: justify;\">Le syst\u00e8me lacustre de la vall\u00e9e, d&rsquo;origine glaciaire, <span class=\"\">est tr\u00e8s important<\/span>, comme celui de Gargantillar-els Estanys ou l\u2019Estany de la Nou, avec deux lacs parmi <strong>les plus grands du pays<\/strong>, celui de l\u2019Illa et celui de Montmal\u00fas (dans la zone tampon), tous deux en territoire de la paroisse d\u2019Encamp. Ses eaux calmes, froides et pauvres en \u00e9l\u00e9ments nutritifs <span class=\"\">permettent<\/span> <span class=\"\">de supporter<\/span> des esp\u00e8ces v\u00e9g\u00e9tales adapt\u00e9es \u00e0 ce dur environnement.<\/p>\n<p><span id=\"result_box\" class=\"\" lang=\"fr\">De nombreuses sources et ruisseaux apparaissent \u00e0 la suite de la fonte <span class=\"\">de la neige accumul\u00e9e<\/span> en hiver. De temp\u00e9rature stable tout au long de l&rsquo;ann\u00e9e (entre 6\u00ba et 8\u00baC<span class=\"\">), ils offrent<\/span> un environnement stable pour la croissance des vari\u00e9t\u00e9s v\u00e9g\u00e9tales \u00e0 leurs bancs. <\/span><\/p>\n<p><span id=\"result_box\" class=\"\" lang=\"fr\"><span class=\"\">Historiquement<\/span>, l&rsquo;eau a \u00e9t\u00e9 utilis\u00e9e pour les diff\u00e9rentes activit\u00e9s: forge, moulins<span class=\"\">, l&rsquo;irrigation,<\/span> <span class=\"\">l&rsquo;\u00e9nergie hydro\u00e9lectrique<\/span> ou l&rsquo;eau potable. Toutes ces utilisations ont cr\u00e9\u00e9 des structures <span class=\"\">qui<\/span> aujourd&rsquo;hui sont consid\u00e9r\u00e9es partie du patrimoine culturel, bien que certaines soient disparues, d&rsquo;autres pas, et d&rsquo;autre soient <span class=\"\">toujours en fonctionnement<\/span>. <\/span><\/p>\n<p><span id=\"result_box\" class=\"\" lang=\"fr\">L\u2019eau capt\u00e9e dans la rivi\u00e8re Madriu permet de produire 15 % du total de l\u2019\u00e9nergie \u00e9lectrique g\u00e9n\u00e9r\u00e9e dans le pays, et que ses eaux garantissent \u00e9galement l\u2019approvisionnement en eau potable \u00e0 20 % de la population nationale.<\/span>[\/vc_column_text]<div class=\"clearboth\"><\/div><style>#thegem-divider-69eb305de6443 {margin-top: 40px !important;}<\/style><div id=\"thegem-divider-69eb305de6443\" class=\"gem-divider  \" style=\"\" ><\/div>[\/vc_column][\/vc_row][vc_row][vc_column]<div   class=\"gem-quote gem-quote-style-4 gem-quote-no-paddings \" ><blockquote  ><span id=\"result_box\" class=\"\" lang=\"fr\">L&rsquo;eau repr\u00e9sente une importante valeur <\/span><span id=\"result_box\" class=\"\" lang=\"fr\">immat\u00e9rielle d<\/span><span id=\"result_box\" class=\"\" lang=\"fr\">e ce paysage culturel<\/span><span id=\"result_box\" class=\"\" lang=\"fr\">.<\/span><\/blockquote><\/div>[\/vc_column][\/vc_row][vc_row][vc_column][vc_column_text]<\/p>\n<h3>LES ZONES HUMIDES<\/h3>\n<p>Les zones humides en Andorre (mouill\u00e8res, tourbi\u00e8res, \u00e9tangs et lacs) sont des terrains inond\u00e9s d&rsquo;eau de fa\u00e7on permanent ou temporaire. Ces conditions particuli\u00e8res permettent \u00e0 une flore et une faune tr\u00e8s sp\u00e9cifiques, d&rsquo;une grande valeur patrimoniale, de se d\u00e9velopper. Leur raret\u00e9 et fragilit\u00e9, et le fait qu&rsquo;elles occupent des petites surfaces, les rendent encore plus pr\u00e9cieuses. Ces mosa\u00efques sont des \u00e9cosyst\u00e8mes tr\u00e8s dynamiques et offrent de multiples avantages pour les humains:<\/p>\n<p>&#8211; Elles constituent des importantes r\u00e9serves d&rsquo;eau et en r\u00e9gulent leur qualit\u00e9.<br \/>\n&#8211; Elles participent au fonctionnement hydrologique.<br \/>\n&#8211; Elles contribuent \u00e0 la r\u00e9gulation du climat local.<br \/>\n&#8211; Elles sont des archives l&rsquo;histoire de la Terre, parce que la tourbe conserve intactes aussi bien les restes v\u00e9g\u00e9tales comme les vestiges arch\u00e9ologiques.<br \/>\n&#8211; Ces paysages sont d&rsquo;une grande valeur esth\u00e9tique, naturelles et culturelle.<\/p>\n<p>Les Mouill\u00e8res de la vall\u00e9e sont en bon \u00e9tat de conservation en raison d&rsquo;une influence anthropique r\u00e9duite, et fournissent une bonne repr\u00e9sentation de la biodiversit\u00e9 caract\u00e9ristique des zones humides des Pyr\u00e9n\u00e9es d&rsquo;eau acide.\u00a0 Elles maintiennent des esp\u00e8ces de flore et de faune menac\u00e9es, et des habitats d&rsquo;int\u00e9r\u00eat culturel et \u00e9cologique.<\/p>\n<p>L&rsquo;importance de ces zones humides \u00e0 travers le monde en 2012 a conduit \u00e0 l&rsquo;adh\u00e9sion de l&rsquo;Andorre \u00e0 la Convention de <strong>RAMSAR<\/strong>, avec l&rsquo;inscription des 59 mouill\u00e8res du Parc Naturel de la vall\u00e9e de Sorteny \u00e0 la liste des zones humides d&rsquo;importance internationale.<\/p>\n<p>En 2013, la vall\u00e9e de Madriu-Perafita-Claror a \u00e9t\u00e9 la deuxi\u00e8me zone dans le pays \u00e0 \u00eatre d\u00e9sign\u00e9e comme une zone d&rsquo;importance internationale par la Convention de Ramsar, car il existe sur son territoire 350 terres humides avec des habitats et des esp\u00e8ces de faune et flore d&rsquo;un grand int\u00e9r\u00eat pour sa conservation.(voir:<a href=\"https:\/\/rsis.ramsar.org\/ris\/2183\">https:\/\/rsis.ramsar.org\/ris\/2183<\/a>)<\/p>\n<p>Cette d\u00e9signation est destin\u00e9e \u00e0 donner une reconnaissance et\u00a0 protection internationale \u00e0 ces ressources naturelles,\u00a0 vu que cet accord international encourage et pr\u00e9conise la gestion int\u00e9gr\u00e9e des \u00e9cosyst\u00e8mes et encourage la recherche d&rsquo;un \u00e9quilibre entre l&rsquo;homme et l&rsquo;environnement.<\/p>\n<p>La Convention de Ramsar est un trait\u00e9 intergouvernemental qui ratifie les engagements pris par ses pays membres de maintenir les caract\u00e9ristiques \u00e9cologiques des zones humides et de planifier une utilisation rationnelle ou l&rsquo;utilisation durable de toutes les zones humides situ\u00e9es dans la zone ses territoires.<\/p>\n<p>Pour plus d&rsquo;informations, vous pouvez consulter les liens suivants:<\/p>\n<p><img class=\"alignnone size-medium wp-image-31053\" src=\"https:\/\/www.madriu-perafita-claror.ad\/wp-content\/uploads\/2019\/04\/trilingual-300x209.png\" alt=\"\" width=\"300\" height=\"209\" \/><\/p>\n<ul>\n<li><a href=\"https:\/\/www.ramsar.org\" target=\"_blank\" rel=\"noopener noreferrer\">https:\/\/www.ramsar.org<\/a><\/li>\n<li><a href=\"http:\/\/www.ramsar.org\/wetland\/andorra\" target=\"_blank\" rel=\"noopener noreferrer\">http:\/\/www.ramsar.org\/wetland\/andorra<\/a><\/li>\n<li><a href=\"http:\/\/www.mediambient.ad\/biodiversitat\/zones-humides\" target=\"_blank\" rel=\"noopener noreferrer\">http:\/\/www.mediambient.ad\/biodiversitat\/zones-humides<\/a><\/li>\n<\/ul>\n<p>[\/vc_column_text][\/vc_column][\/vc_row]<\/p>\n<\/div>","protected":false},"excerpt":{"rendered":"<p>[vc_row][vc_column][vc_separator][vc_single_image image=\u00a0\u00bb34476&Prime; img_size=\u00a0\u00bbfull\u00a0\u00bb][\/vc_column][\/vc_row][vc_row][vc_column][vc_column_text css=\u00a0\u00bb\u00a0\u00bb] L&rsquo;EAU [\/vc_column_text][vc_column_text]L&rsquo;eau repr\u00e9sente une importante valeur immat\u00e9rielle de ce paysage culturel. Lacs, rivi\u00e8res, sources et zones&#8230;<\/p>\n","protected":false},"author":1,"featured_media":0,"parent":0,"menu_order":0,"comment_status":"closed","ping_status":"closed","template":"","meta":{"_acf_changed":false,"footnotes":""},"class_list":["post-35324","page","type-page","status-publish"],"acf":[],"_links":{"self":[{"href":"https:\/\/www.madriu-perafita-claror.ad\/fr\/wp-json\/wp\/v2\/pages\/35324","targetHints":{"allow":["GET"]}}],"collection":[{"href":"https:\/\/www.madriu-perafita-claror.ad\/fr\/wp-json\/wp\/v2\/pages"}],"about":[{"href":"https:\/\/www.madriu-perafita-claror.ad\/fr\/wp-json\/wp\/v2\/types\/page"}],"author":[{"embeddable":true,"href":"https:\/\/www.madriu-perafita-claror.ad\/fr\/wp-json\/wp\/v2\/users\/1"}],"replies":[{"embeddable":true,"href":"https:\/\/www.madriu-perafita-claror.ad\/fr\/wp-json\/wp\/v2\/comments?post=35324"}],"version-history":[{"count":0,"href":"https:\/\/www.madriu-perafita-claror.ad\/fr\/wp-json\/wp\/v2\/pages\/35324\/revisions"}],"wp:attachment":[{"href":"https:\/\/www.madriu-perafita-claror.ad\/fr\/wp-json\/wp\/v2\/media?parent=35324"}],"curies":[{"name":"wp","href":"https:\/\/api.w.org\/{rel}","templated":true}]}}