{"id":36607,"date":"2019-11-14T11:20:47","date_gmt":"2019-11-14T11:20:47","guid":{"rendered":"https:\/\/www.madriu-perafita-claror.ad\/?page_id=36607"},"modified":"2024-08-13T11:46:58","modified_gmt":"2024-08-13T10:46:58","slug":"espaces-proteges","status":"publish","type":"page","link":"https:\/\/www.madriu-perafita-claror.ad\/fr\/espaces-proteges\/","title":{"rendered":"Espaces prot\u00e9g\u00e9s"},"content":{"rendered":"<div class=\"wpb-content-wrapper\"><p>[vc_row][vc_column][vc_separator][vc_single_image image=\u00a0\u00bb34473&Prime; img_size=\u00a0\u00bbfull\u00a0\u00bb][\/vc_column][\/vc_row][vc_row][vc_column][vc_column_text]<\/p>\n<h2>espaces prot\u00e9g\u00e9s<\/h2>\n<p>[\/vc_column_text][vc_column_text css=\u00a0\u00bb\u00a0\u00bb]<a href=\"https:\/\/www.madriu-perafita-claror.ad\/wp-content\/uploads\/2019\/11\/imatge-Guia-Espais-protegits-dAndorra.jpg\"><img class=\"size-medium wp-image-36621 alignleft\" src=\"https:\/\/www.madriu-perafita-claror.ad\/wp-content\/uploads\/2019\/11\/imatge-Guia-Espais-protegits-dAndorra-269x300.jpg\" alt=\"\" width=\"269\" height=\"300\" \/><\/a>En Andorre, outre la vall\u00e9e du Madriu-Perafita-Claror, nous avons deux autres espaces prot\u00e9g\u00e9s, les parcs naturels de la <a href=\"https:\/\/www.sorteny.ad\/\" target=\"_blank\" rel=\"noopener\">Vall de Sorteny<\/a> et des <a href=\"https:\/\/comapedrosa.ad\/fr\/\" target=\"_blank\" rel=\"noopener\">Valls del Comapedrosa<\/a>, ce qui repr\u00e9sente probablement une des plus importantes concentrations de ces zones prot\u00e9g\u00e9es au monde.<\/p>\n<p>Bien que les trois espaces pr\u00e9sentent des caract\u00e9ristiques similaires, ils pr\u00e9sentent \u00e9galement de nombreuses singularit\u00e9s. En ce qui concerne le premier aspect, notons que les trois ont comme objectif principal la pr\u00e9servation de leur patrimoine naturel et culturel. En outre, tous les trois disposent, en plus d&rsquo;un refuge prot\u00e9g\u00e9, d&rsquo;un r\u00e9seau de chemins riche et vari\u00e9 qui permet de d\u00e9couvrir leurs secrets cach\u00e9s, et les trois font partie de la liste des zones humides d&rsquo;importance internationale de Ramsar, trait\u00e9 international pour la conservation et l&rsquo;utilisation durable des milieux aquatiques.<\/p>\n<p>En ce qui concerne les particularit\u00e9s, la vall\u00e9e du Madriu-Perafita-Claror est inscrite sur la liste des sites du patrimoine mondial, tenant compte de sa valeur paysag\u00e8re, tandis que les deux autres espaces sont class\u00e9s comme parcs naturels. La vall\u00e9e du Madriu-Perafita-Claror se distingue par sa taille, beaucoup plus grande que les deux autres parcs et par la protection d&rsquo;une grande vall\u00e9e pr\u00e9serv\u00e9e dans son int\u00e9gralit\u00e9, fait inhabituel dans les Pyr\u00e9n\u00e9es. Le parc naturel de la vall\u00e9e de Sorteny se distingue par la grande vari\u00e9t\u00e9 d&rsquo;esp\u00e8ces de fleurs et d&rsquo;habitats qu&rsquo;il abrite, tandis que les principaux protagonistes du parc naturel du Comapedrosa sont les r\u00e9gions les plus hautes du pays, y compris le plus haut sommet d&rsquo;Andorre, le Comapedrosa (2 942 m) et les esp\u00e8ces adapt\u00e9es \u00e0 ces environnements extr\u00eames.<\/p>\n<p>Nous vous invitons \u00e0 d\u00e9couvrir ces trois espaces prot\u00e9g\u00e9s dans le guide que vous trouverez ci-dessous (guide en catalan uniquement), o\u00f9 nous vous pr\u00e9sentons quelques-unes des nombreuses promenades et activit\u00e9s que vous pouvez y faire, que vous nous visitiez en famille ou que vous souhaitiez faire une ballade n\u00e9cessitant une certaine pr\u00e9paration.[\/vc_column_text][vc_message css=\u00a0\u00bb\u00a0\u00bb]T\u00e9l\u00e9chargez le guide des espaces prot\u00e9g\u00e9s d&rsquo;Andorre en cliquant <a href=\"https:\/\/www.madriu-perafita-claror.ad\/wp-content\/uploads\/2019\/11\/Guia-Espais-Protegits_-final-1.pdf\" target=\"_blank\" rel=\"noopener\">ici<\/a>.[\/vc_message][\/vc_column][\/vc_row]<\/p>\n<\/div>","protected":false},"excerpt":{"rendered":"<p>[vc_row][vc_column][vc_separator][vc_single_image image=\u00a0\u00bb34473&Prime; img_size=\u00a0\u00bbfull\u00a0\u00bb][\/vc_column][\/vc_row][vc_row][vc_column][vc_column_text] espaces prot\u00e9g\u00e9s [\/vc_column_text][vc_column_text css=\u00a0\u00bb\u00a0\u00bb]En Andorre, outre la vall\u00e9e du Madriu-Perafita-Claror, nous avons deux autres espaces prot\u00e9g\u00e9s, les&#8230;<\/p>\n","protected":false},"author":5,"featured_media":0,"parent":0,"menu_order":0,"comment_status":"closed","ping_status":"closed","template":"","meta":{"_acf_changed":false,"footnotes":""},"class_list":["post-36607","page","type-page","status-publish"],"acf":[],"_links":{"self":[{"href":"https:\/\/www.madriu-perafita-claror.ad\/fr\/wp-json\/wp\/v2\/pages\/36607","targetHints":{"allow":["GET"]}}],"collection":[{"href":"https:\/\/www.madriu-perafita-claror.ad\/fr\/wp-json\/wp\/v2\/pages"}],"about":[{"href":"https:\/\/www.madriu-perafita-claror.ad\/fr\/wp-json\/wp\/v2\/types\/page"}],"author":[{"embeddable":true,"href":"https:\/\/www.madriu-perafita-claror.ad\/fr\/wp-json\/wp\/v2\/users\/5"}],"replies":[{"embeddable":true,"href":"https:\/\/www.madriu-perafita-claror.ad\/fr\/wp-json\/wp\/v2\/comments?post=36607"}],"version-history":[{"count":1,"href":"https:\/\/www.madriu-perafita-claror.ad\/fr\/wp-json\/wp\/v2\/pages\/36607\/revisions"}],"predecessor-version":[{"id":43339,"href":"https:\/\/www.madriu-perafita-claror.ad\/fr\/wp-json\/wp\/v2\/pages\/36607\/revisions\/43339"}],"wp:attachment":[{"href":"https:\/\/www.madriu-perafita-claror.ad\/fr\/wp-json\/wp\/v2\/media?parent=36607"}],"curies":[{"name":"wp","href":"https:\/\/api.w.org\/{rel}","templated":true}]}}