{"id":38019,"date":"2020-01-24T11:04:45","date_gmt":"2020-01-24T11:04:45","guid":{"rendered":"https:\/\/www.madriu-perafita-claror.ad\/merxandatge-de-la-vmpc\/"},"modified":"2026-02-11T11:33:30","modified_gmt":"2026-02-11T11:33:30","slug":"merxandatge-de-la-vmpc","status":"publish","type":"page","link":"https:\/\/www.madriu-perafita-claror.ad\/fr\/merxandatge-de-la-vmpc\/","title":{"rendered":"Merchandising VMPC"},"content":{"rendered":"<div class=\"wpb-content-wrapper\"><p>[vc_row][vc_column][vc_separator][vc_single_image image=\u00a0\u00bb44069&Prime; img_size=\u00a0\u00bbfull\u00a0\u00bb alignment=\u00a0\u00bbcenter\u00a0\u00bb css=\u00a0\u00bb\u00a0\u00bb][\/vc_column][\/vc_row][vc_row][vc_column][vc_column_text]<\/p>\n<h2>MERCHANDISING VMPC<\/h2>\n<p>[\/vc_column_text][vc_column_text]Voici le mat\u00e9riel de merchandising que vous trouverez au Portal de la Vall, ainsi qu&rsquo;\u00e0 les offices de tourisme d&rsquo;Encamp, Andorra la Vella, Sant Juli\u00e0 de L\u00f2ria et Escaldes-Engordany:[\/vc_column_text][\/vc_column][\/vc_row][vc_row][vc_column]<div class=\"gem-table gem-table-responsive gem-table-style-1\"><table style=\"border-collapse: collapse; width: 100%;\" border=\"1\">\n<tbody>\n<tr>\n<td style=\"width: 25%;\"><img class=\"alignnone wp-image-37922 aligncenter\" src=\"https:\/\/www.madriu-perafita-claror.ad\/wp-content\/uploads\/2020\/01\/Captura-de-pantalla-2020-01-24-a-las-11.10.43.png\" alt=\"\" width=\"171\" height=\"176\" \/><\/p>\n<p style=\"text-align: center;\"><strong>Carte postale Bordas de R\u00e0mio<\/strong><br \/>\n1,00 \u20ac<\/p>\n<\/td>\n<td style=\"width: 25%; text-align: center;\">\n<p><img class=\"alignnone wp-image-37914\" src=\"https:\/\/www.madriu-perafita-claror.ad\/wp-content\/uploads\/2020\/01\/Captura-de-pantalla-2020-01-24-a-las-11.11.05.png\" alt=\"\" width=\"234\" height=\"176\" \/><\/p>\n<p><strong>Carte postale Estany de la Bova<\/strong><br \/>\n1,00 \u20ac<\/td>\n<td style=\"width: 25%; text-align: center;\">\n<p><img class=\"alignnone wp-image-37918\" src=\"https:\/\/www.madriu-perafita-claror.ad\/wp-content\/uploads\/2020\/01\/Captura-de-pantalla-2020-01-24-a-las-11.10.51.png\" alt=\"\" width=\"167\" height=\"176\" \/><\/p>\n<p><strong>Carte postale Claror<\/strong><br \/>\n1,00 \u20ac<\/td>\n<td style=\"width: 25%; text-align: center;\">\n<p><img class=\"alignnone wp-image-37910\" src=\"https:\/\/www.madriu-perafita-claror.ad\/wp-content\/uploads\/2020\/01\/Captura-de-pantalla-2020-01-24-a-las-11.11.12.png\" alt=\"\" width=\"227\" height=\"176\" \/><\/p>\n<p><strong>Carte postale Pla de l&rsquo;Ingla<\/strong><br \/>\n1,00 \u20ac<\/td>\n<\/tr>\n<tr>\n<td style=\"width: 25%;\"><img class=\"wp-image-37962 aligncenter\" src=\"https:\/\/www.madriu-perafita-claror.ad\/wp-content\/uploads\/2020\/01\/Captura-de-pantalla-2020-01-24-a-las-11.36.20.png\" alt=\"\" width=\"147\" height=\"115\" \/><\/p>\n<p style=\"text-align: center;\"><strong>Aimant<\/strong><br \/>\n2,00 \u20ac<\/p>\n<\/td>\n<td style=\"width: 25%;\">\n<p style=\"text-align: center;\"><img class=\"wp-image-37970 aligncenter\" style=\"font-family: inherit; font-size: inherit;\" src=\"https:\/\/www.madriu-perafita-claror.ad\/wp-content\/uploads\/2020\/01\/Captura-de-pantalla-2020-01-24-a-las-11.36.27.png\" alt=\"\" width=\"176\" height=\"115\" \/><\/p>\n<p style=\"text-align: center;\"><strong>Aimant<\/strong><br \/>\n2,00 \u20ac<\/p>\n<\/td>\n<td style=\"width: 25%;\"><img class=\"wp-image-37946 aligncenter\" src=\"https:\/\/www.madriu-perafita-claror.ad\/wp-content\/uploads\/2020\/01\/Captura-de-pantalla-2020-01-24-a-las-11.21.28-1.png\" alt=\"\" width=\"216\" height=\"195\" srcset=\"https:\/\/www.madriu-perafita-claror.ad\/wp-content\/uploads\/2020\/01\/Captura-de-pantalla-2020-01-24-a-las-11.21.28-1.png 447w, https:\/\/www.madriu-perafita-claror.ad\/wp-content\/uploads\/2020\/01\/Captura-de-pantalla-2020-01-24-a-las-11.21.28-1-300x270.png 300w\" sizes=\"(max-width: 216px) 100vw, 216px\" \/><\/p>\n<p style=\"text-align: center;\"><strong>Documentaire VMPC<\/strong><br \/>\n<strong>Jaume Riba et \u00c0lex Tena<\/strong><br \/>\n6,00 \u20ac DVD<\/p>\n<\/td>\n<td style=\"width: 25%;\"><img class=\"wp-image-37954 aligncenter\" style=\"font-family: inherit; font-size: inherit;\" src=\"https:\/\/www.madriu-perafita-claror.ad\/wp-content\/uploads\/2020\/01\/Captura-de-pantalla-2020-01-24-a-las-11.21.36-1.png\" alt=\"\" width=\"136\" height=\"222\" srcset=\"https:\/\/www.madriu-perafita-claror.ad\/wp-content\/uploads\/2020\/01\/Captura-de-pantalla-2020-01-24-a-las-11.21.36-1.png 282w, https:\/\/www.madriu-perafita-claror.ad\/wp-content\/uploads\/2020\/01\/Captura-de-pantalla-2020-01-24-a-las-11.21.36-1-184x300.png 184w\" sizes=\"(max-width: 136px) 100vw, 136px\" \/><\/p>\n<p style=\"text-align: center;\"><strong>O\u00f9 observer nature a Andorre<\/strong><br \/>\n15,00 \u20ac Livre<\/p>\n<\/td>\n<\/tr>\n<tr>\n<td style=\"width: 25%;\"><img class=\" wp-image-37986 aligncenter\" src=\"https:\/\/www.madriu-perafita-claror.ad\/wp-content\/uploads\/2020\/01\/Captura-de-pantalla-2020-01-24-a-las-11.36.45.png\" alt=\"\" width=\"195\" height=\"281\" \/><\/p>\n<p style=\"text-align: center;\"><strong>T-shirt<\/strong><br \/>\n10,00 \u20ac<\/p>\n<\/td>\n<td style=\"width: 25%;\"><img class=\" wp-image-37978 aligncenter\" src=\"https:\/\/www.madriu-perafita-claror.ad\/wp-content\/uploads\/2020\/01\/Captura-de-pantalla-2020-01-24-a-las-11.36.37.png\" alt=\"\" width=\"193\" height=\"281\" \/><\/p>\n<p style=\"text-align: center;\"><strong>T-shirt<\/strong><br \/>\n10,00 \u20ac<\/p>\n<\/td>\n<td style=\"width: 25%;\"><img class=\" wp-image-37994 aligncenter\" src=\"https:\/\/www.madriu-perafita-claror.ad\/wp-content\/uploads\/2020\/01\/Captura-de-pantalla-2020-01-24-a-las-11.36.57.png\" alt=\"\" width=\"179\" height=\"54\" \/><\/p>\n<p style=\"text-align: center;\"><strong>Stylo en bois<\/strong><br \/>\n3,00 \u20ac<\/p>\n<\/td>\n<td style=\"width: 25%;\"><img class=\" wp-image-37998 aligncenter\" src=\"https:\/\/www.madriu-perafita-claror.ad\/wp-content\/uploads\/2020\/01\/Captura-de-pantalla-2020-01-24-a-las-11.37.05.png\" alt=\"\" width=\"196\" height=\"113\" \/><\/p>\n<p style=\"text-align: center;\"><strong>Set crayons de coleur<\/strong><br \/>\n4,00 \u20ac<\/p>\n<\/td>\n<\/tr>\n<tr>\n<td style=\"width: 25%;\"><img class=\"wp-image-37942 aligncenter\" src=\"https:\/\/www.madriu-perafita-claror.ad\/wp-content\/uploads\/2020\/01\/Captura-de-pantalla-2020-01-24-a-las-11.37.11.png\" alt=\"\" width=\"163\" height=\"202\" srcset=\"https:\/\/www.madriu-perafita-claror.ad\/wp-content\/uploads\/2020\/01\/Captura-de-pantalla-2020-01-24-a-las-11.37.11.png 276w, https:\/\/www.madriu-perafita-claror.ad\/wp-content\/uploads\/2020\/01\/Captura-de-pantalla-2020-01-24-a-las-11.37.11-242x300.png 242w\" sizes=\"(max-width: 163px) 100vw, 163px\" \/><\/p>\n<p style=\"text-align: center;\"><strong>Cahier avec stylo<\/strong><br \/>\n6,00 \u20ac<\/p>\n<\/td>\n<td style=\"width: 25%;\">\n<p style=\"text-align: center;\"><img class=\"alignnone wp-image-37984\" src=\"https:\/\/www.madriu-perafita-claror.ad\/wp-content\/uploads\/2020\/01\/Captura-de-pantalla-2020-01-24-a-las-11.37.50.png\" alt=\"\" width=\"109\" height=\"193\" \/><\/p>\n<p style=\"text-align: center;\"><strong>Andorra GRP<\/strong><br \/>\n14,00 \u20ac<\/p>\n<\/td>\n<td style=\"width: 25%;\"><img class=\" wp-image-37958 aligncenter\" src=\"https:\/\/www.madriu-perafita-claror.ad\/wp-content\/uploads\/2020\/01\/Captura-de-pantalla-2020-01-24-a-las-11.37.30.png\" alt=\"\" width=\"215\" height=\"151\" srcset=\"https:\/\/www.madriu-perafita-claror.ad\/wp-content\/uploads\/2020\/01\/Captura-de-pantalla-2020-01-24-a-las-11.37.30.png 616w, https:\/\/www.madriu-perafita-claror.ad\/wp-content\/uploads\/2020\/01\/Captura-de-pantalla-2020-01-24-a-las-11.37.30-600x422.png 600w, https:\/\/www.madriu-perafita-claror.ad\/wp-content\/uploads\/2020\/01\/Captura-de-pantalla-2020-01-24-a-las-11.37.30-300x211.png 300w\" sizes=\"(max-width: 215px) 100vw, 215px\" \/><\/p>\n<p style=\"text-align: center;\"><strong>Carte des refuges et GR<\/strong><br \/>\n2,90 \u20ac<\/p>\n<\/td>\n<td style=\"width: 25%;\"><img class=\" wp-image-37966 aligncenter\" src=\"https:\/\/www.madriu-perafita-claror.ad\/wp-content\/uploads\/2020\/01\/Captura-de-pantalla-2020-01-24-a-las-11.37.37.png\" alt=\"\" width=\"199\" height=\"112\" \/><\/p>\n<p style=\"text-align: center;\"><strong>Chemins d&rsquo;Andorre<\/strong><br \/>\n5,00 \u20ac<\/p>\n<\/td>\n<\/tr>\n<tr>\n<td style=\"width: 25%;\"><img class=\"wp-image-37974 aligncenter\" src=\"https:\/\/www.madriu-perafita-claror.ad\/wp-content\/uploads\/2020\/01\/Captura-de-pantalla-2020-01-24-a-las-11.37.44.png\" alt=\"\" width=\"116\" height=\"207\" \/><\/p>\n<p style=\"text-align: center;\"><strong>Chemin de reencounter<\/strong><br \/>\n10,00 \u20ac<\/p>\n<\/td>\n<td style=\"width: 25%;\"><img class=\"alignnone wp-image-37992 size-full\" src=\"https:\/\/www.madriu-perafita-claror.ad\/wp-content\/uploads\/2020\/01\/Captura-de-pantalla-2020-01-24-a-las-11.38.01.png\" alt=\"\" width=\"466\" height=\"361\" \/><\/p>\n<p style=\"text-align: center;\"><strong>Molly visite Andorra<\/strong><\/p>\n<p style=\"text-align: center;\"><strong> Le Tr\u00e8sor de Carlemany<\/strong><br \/>\n14,00 \u20ac Llibre<\/p>\n<\/td>\n<td style=\"width: 25%;\">&nbsp;<\/p>\n<p style=\"text-align: center;\">\n<\/td>\n<td style=\"width: 25%;\"><\/td>\n<\/tr>\n<\/tbody>\n<\/table>\n<\/div>[\/vc_column][\/vc_row]<\/p>\n<\/div>","protected":false},"excerpt":{"rendered":"<p>[vc_row][vc_column][vc_separator][vc_single_image image=\u00a0\u00bb44069&Prime; img_size=\u00a0\u00bbfull\u00a0\u00bb alignment=\u00a0\u00bbcenter\u00a0\u00bb css=\u00a0\u00bb\u00a0\u00bb][\/vc_column][\/vc_row][vc_row][vc_column][vc_column_text] MERCHANDISING VMPC [\/vc_column_text][vc_column_text]Voici le mat\u00e9riel de merchandising que vous trouverez au Portal de la Vall,&#8230;<\/p>\n","protected":false},"author":1,"featured_media":0,"parent":0,"menu_order":0,"comment_status":"closed","ping_status":"closed","template":"","meta":{"_acf_changed":false,"footnotes":""},"class_list":["post-38019","page","type-page","status-publish"],"acf":[],"_links":{"self":[{"href":"https:\/\/www.madriu-perafita-claror.ad\/fr\/wp-json\/wp\/v2\/pages\/38019","targetHints":{"allow":["GET"]}}],"collection":[{"href":"https:\/\/www.madriu-perafita-claror.ad\/fr\/wp-json\/wp\/v2\/pages"}],"about":[{"href":"https:\/\/www.madriu-perafita-claror.ad\/fr\/wp-json\/wp\/v2\/types\/page"}],"author":[{"embeddable":true,"href":"https:\/\/www.madriu-perafita-claror.ad\/fr\/wp-json\/wp\/v2\/users\/1"}],"replies":[{"embeddable":true,"href":"https:\/\/www.madriu-perafita-claror.ad\/fr\/wp-json\/wp\/v2\/comments?post=38019"}],"version-history":[{"count":0,"href":"https:\/\/www.madriu-perafita-claror.ad\/fr\/wp-json\/wp\/v2\/pages\/38019\/revisions"}],"wp:attachment":[{"href":"https:\/\/www.madriu-perafita-claror.ad\/fr\/wp-json\/wp\/v2\/media?parent=38019"}],"curies":[{"name":"wp","href":"https:\/\/api.w.org\/{rel}","templated":true}]}}