{"id":38249,"date":"2020-04-15T08:10:09","date_gmt":"2020-04-15T07:10:09","guid":{"rendered":"https:\/\/www.madriu-perafita-claror.ad\/?page_id=38249"},"modified":"2024-07-18T15:28:30","modified_gmt":"2024-07-18T14:28:30","slug":"generalites","status":"publish","type":"page","link":"https:\/\/www.madriu-perafita-claror.ad\/fr\/generalites\/","title":{"rendered":"G\u00e9n\u00e9ralit\u00e9s"},"content":{"rendered":"<div class=\"wpb-content-wrapper\"><p>[vc_row][vc_column][vc_separator][vc_single_image image=\u00a0\u00bb34461&Prime; img_size=\u00a0\u00bbfull\u00a0\u00bb][\/vc_column][\/vc_row][vc_row][vc_column][vc_column_text css=\u00a0\u00bb\u00a0\u00bb]<\/p>\n<h2>la vall\u00c9E dU madriu-perafita-claror: PATRIMOINE DE L&rsquo;HUMANIT\u00c9<\/h2>\n<p>[\/vc_column_text][vc_column_text]La vall\u00e9e du Madriu-Perafita-Claror fut d\u00e9clar\u00e9e patrimoine de l\u2019humanit\u00e9 par l\u2019UNESCO en 2004 eu \u00e9gard \u00e0 sa valeur paysagistique. La pr\u00e9servation d\u2019une vall\u00e9e majeure dans son int\u00e9gralit\u00e9 est un fait insolite, et un cas unique dans les Pyr\u00e9n\u00e9es.<\/p>\n<p>Situ\u00e9e au sud-est de l\u2019Andorre et occupant une superficie de<strong>\u00a04.247 ha<\/strong>, le territoire de la vall\u00e9e co\u00efncide avec le bassin hydrographique du Madriu,<strong>\u00a0repr\u00e9sente pr\u00e8s de 10 % de la superficie de l\u2019Andorre<\/strong>\u00a0et s\u2019\u00e9tend sur des terrains appartenant aux paroisses d\u2019Encamp, Andorra la Vella, Sant Juli\u00e0 de L\u00f2ria et Escaldes-Engordany.<\/p>\n<p>Une zone p\u00e9riph\u00e9rique de protection d\u2019une superficie de 4 092 ha entoure cet espace.<\/p>\n<p>La somme des superficies de la zone centrale et de la zone p\u00e9riph\u00e9rique repr\u00e9sente pratiquement<strong>\u00a0un cinqui\u00e8me du territoire andorran.<\/strong><\/p>\n<p>Environ 99% de la superficie de la vall\u00e9e du Madriu-Perafita-Claror\u00a0<strong>appartient aux communes.<\/strong>\u00a0Les 1% restants appartiennent \u00e0 une trentaine de propri\u00e9taires priv\u00e9s qui couvrent un peu plus de 42 hectares au fond de la vall\u00e9e, dans la commune d\u2019Escaldes-Engordany.[\/vc_column_text][vc_separator][\/vc_column][\/vc_row][vc_row][vc_column]<div   class=\"gem-quote gem-quote-style-4 \" ><blockquote  ><strong>Point culminant:<\/strong> 2,905 m, pic de la Portelleta<\/p>\n<p><strong>Point le plus bas:<\/strong> 1 056 m, Pont de la Tosca<\/p>\n<p>12 km de long<\/p>\n<p>Orientation Est-Ouest<\/blockquote><\/div>[\/vc_column][\/vc_row][vc_row][vc_column][vc_column_text]Les visiteurs de la vall\u00e9e appr\u00e9cieront lors de leur visite un grand nombre de sommets, plus d&rsquo;une trentaine de lacs, dont le deuxi\u00e8me plus grand lac du pays, l&rsquo;\u00e9tang de l&rsquo;Illa, ou la pr\u00e9sence de 70% des les esp\u00e8ces animales r\u00e9pertori\u00e9es en Andorre et 40% des habitats du pays. Ce ne sont que quelques-unes des attractions naturelles qui s&rsquo;ajoutent au patrimoine culturel de la vall\u00e9e que l&rsquo;UNESCO a reconnu comme exceptionnel &#8230;[\/vc_column_text][\/vc_column][\/vc_row][vc_row][vc_column][vc_single_image image=\u00a0\u00bb42995&Prime; img_size=\u00a0\u00bblarge\u00a0\u00bb alignment=\u00a0\u00bbcenter\u00a0\u00bb onclick=\u00a0\u00bbzoom\u00a0\u00bb css=\u00a0\u00bb\u00a0\u00bb][\/vc_column][\/vc_row]<\/p>\n<\/div>","protected":false},"excerpt":{"rendered":"<p>[vc_row][vc_column][vc_separator][vc_single_image image=\u00a0\u00bb34461&Prime; img_size=\u00a0\u00bbfull\u00a0\u00bb][\/vc_column][\/vc_row][vc_row][vc_column][vc_column_text css=\u00a0\u00bb\u00a0\u00bb] la vall\u00c9E dU madriu-perafita-claror: PATRIMOINE DE L&rsquo;HUMANIT\u00c9 [\/vc_column_text][vc_column_text]La vall\u00e9e du Madriu-Perafita-Claror fut d\u00e9clar\u00e9e patrimoine de l\u2019humanit\u00e9&#8230;<\/p>\n","protected":false},"author":2,"featured_media":0,"parent":0,"menu_order":0,"comment_status":"closed","ping_status":"closed","template":"","meta":{"_acf_changed":false,"footnotes":""},"class_list":["post-38249","page","type-page","status-publish"],"acf":[],"_links":{"self":[{"href":"https:\/\/www.madriu-perafita-claror.ad\/fr\/wp-json\/wp\/v2\/pages\/38249","targetHints":{"allow":["GET"]}}],"collection":[{"href":"https:\/\/www.madriu-perafita-claror.ad\/fr\/wp-json\/wp\/v2\/pages"}],"about":[{"href":"https:\/\/www.madriu-perafita-claror.ad\/fr\/wp-json\/wp\/v2\/types\/page"}],"author":[{"embeddable":true,"href":"https:\/\/www.madriu-perafita-claror.ad\/fr\/wp-json\/wp\/v2\/users\/2"}],"replies":[{"embeddable":true,"href":"https:\/\/www.madriu-perafita-claror.ad\/fr\/wp-json\/wp\/v2\/comments?post=38249"}],"version-history":[{"count":2,"href":"https:\/\/www.madriu-perafita-claror.ad\/fr\/wp-json\/wp\/v2\/pages\/38249\/revisions"}],"predecessor-version":[{"id":43240,"href":"https:\/\/www.madriu-perafita-claror.ad\/fr\/wp-json\/wp\/v2\/pages\/38249\/revisions\/43240"}],"wp:attachment":[{"href":"https:\/\/www.madriu-perafita-claror.ad\/fr\/wp-json\/wp\/v2\/media?parent=38249"}],"curies":[{"name":"wp","href":"https:\/\/api.w.org\/{rel}","templated":true}]}}