{"id":39455,"date":"2021-06-11T16:14:06","date_gmt":"2021-06-11T15:14:06","guid":{"rendered":"https:\/\/www.madriu-perafita-claror.ad\/?page_id=39455"},"modified":"2026-03-04T08:40:25","modified_gmt":"2026-03-04T08:40:25","slug":"jumelage","status":"publish","type":"page","link":"https:\/\/www.madriu-perafita-claror.ad\/fr\/jumelage\/","title":{"rendered":"Jumelage avec l&rsquo;entente des Causses &#038; C\u00e9vennes"},"content":{"rendered":"<div class=\"wpb-content-wrapper\"><p>[vc_row][vc_column][vc_separator][vc_single_image image=\u00a0\u00bb39461&Prime; img_size=\u00a0\u00bbfull\u00a0\u00bb][\/vc_column][\/vc_row][vc_row][vc_column][vc_column_text css=\u00a0\u00bb\u00a0\u00bb]<\/p>\n<h2>JUMELAGE AVEC L&rsquo;ENTENTE DES CAUSSES&amp;C\u00c9VENNES<\/h2>\n<p>[\/vc_column_text][vc_separator][\/vc_column][\/vc_row][vc_row][vc_column][vc_column_text css=\u00a0\u00bb\u00a0\u00bb]<img class=\"size-medium wp-image-39197 aligncenter\" src=\"https:\/\/www.madriu-perafita-claror.ad\/wp-content\/uploads\/2021\/01\/Entente_UNESCO-300x80.png\" alt=\"\" width=\"300\" height=\"80\" \/><\/p>\n<p>Le 6 juin 2019, la vall\u00e9e de Madriu-Perafita-Claror a \u00e9t\u00e9 jumel\u00e9e avec l\u2019accord Es Causses &amp; C\u00e9vennes. Ces deux lieux ont des caract\u00e9ristiques communes, \u00e0 savoir:<\/p>\n<ul>\n<li>sont des paysages culturels inscrits sur la Liste du patrimoine mondial,<\/li>\n<li>sont des biens naturels et de montagne,<\/li>\n<li>ils ont un important patrimoine de b\u00e9tail et de pierres s\u00e8ches.<\/li>\n<\/ul>\n<p>Les Causses et les C\u00e9vennes sont 2 territoires au sud du Massif Central fran\u00e7ais qui couvrent plus de 302 319 hectares.<\/p>\n<p>C\u2019est un paysage de montagnes et de vall\u00e9es profondes repr\u00e9sentatives de la relation entre les syst\u00e8mes agro-pastoraux et leur environnement biophysique. Les paysages ont \u00e9t\u00e9 fa\u00e7onn\u00e9s par l\u2019agropastoralisme pendant trois mill\u00e9naires, notamment \u00e0 travers les routes de transhumance. En Loz\u00e8re, la transhumance estivale est encore pratiqu\u00e9e traditionnellement.<\/p>\n<p>Les Causses et les C\u00e9vennes sont regroup\u00e9s dans une m\u00eame inscription \u00abCausses et C\u00e9vennes, le paysage culturel agro-pastoral de la M\u00e9diterran\u00e9e\u00bb inscrit au patrimoine mondial de l\u2019UNESCO depuis 2011.<\/p>\n<p><u><img class=\"size-medium wp-image-39193 alignleft\" src=\"https:\/\/www.madriu-perafita-claror.ad\/wp-content\/uploads\/2021\/01\/2019-06-06-19.53.18-300x197.jpg\" alt=\"\" width=\"300\" height=\"197\" \/><\/u><\/p>\n<p><strong><u>Objectifs du jumelage:<\/u><\/strong><\/p>\n<ul>\n<li>Partager des exp\u00e9riences et des mod\u00e8les de gestion sur la culture et le patrimoine,<\/li>\n<li>La cr\u00e9ation d\u2019un r\u00e9seau de coop\u00e9ration et de solidarit\u00e9, pour favoriser les sujets de travail ou d\u2019actions volontaires entre associations ou jeunes de chaque territoire,<\/li>\n<li>La cr\u00e9ation de synergies pour les \u00e9changes touristiques, scientifiques, \u00e9ducatifs et culturels,<\/li>\n<li>La promotion des deux territoires et de leurs valeurs \u00e0 travers la richesse des \u00e9changes entretenus,<\/li>\n<li>L\u2019ouverture des populations locales aux autres cultures.<\/li>\n<\/ul>\n<p>[\/vc_column_text][\/vc_column][\/vc_row]<\/p>\n<\/div>","protected":false},"excerpt":{"rendered":"<p>[vc_row][vc_column][vc_separator][vc_single_image image=\u00a0\u00bb39461&Prime; img_size=\u00a0\u00bbfull\u00a0\u00bb][\/vc_column][\/vc_row][vc_row][vc_column][vc_column_text css=\u00a0\u00bb\u00a0\u00bb] JUMELAGE AVEC L&rsquo;ENTENTE DES CAUSSES&amp;C\u00c9VENNES [\/vc_column_text][vc_separator][\/vc_column][\/vc_row][vc_row][vc_column][vc_column_text css=\u00a0\u00bb\u00a0\u00bb] Le 6 juin 2019, la vall\u00e9e de Madriu-Perafita-Claror a&#8230;<\/p>\n","protected":false},"author":2,"featured_media":0,"parent":0,"menu_order":0,"comment_status":"closed","ping_status":"closed","template":"","meta":{"_acf_changed":false,"footnotes":""},"class_list":["post-39455","page","type-page","status-publish"],"acf":[],"_links":{"self":[{"href":"https:\/\/www.madriu-perafita-claror.ad\/fr\/wp-json\/wp\/v2\/pages\/39455","targetHints":{"allow":["GET"]}}],"collection":[{"href":"https:\/\/www.madriu-perafita-claror.ad\/fr\/wp-json\/wp\/v2\/pages"}],"about":[{"href":"https:\/\/www.madriu-perafita-claror.ad\/fr\/wp-json\/wp\/v2\/types\/page"}],"author":[{"embeddable":true,"href":"https:\/\/www.madriu-perafita-claror.ad\/fr\/wp-json\/wp\/v2\/users\/2"}],"replies":[{"embeddable":true,"href":"https:\/\/www.madriu-perafita-claror.ad\/fr\/wp-json\/wp\/v2\/comments?post=39455"}],"version-history":[{"count":1,"href":"https:\/\/www.madriu-perafita-claror.ad\/fr\/wp-json\/wp\/v2\/pages\/39455\/revisions"}],"predecessor-version":[{"id":44174,"href":"https:\/\/www.madriu-perafita-claror.ad\/fr\/wp-json\/wp\/v2\/pages\/39455\/revisions\/44174"}],"wp:attachment":[{"href":"https:\/\/www.madriu-perafita-claror.ad\/fr\/wp-json\/wp\/v2\/media?parent=39455"}],"curies":[{"name":"wp","href":"https:\/\/api.w.org\/{rel}","templated":true}]}}