{"id":41380,"date":"2023-06-26T12:49:09","date_gmt":"2023-06-26T11:49:09","guid":{"rendered":"https:\/\/www.madriu-perafita-claror.ad\/?page_id=41380"},"modified":"2024-07-18T16:21:39","modified_gmt":"2024-07-18T15:21:39","slug":"conservation-forge","status":"publish","type":"page","link":"https:\/\/www.madriu-perafita-claror.ad\/fr\/conservation-forge\/","title":{"rendered":"Projet de recherche et de conservation de la Forge del Madriu (2021-2024)."},"content":{"rendered":"<div class=\"wpb-content-wrapper\"><p>[vc_row][vc_column][vc_separator][vc_single_image image=\u00a0\u00bb41430&Prime; img_size=\u00a0\u00bbfull\u00a0\u00bb][\/vc_column][\/vc_row][vc_row][vc_column][vc_column_text css=\u00a0\u00bb\u00a0\u00bb]<\/p>\n<h2>PROJECT DE RECHERCHE ET DE CONSERVATION DE LA FORGE DEL MADRIU (2021-2024). (2021-2024).<\/h2>\n<p>[\/vc_column_text][\/vc_column][\/vc_row][vc_row][vc_column][vc_column_text]La forge du Madriu est un bien d&rsquo;int\u00e9r\u00eat culturel dans la cat\u00e9gorie des sites arch\u00e9ologiques inclus dans le paysage prot\u00e9g\u00e9 du VMPC. Il int\u00e8gre une zone d\u00e9finie comme r\u00e9serve patrimoniale\/arch\u00e9ologique (ZRA) par le Plan de conservation du VMPC, et regroupe un ensemble patrimonial non seulement sid\u00e9rurgique, mais aussi agricole et routier. Cet ensemble est repr\u00e9sentatif de la diversit\u00e9 th\u00e9matique de la vall\u00e9e et ses vestiges arch\u00e9ologiques couvrent pr\u00e8s de six si\u00e8cles d&rsquo;histoire du VMPC. C&rsquo;est donc un site exceptionnel dans l&rsquo;histoire de la vall\u00e9e, mais c&rsquo;est aussi et surtout un site national unique, puisqu&rsquo;il n&rsquo;existe pas d&rsquo;autre site enti\u00e8rement pr\u00e9serv\u00e9 (Farga et environs). De plus, c&rsquo;est un exemple unique de forge catalane du XVIIIe si\u00e8cle. L&rsquo;\u00e9tude de cette typologie est in\u00e9dite dans les Pyr\u00e9n\u00e9es,<\/p>\n<p>Pour toutes ces raisons, le 12 juillet 2021, le minist\u00e8re de la Culture et des Sports du gouvernement andorran et la commission de gestion de la vall\u00e9e du Madriu-Perafita-Claror ont sign\u00e9 l&rsquo;accord de collaboration concernant le programme int\u00e9gral de conservation et de revalorisation de la forge d&rsquo;Andorre ( Madriu) qui a d\u00e9fini les lignes directrices de la collaboration technique et \u00e9conomique dans le projet des deux c\u00f4t\u00e9s.<\/p>\n<p>Il s&rsquo;agissait de r\u00e9aliser une \u00e9tude compl\u00e8te de la forge du Madriu comprenant des fouilles arch\u00e9ologiques et l&rsquo;analyse des mat\u00e9riaux dans un laboratoire sp\u00e9cialis\u00e9. A posteriori, les interventions n\u00e9cessaires seraient r\u00e9alis\u00e9es pour la conservation des vestiges et leur mise en valeur afin qu&rsquo;ils puissent \u00eatre visit\u00e9s.<\/p>\n<p>Il s&rsquo;agirait de la premi\u00e8re intervention de conservation globale \u00e0 mener dans la vall\u00e9e, et l&rsquo;\u00e9tude permettrait une connaissance de premi\u00e8re main de l&rsquo;activit\u00e9 sid\u00e9rurgique entre les XVIIIe et XIXe si\u00e8cles et comment elle a fa\u00e7onn\u00e9, en partie, la personnalit\u00e9 des Pyr\u00e9n\u00e9es. soci\u00e9t\u00e9, et Andorre en particulier.<\/p>\n<p><img class=\"aligncenter wp-image-41473\" src=\"https:\/\/www.madriu-perafita-claror.ad\/wp-content\/uploads\/2023\/06\/la-farga-1.jpg\" alt=\"\" width=\"600\" height=\"370\" \/><\/p>\n<p>Les structures de la forge et du marteau couvrent environ 1000 m2. Ajoutez la d\u00e9charge et quelques ouvrages annexes, la surface totale du gisement, sans compter les acc\u00e8s (routes), est de 1 245 m2 et environ 345 m\u00e8tres lin\u00e9aires de murs en pierre s\u00e8che double face doivent \u00eatre trait\u00e9s.<\/p>\n<p>Premi\u00e8re campagne : septembre 2021<\/p>\n<p>Les travaux devaient d\u00e9buter en 2020, mais la crise sanitaire ne l&rsquo;a pas permis. Ainsi, ils ont finalement commenc\u00e9 en septembre 2021.<\/p>\n<p>Aucun des b\u00e2timents n&rsquo;a conserv\u00e9 sa volum\u00e9trie d&rsquo;origine, au contraire, le plan de tous \u00e9tait encore lisible. La hauteur des murs \u00e9tait tr\u00e8s variable m\u00eame si, pour la plupart, les structures \u00e9taient tr\u00e8s d\u00e9vast\u00e9es (50 cm de hauteur moyenne).<\/p>\n<p>L&rsquo;\u00e9quipe qui a travaill\u00e9 sur cette premi\u00e8re campagne comprenait des membres du Centre national de la recherche scientifique (CNRS) et de l&rsquo;association Artisans B\u00e2tisseurs en Pierre<\/p>\n<p>S\u00e8che (ABPS), ainsi que des techniciens de la Direction du patrimoine culturel, du Com\u00fa de Andorra la Vella et de la vall\u00e9e du Madriu-Perafita-Claror.<\/p>\n<p>L&rsquo;\u00e9quipe de pierre s\u00e8che s&rsquo;est concentr\u00e9e sur la restauration du double mur sud du bot\u00e1s et a commenc\u00e9 la restauration du mur sud-est de l&rsquo;antepara, tandis que l&rsquo;\u00e9quipe d&rsquo;arch\u00e9ologues est intervenue dans le marteau et le canal. C&rsquo;est pr\u00e9cis\u00e9ment le creusement de la premi\u00e8re partie du canal qui a fourni l&rsquo;une des d\u00e9couvertes les plus significatives de cette campagne, la base en bois de la bo\u00eete \u00e0 vent. C&rsquo;est la troisi\u00e8me structure de ce type qui a \u00e9t\u00e9 document\u00e9e dans les Pyr\u00e9n\u00e9es !!<\/p>\n<p><img class=\"aligncenter wp-image-41477\" src=\"https:\/\/www.madriu-perafita-claror.ad\/wp-content\/uploads\/2023\/06\/la-farga-2.jpg\" alt=\"\" width=\"600\" height=\"643\" \/><\/p>\n<figure id=\"attachment_41481\" aria-describedby=\"caption-attachment-41481\" style=\"width: 600px\" class=\"wp-caption aligncenter\"><img class=\"wp-image-41481\" src=\"https:\/\/www.madriu-perafita-claror.ad\/wp-content\/uploads\/2023\/06\/la-farga-3.jpg\" alt=\"\" width=\"600\" height=\"270\" \/><figcaption id=\"caption-attachment-41481\" class=\"wp-caption-text\">Le marteau, avant le d\u00e9but des travaux (mai 2021)<\/figcaption><\/figure>\n<p><img class=\"aligncenter wp-image-41485\" src=\"https:\/\/www.madriu-perafita-claror.ad\/wp-content\/uploads\/2023\/06\/la-farga-4.jpg\" alt=\"\" width=\"600\" height=\"329\" \/><\/p>\n<p>Premi\u00e8re semaine de travaux (20 septembre 2021)- La restauration du secteur est du mur d&rsquo;enceinte d&rsquo;El Prat de Paleta a commenc\u00e9 avec la technique de la pierre s\u00e8che. De m\u00eame, une prospection arch\u00e9ologique \u00e0 c\u00f4t\u00e9 de ce mur a r\u00e9v\u00e9l\u00e9 une phase d&rsquo;occupation ant\u00e9rieure \u00e0 la construction du marteau de La Farga (fin du XVIIIe si\u00e8cle).<\/p>\n<p><img class=\"aligncenter wp-image-41489\" src=\"https:\/\/www.madriu-perafita-claror.ad\/wp-content\/uploads\/2023\/06\/la-farga-5.jpg\" alt=\"\" width=\"600\" height=\"450\" \/><\/p>\n<p>Troisi\u00e8me semaine de travail (29 septembre 2021) &#8211; L&rsquo;\u00e9quipe d&rsquo;arch\u00e9ologues a pu documenter la construction et l&rsquo;infrastructure du marteau et a commenc\u00e9 l&rsquo;excavation du canal, qui a fourni l&rsquo;une des d\u00e9couvertes les plus importantes, la base en bois de la boite \u00e0 vent.<\/p>\n<p>\uf0e0 LIEN VID\u00c9O<\/p>\n<p><strong>Deuxi\u00e8me campagne : ao\u00fbt 2022<\/strong><\/p>\n<p>L&rsquo;\u00e9quipe qui a travaill\u00e9 sur cette deuxi\u00e8me campagne comprend \u00e0 nouveau des membres du Centre national de la recherche scientifique (CNRS) et de l&rsquo;association Artisans B\u00e2tisseurs en Pierre S\u00e8che (ABPS), ainsi que des techniciens de la Direction du patrimoine culturel, de la Valle del Madriu-Perafita-Claror, mais n&rsquo;a pas eu les travailleurs du Com\u00fa de Andorre-la-Vieille.<\/p>\n<p>Dans la 1\u00e8re campagne, l&rsquo;\u00e9quipe de pierre s\u00e8che s&rsquo;est concentr\u00e9e sur la restauration du double mur sud du botazo et a commenc\u00e9 la restauration du mur sud-est de l&rsquo;antepara, tandis que l&rsquo;\u00e9quipe d&rsquo;arch\u00e9ologues est intervenue dans le marteau et le canal.<\/p>\n<p>Le projet de la deuxi\u00e8me phase de restauration a port\u00e9 sur le forgeron (restauration et cristallisation des murs de l&rsquo;atelier, du dressing et des murs du plan d&rsquo;eau, et adaptation du sol pour assurer la protection de la r\u00e9serve arch\u00e9ologique).<\/p>\n<p><img class=\"aligncenter wp-image-41493\" src=\"https:\/\/www.madriu-perafita-claror.ad\/wp-content\/uploads\/2023\/06\/la-farga-6.jpg\" alt=\"\" width=\"600\" height=\"1237\" \/><\/p>\n<p>Bien que cela n&rsquo;ait pas \u00e9t\u00e9 pr\u00e9vu initialement, l&rsquo;\u00e9volution des travaux arch\u00e9ologiques a montr\u00e9 qu&rsquo;il \u00e9tait prioritaire d&rsquo;intervenir dans la forge car le mur de sout\u00e8nement nord du secteur<\/p>\n<p>Les troncs s&rsquo;\u00e9taient effondr\u00e9s presque \u00e0 partir de la base et le mur ne reposait plus sur un sol ferme. L&rsquo;effondrement pourrait affecter une partie de la botte qui a \u00e9t\u00e9 restaur\u00e9e en 2021 et, dans tous les cas, il entra\u00eenerait un colmatage des structures mises au jour en 2022.<\/p>\n<p><img class=\"aligncenter wp-image-41497\" src=\"https:\/\/www.madriu-perafita-claror.ad\/wp-content\/uploads\/2023\/06\/la-farga-7.jpg\" alt=\"\" width=\"600\" height=\"183\" \/><\/p>\n<p>Pour les arch\u00e9ologues, le programme initial portait sur l&rsquo;ensemble de la forge, et une fois cette phase pr\u00e9liminaire termin\u00e9e, la deuxi\u00e8me \u00e9quipe devait travailler dans la cave \u00e0 charbon et dans les trois zones de la maison forge.<\/p>\n<p>Mais lors de la campagne 2021, quelques b\u00e2timents dont l&rsquo;existence n&rsquo;\u00e9tait pas connue ont \u00e9t\u00e9 identifi\u00e9s dans la maison de la forge. Notamment, au nord, une cabane construite sur le versant et un probable four \u00e0 pain qui se situent respectivement au-dessus de l&rsquo;espace de vie et de la pi\u00e8ce annexe est de la maison. Compte tenu de l&rsquo;interrelation fonctionnelle entre les deux zones centrales, l&rsquo;excavation de cette construction a \u00e9t\u00e9 prioris\u00e9e. Il faut \u00e9galement ajouter la t\u00e2che suppl\u00e9mentaire d\u00e9riv\u00e9e du fait que la hauteur pr\u00e9serv\u00e9e des murs de la maison de forge d\u00e9passait les pr\u00e9visions. Ainsi, certaines interventions dans la cave \u00e0 charbon ont \u00e9t\u00e9 annul\u00e9es et la documentation des deux espaces lat\u00e9raux de la maison et du four a \u00e9t\u00e9 laiss\u00e9e pour la campagne 2023.<\/p>\n<p><img class=\"aligncenter wp-image-41501\" src=\"https:\/\/www.madriu-perafita-claror.ad\/wp-content\/uploads\/2023\/06\/la-farga-8.jpg\" alt=\"\" width=\"600\" height=\"537\" \/><\/p>\n<p>Il faut dire qu&rsquo;en dehors de ces al\u00e9as impr\u00e9visibles mais normaux, dans un travail de ce type, il faut ajouter des conditions m\u00e9t\u00e9orologiques d\u00e9favorables. Les pluies de l&rsquo;apr\u00e8s-midi, quasi quotidiennes, ont entrav\u00e9 le bon d\u00e9roulement de l&rsquo;horaire.<\/p>\n<p>[\/vc_column_text][\/vc_column][\/vc_row]<\/p>\n<\/div>","protected":false},"excerpt":{"rendered":"<p>[vc_row][vc_column][vc_separator][vc_single_image image=\u00a0\u00bb41430&Prime; img_size=\u00a0\u00bbfull\u00a0\u00bb][\/vc_column][\/vc_row][vc_row][vc_column][vc_column_text css=\u00a0\u00bb\u00a0\u00bb] PROJECT DE RECHERCHE ET DE CONSERVATION DE LA FORGE DEL MADRIU (2021-2024). (2021-2024). [\/vc_column_text][\/vc_column][\/vc_row][vc_row][vc_column][vc_column_text]La forge du&#8230;<\/p>\n","protected":false},"author":5,"featured_media":0,"parent":0,"menu_order":0,"comment_status":"closed","ping_status":"closed","template":"","meta":{"_acf_changed":false,"footnotes":""},"class_list":["post-41380","page","type-page","status-publish"],"acf":[],"_links":{"self":[{"href":"https:\/\/www.madriu-perafita-claror.ad\/fr\/wp-json\/wp\/v2\/pages\/41380","targetHints":{"allow":["GET"]}}],"collection":[{"href":"https:\/\/www.madriu-perafita-claror.ad\/fr\/wp-json\/wp\/v2\/pages"}],"about":[{"href":"https:\/\/www.madriu-perafita-claror.ad\/fr\/wp-json\/wp\/v2\/types\/page"}],"author":[{"embeddable":true,"href":"https:\/\/www.madriu-perafita-claror.ad\/fr\/wp-json\/wp\/v2\/users\/5"}],"replies":[{"embeddable":true,"href":"https:\/\/www.madriu-perafita-claror.ad\/fr\/wp-json\/wp\/v2\/comments?post=41380"}],"version-history":[{"count":1,"href":"https:\/\/www.madriu-perafita-claror.ad\/fr\/wp-json\/wp\/v2\/pages\/41380\/revisions"}],"predecessor-version":[{"id":43287,"href":"https:\/\/www.madriu-perafita-claror.ad\/fr\/wp-json\/wp\/v2\/pages\/41380\/revisions\/43287"}],"wp:attachment":[{"href":"https:\/\/www.madriu-perafita-claror.ad\/fr\/wp-json\/wp\/v2\/media?parent=41380"}],"curies":[{"name":"wp","href":"https:\/\/api.w.org\/{rel}","templated":true}]}}