{"id":41772,"date":"2022-09-14T12:32:06","date_gmt":"2022-09-14T11:32:06","guid":{"rendered":"https:\/\/www.madriu-perafita-claror.ad\/politica-de-cookies\/"},"modified":"2022-09-14T12:32:06","modified_gmt":"2022-09-14T11:32:06","slug":"politica-de-cookies","status":"publish","type":"page","link":"https:\/\/www.madriu-perafita-claror.ad\/fr\/politica-de-cookies\/","title":{"rendered":"Pol\u00edtica de Cookies"},"content":{"rendered":"<h4>POL\u00cdTICA DE COOKIES<\/h4>\n<p>Durant la navegaci\u00f3 a trav\u00e9s del nostre web \u00e9s possible que recopilem informaci\u00f3 relativa al tr\u00e0nsit i a patrons de visita de les p\u00e0gines del nostre domini. Aquesta informaci\u00f3 es tracta a trav\u00e9s de galetes (petites quantitats d\u2019informaci\u00f3 en format text que la p\u00e0gina envia a l\u2019ordinador o equip de l\u2019usuari mentre la visita).<\/p>\n<p>L\u2019objectiu de l\u2019\u00fas de les galetes \u00e9s personalitzar l\u2019acc\u00e9s a la p\u00e0gina amb el prop\u00f2sit de millorar-ne la navegaci\u00f3 i les condicions de funcionalitat.<\/p>\n<p>Una galeta \u00e9s un petit arxiu de text que s\u2019emmagatzema a l\u2019ordinador, la tauleta, el tel\u00e8fon m\u00f2bil o, en definitiva, el dispositiu que utilitzi per navegar a trav\u00e9s d\u2019Internet i que pot guardar informaci\u00f3 relativa a la freq\u00fc\u00e8ncia amb qu\u00e8 visita les p\u00e0gines web, les seves prefer\u00e8ncies de navegaci\u00f3, la informaci\u00f3 que m\u00e9s li interessa i els noms d\u2019usuari, registrar productes, etc<\/p>\n<p>En el nostre cas, les galetes que fem servir al nostre web no recopilen informaci\u00f3 que l\u2019identifiqui de manera personal.<\/p>\n<p>El Responsable \u00e9s: VALL DEL MADRIU-PERAFITA-CLAROR.<\/p>\n<p>&nbsp;<\/p>\n<h4>TIPUS DE COOKIES<\/h4>\n<p>En funci\u00f3 de la seva naturalesa, les galetes es poden classificar de la manera seg\u00fcent:<\/p>\n<ul>\n<li>Galetes de sessi\u00f3 i galetes permanents: les primeres s\u2019eliminen en tancar el navegador, mentre que les segones romanen a l\u2019equip inform\u00e0tic.<\/li>\n<li>Galetes pr\u00f2pies i galetes de tercers: les primeres pertanyen al titular del web, mentre que les segones pertanyen a un tercer.<\/li>\n<\/ul>\n<h4>QUINES COOKIES UTILITZEM?<\/h4>\n<p>Estad\u00edstiques (4)<\/p>\n<p>Les cookies estad\u00edstiques ajuden als propietaris de p\u00e0gines web a entendre com interactuen els visitants amb les p\u00e0gines web reunint i proporcionant informaci\u00f3 de manera an\u00f2nima.<\/p>\n<table class=\"table style_detailedTable__1z5DD\">\n<thead>\n<tr>\n<th class=\"style_cookieNameHeader__2z_Gx\" scope=\"col\">Cookie<\/th>\n<th class=\"style_domainHeader__27tVT\" scope=\"col\">Domini<\/th>\n<th class=\"style_categoryHeader__2ZmQJ\" scope=\"col\">Tipus<\/th>\n<th scope=\"col\">Descripci\u00f3<\/th>\n<th class=\"style_durationHeader__3oPLP\" scope=\"col\">Durada<\/th>\n<\/tr>\n<\/thead>\n<tbody>\n<tr>\n<td>NID<\/td>\n<td class=\"style_dataRow__1snHz\" title=\".google.com\">.google.com<\/td>\n<td>Advertisement<\/td>\n<td>NID cookie, set by Google, is used for advertising purposes; to limit the number of times the user sees an ad, to mute unwanted ads, and to measure the effectiveness of ads.<\/td>\n<td class=\"style_dataRow__1snHz\" title=\"6 months\">6 months<\/td>\n<\/tr>\n<tr>\n<td>_ga<\/td>\n<td class=\"style_dataRow__1snHz\" title=\".madriu-perafita-claror.ad\">.madriu-perafita-claror.ad<\/td>\n<td>Analytics<\/td>\n<td>The _ga cookie, installed by Google Analytics, calculates visitor, session and campaign data and also keeps track of site usage for the site&rsquo;s analytics report. The cookie stores information anonymously and assigns a randomly generated number to recognize unique visitors.<\/td>\n<td class=\"style_dataRow__1snHz\" title=\"2 years\">2 years<\/td>\n<\/tr>\n<tr>\n<td>_gid<\/td>\n<td class=\"style_dataRow__1snHz\" title=\".madriu-perafita-claror.ad\">.madriu-perafita-claror.ad<\/td>\n<td>Analytics<\/td>\n<td>Installed by Google Analytics, _gid cookie stores information on how visitors use a website, while also creating an analytics report of the website&rsquo;s performance. Some of the data that are collected include the number of visitors, their source, and the pages they visit anonymously.<\/td>\n<td class=\"style_dataRow__1snHz\" title=\"1 day\">1 day<\/td>\n<\/tr>\n<tr>\n<td>_gat<\/td>\n<td class=\"style_dataRow__1snHz\" title=\".madriu-perafita-claror.ad\">.madriu-perafita-claror.ad<\/td>\n<td>Performance<\/td>\n<td>This cookie is installed by Google Universal Analytics to restrain request rate and thus limit the collection of data on high traffic sites.<\/td>\n<td class=\"style_dataRow__1snHz\" title=\"1 minute\">1 minute<\/td>\n<\/tr>\n<\/tbody>\n<\/table>\n<p><\/p>\n","protected":false},"excerpt":{"rendered":"<p>POL\u00cdTICA DE COOKIES Durant la navegaci\u00f3 a trav\u00e9s del nostre web \u00e9s possible que recopilem informaci\u00f3 relativa al tr\u00e0nsit i&#8230;<\/p>\n","protected":false},"author":1,"featured_media":0,"parent":0,"menu_order":0,"comment_status":"closed","ping_status":"closed","template":"","meta":{"_acf_changed":false,"footnotes":""},"class_list":["post-41772","page","type-page","status-publish"],"acf":[],"_links":{"self":[{"href":"https:\/\/www.madriu-perafita-claror.ad\/fr\/wp-json\/wp\/v2\/pages\/41772","targetHints":{"allow":["GET"]}}],"collection":[{"href":"https:\/\/www.madriu-perafita-claror.ad\/fr\/wp-json\/wp\/v2\/pages"}],"about":[{"href":"https:\/\/www.madriu-perafita-claror.ad\/fr\/wp-json\/wp\/v2\/types\/page"}],"author":[{"embeddable":true,"href":"https:\/\/www.madriu-perafita-claror.ad\/fr\/wp-json\/wp\/v2\/users\/1"}],"replies":[{"embeddable":true,"href":"https:\/\/www.madriu-perafita-claror.ad\/fr\/wp-json\/wp\/v2\/comments?post=41772"}],"version-history":[{"count":0,"href":"https:\/\/www.madriu-perafita-claror.ad\/fr\/wp-json\/wp\/v2\/pages\/41772\/revisions"}],"wp:attachment":[{"href":"https:\/\/www.madriu-perafita-claror.ad\/fr\/wp-json\/wp\/v2\/media?parent=41772"}],"curies":[{"name":"wp","href":"https:\/\/api.w.org\/{rel}","templated":true}]}}