{"id":42354,"date":"2024-05-22T11:16:21","date_gmt":"2024-05-22T10:16:21","guid":{"rendered":"https:\/\/www.madriu-perafita-claror.ad\/?page_id=42354"},"modified":"2025-08-18T10:06:20","modified_gmt":"2025-08-18T09:06:20","slug":"guide-audio","status":"publish","type":"page","link":"https:\/\/www.madriu-perafita-claror.ad\/fr\/guide-audio\/","title":{"rendered":"Guide audio"},"content":{"rendered":"<div class=\"wpb-content-wrapper\"><p>[vc_row][vc_column][vc_separator][vc_single_image image=\u00a0\u00bb42366&Prime; img_size=\u00a0\u00bbfull\u00a0\u00bb alignment=\u00a0\u00bbcenter\u00a0\u00bb css=\u00a0\u00bb\u00a0\u00bb][\/vc_column][\/vc_row][vc_row][vc_column][vc_column_text css=\u00a0\u00bb\u00a0\u00bb]<\/p>\n<h2>Guide audio<\/h2>\n<p>[\/vc_column_text][vc_column_text css=\u00a0\u00bb\u00a0\u00bb]<!--:ca--><\/p>\n<p>Planifiez votre prochaine visite dans la vall\u00e9e avec le guide audio.<\/p>\n<p>D\u00e9couvrez la beaut\u00e9 de la Vall del Madriu-Perafita-Claror, \u00e9merveillez-vous devant l&rsquo;histoire et explorez facilement les sentiers \u00e0 l&rsquo;aide de l&rsquo;audioguide.<\/p>\n<p>T\u00e9l\u00e9chargez l&rsquo;application <strong>izi.travel<\/strong> et laissez-vous guider \u00e0 travers la vall\u00e9e avec 12 itin\u00e9raires diff\u00e9rents que vous retrouverez dans le QR code suivant.<\/p>\n<p><img class=\"alignnone wp-image-43843 size-medium\" src=\"https:\/\/www.madriu-perafita-claror.ad\/wp-content\/uploads\/2025\/08\/Captura-de-pantalla-2025-08-18-105842-297x300.png\" alt=\"\" width=\"297\" height=\"300\" srcset=\"https:\/\/www.madriu-perafita-claror.ad\/wp-content\/uploads\/2025\/08\/Captura-de-pantalla-2025-08-18-105842-297x300.png 297w, https:\/\/www.madriu-perafita-claror.ad\/wp-content\/uploads\/2025\/08\/Captura-de-pantalla-2025-08-18-105842.png 547w\" sizes=\"(max-width: 297px) 100vw, 297px\" \/>[\/vc_column_text][\/vc_column][\/vc_row]<\/p>\n<\/div>","protected":false},"excerpt":{"rendered":"<p>[vc_row][vc_column][vc_separator][vc_single_image image=\u00a0\u00bb42366&Prime; img_size=\u00a0\u00bbfull\u00a0\u00bb alignment=\u00a0\u00bbcenter\u00a0\u00bb css=\u00a0\u00bb\u00a0\u00bb][\/vc_column][\/vc_row][vc_row][vc_column][vc_column_text css=\u00a0\u00bb\u00a0\u00bb] Guide audio [\/vc_column_text][vc_column_text css=\u00a0\u00bb\u00a0\u00bb] Planifiez votre prochaine visite dans la vall\u00e9e avec le guide&#8230;<\/p>\n","protected":false},"author":5,"featured_media":0,"parent":0,"menu_order":0,"comment_status":"closed","ping_status":"closed","template":"","meta":{"_acf_changed":false,"footnotes":""},"class_list":["post-42354","page","type-page","status-publish"],"acf":[],"_links":{"self":[{"href":"https:\/\/www.madriu-perafita-claror.ad\/fr\/wp-json\/wp\/v2\/pages\/42354","targetHints":{"allow":["GET"]}}],"collection":[{"href":"https:\/\/www.madriu-perafita-claror.ad\/fr\/wp-json\/wp\/v2\/pages"}],"about":[{"href":"https:\/\/www.madriu-perafita-claror.ad\/fr\/wp-json\/wp\/v2\/types\/page"}],"author":[{"embeddable":true,"href":"https:\/\/www.madriu-perafita-claror.ad\/fr\/wp-json\/wp\/v2\/users\/5"}],"replies":[{"embeddable":true,"href":"https:\/\/www.madriu-perafita-claror.ad\/fr\/wp-json\/wp\/v2\/comments?post=42354"}],"version-history":[{"count":2,"href":"https:\/\/www.madriu-perafita-claror.ad\/fr\/wp-json\/wp\/v2\/pages\/42354\/revisions"}],"predecessor-version":[{"id":43848,"href":"https:\/\/www.madriu-perafita-claror.ad\/fr\/wp-json\/wp\/v2\/pages\/42354\/revisions\/43848"}],"wp:attachment":[{"href":"https:\/\/www.madriu-perafita-claror.ad\/fr\/wp-json\/wp\/v2\/media?parent=42354"}],"curies":[{"name":"wp","href":"https:\/\/api.w.org\/{rel}","templated":true}]}}