{"id":44178,"date":"2026-03-04T09:48:37","date_gmt":"2026-03-04T09:48:37","guid":{"rendered":"https:\/\/www.madriu-perafita-claror.ad\/?page_id=44178"},"modified":"2026-03-05T10:52:03","modified_gmt":"2026-03-05T10:52:03","slug":"alliance-paysages-culturels","status":"publish","type":"page","link":"https:\/\/www.madriu-perafita-claror.ad\/fr\/alliance-paysages-culturels\/","title":{"rendered":"Alliance des Paysages Culturels"},"content":{"rendered":"<div class=\"wpb-content-wrapper\"><p>[vc_row][vc_column][vc_separator][vc_single_image image=\u00a0\u00bb44210&Prime; img_size=\u00a0\u00bbfull\u00a0\u00bb css=\u00a0\u00bb\u00a0\u00bb][\/vc_column][\/vc_row][vc_row][vc_column][vc_column_text css=\u00a0\u00bb\u00a0\u00bb]<\/p>\n<h2>ALLIANCE\u00a0 DES PAYSAGES CULTURELS DU PATRIMOINE MONDIAL ET SITES ASSOCI\u00c9S<\/h2>\n<p>[\/vc_column_text][vc_separator][\/vc_column][\/vc_row][vc_row][vc_column][vc_column_text css=\u00a0\u00bb\u00a0\u00bb]<a href=\"https:\/\/www.alianzapaisajesculturales.org\/\" target=\"_blank\" rel=\"noopener\"><img class=\"aligncenter wp-image-44184 size-full\" src=\"https:\/\/www.madriu-perafita-claror.ad\/wp-content\/uploads\/2026\/03\/Alianca-de-paisatges-culturals.png\" alt=\"\" width=\"275\" height=\"150\" \/><\/a><\/p>\n<p>La Vall del Madriu-Perafita-Claror est membre de l\u2019Alliance des Paysages Culturels du Patrimoine mondial et Sites associ\u00e9s, un r\u00e9seau de coop\u00e9ration r\u00e9unissant des paysages culturels inscrits sur la Liste du patrimoine mondial ainsi que d\u2019autres territoires pr\u00e9sentant des valeurs patrimoniales comparables.<\/p>\n<p>L\u2019Alliance a \u00e9t\u00e9 cr\u00e9\u00e9e afin de relier des territoires qui ont \u00e9volu\u00e9 \u00e0 travers une interaction durable entre les communaut\u00e9s humaines et leur environnement naturel, et qui \u0153uvrent aujourd\u2019hui conjointement \u00e0 la protection, \u00e0 la conservation, \u00e0 la gestion et \u00e0 la mise en valeur de cet h\u00e9ritage commun.<\/p>\n<p><strong>Qu\u2019est-ce que l\u2019Alliance des Paysages Culturels du Patrimoine mondial ?<\/strong><\/p>\n<p>L\u2019Alliance est une initiative de coop\u00e9ration internationale regroupant des paysages culturels inscrits sur la Liste du patrimoine mondial, ainsi que des sites associ\u00e9s partageant des caract\u00e9ristiques et des attributs patrimoniaux similaires.<\/p>\n<p>Ses principaux objectifs sont :<\/p>\n<ul>\n<li>Faciliter l\u2019\u00e9change de connaissances, d\u2019expertise et de bonnes pratiques en mati\u00e8re de gestion du patrimoine.<br \/>\n\u2022 Encourager la coop\u00e9ration dans des initiatives de conservation, de sauvegarde et de sensibilisation du public.<br \/>\n\u2022 Promouvoir la recherche et la r\u00e9flexion commune sur la protection \u00e0 long terme et la gestion durable des paysages culturels.<br \/>\n\u2022 Renforcer la visibilit\u00e9 internationale de ces biens et de leur Valeur Universelle Exceptionnelle.<\/li>\n<\/ul>\n<p><strong>Membres de l\u2019Alliance<\/strong><\/p>\n<p>L\u2019Alliance regroupe actuellement plusieurs biens du Patrimoine mondial situ\u00e9s principalement dans la p\u00e9ninsule Ib\u00e9rique :<\/p>\n<ul>\n<li>Paysage culturel d\u2019Aranjuez<br \/>\n\u2022 Paysage culturel de Sintra<br \/>\n\u2022 Ibiza, biodiversit\u00e9 et culture<br \/>\n\u2022 Palmeral d\u2019Elche<br \/>\n\u2022 Alhambra, Generalife et Albaic\u00edn, Grenade<br \/>\n\u2022 Paysage culturel de la Serra de Tramuntana<br \/>\n\u2022 Risco Ca\u00eddo et les Montagnes sacr\u00e9es de Grande Canarie, paysage culturel<br \/>\n\u2022 Tour d\u2019Hercule<br \/>\n\u2022 Vall del Madriu-Perafita-Claror<br \/>\n\u2022 Minorque talayotique<br \/>\n\u2022 Site des dolmens d\u2019Antequera<\/li>\n<\/ul>\n<p>\u00c0 certaines \u00e9tapes, le r\u00e9seau a \u00e9t\u00e9 \u00e9largi \u00e0 des institutions et sites associ\u00e9s. Par exemple, la Fondation San Mill\u00e1n de la Cogolla (Monast\u00e8res de Suso et Yuso) a r\u00e9cemment rejoint le r\u00e9seau \u00e9largi afin de coop\u00e9rer en mati\u00e8re de recherche et de diffusion du patrimoine.<\/p>\n<p>Tous ces territoires partagent la responsabilit\u00e9 de sauvegarder des paysages culturels vivants, o\u00f9 nature et culture ont co\u00e9volu\u00e9 au fil des si\u00e8cles et o\u00f9 les valeurs patrimoniales demeurent int\u00e9gr\u00e9es \u00e0 la vie contemporaine.<\/p>\n<p><strong>La Vall del Madriu-Perafita-Claror au sein de l\u2019Alliance<\/strong><\/p>\n<p>La Vall del Madriu-Perafita-Claror a rejoint l\u2019Alliance en 2023.<\/p>\n<p>Sa participation active se traduit par sa pr\u00e9sence aux assembl\u00e9es g\u00e9n\u00e9rales et aux r\u00e9unions techniques, o\u00f9 elle partage son exp\u00e9rience en mati\u00e8re de protection, de conservation, de gouvernance et de gestion du bien avec les autres membres.<\/p>\n<p>L\u2019adh\u00e9sion \u00e0 ce r\u00e9seau inscrit le bien dans un cadre international de coop\u00e9ration et contribue \u00e0 la r\u00e9flexion mondiale sur la protection, la conservation et la gestion durable des paysages culturels reconnus pour leur Valeur Universelle Exceptionnelle.<\/p>\n<p><strong>Avantages de l\u2019adh\u00e9sion<\/strong><\/p>\n<p>L\u2019adh\u00e9sion \u00e0 l\u2019Alliance pr\u00e9sente plusieurs avantages :<\/p>\n<ul>\n<li>Coop\u00e9ration et \u00e9change de bonnes pratiques avec d\u2019autres paysages culturels du Patrimoine mondial.<br \/>\n\u2022 Participation \u00e0 des forums techniques et \u00e0 des projets collaboratifs.<br \/>\n\u2022 Visibilit\u00e9 internationale accrue du bien en tant que paysage culturel de Valeur Universelle Exceptionnelle.<br \/>\n\u2022 Opportunit\u00e9s de coop\u00e9ration en conservation, \u00e9ducation, recherche et sensibilisation.<\/li>\n<\/ul>\n<p>Cette adh\u00e9sion renforce l\u2019engagement de la Vall\u00e9e en faveur de la protection, de la conservation et de la gestion durable \u00e0 long terme de son patrimoine culturel et naturel, ainsi que du travail conjoint visant \u00e0 relever les d\u00e9fis communs li\u00e9s \u00e0 la sauvegarde des biens du Patrimoine mondial.<\/p>\n<p>Plus d\u2019informations : <a href=\"https:\/\/www.alianzapaisajesculturales.org\/\" target=\"_blank\" rel=\"noopener\">https:\/\/www.alianzapaisajesculturales.org\/<\/a>[\/vc_column_text][\/vc_column][\/vc_row]<\/p>\n<\/div>","protected":false},"excerpt":{"rendered":"<p>[vc_row][vc_column][vc_separator][vc_single_image image=\u00a0\u00bb44210&Prime; img_size=\u00a0\u00bbfull\u00a0\u00bb css=\u00a0\u00bb\u00a0\u00bb][\/vc_column][\/vc_row][vc_row][vc_column][vc_column_text css=\u00a0\u00bb\u00a0\u00bb] ALLIANCE\u00a0 DES PAYSAGES CULTURELS DU PATRIMOINE MONDIAL ET SITES ASSOCI\u00c9S [\/vc_column_text][vc_separator][\/vc_column][\/vc_row][vc_row][vc_column][vc_column_text css=\u00a0\u00bb\u00a0\u00bb] La Vall del&#8230;<\/p>\n","protected":false},"author":5,"featured_media":0,"parent":0,"menu_order":0,"comment_status":"closed","ping_status":"closed","template":"","meta":{"_acf_changed":false,"footnotes":""},"class_list":["post-44178","page","type-page","status-publish"],"acf":[],"_links":{"self":[{"href":"https:\/\/www.madriu-perafita-claror.ad\/fr\/wp-json\/wp\/v2\/pages\/44178","targetHints":{"allow":["GET"]}}],"collection":[{"href":"https:\/\/www.madriu-perafita-claror.ad\/fr\/wp-json\/wp\/v2\/pages"}],"about":[{"href":"https:\/\/www.madriu-perafita-claror.ad\/fr\/wp-json\/wp\/v2\/types\/page"}],"author":[{"embeddable":true,"href":"https:\/\/www.madriu-perafita-claror.ad\/fr\/wp-json\/wp\/v2\/users\/5"}],"replies":[{"embeddable":true,"href":"https:\/\/www.madriu-perafita-claror.ad\/fr\/wp-json\/wp\/v2\/comments?post=44178"}],"version-history":[{"count":6,"href":"https:\/\/www.madriu-perafita-claror.ad\/fr\/wp-json\/wp\/v2\/pages\/44178\/revisions"}],"predecessor-version":[{"id":44219,"href":"https:\/\/www.madriu-perafita-claror.ad\/fr\/wp-json\/wp\/v2\/pages\/44178\/revisions\/44219"}],"wp:attachment":[{"href":"https:\/\/www.madriu-perafita-claror.ad\/fr\/wp-json\/wp\/v2\/media?parent=44178"}],"curies":[{"name":"wp","href":"https:\/\/api.w.org\/{rel}","templated":true}]}}