{"id":44665,"date":"2020-06-12T09:01:21","date_gmt":"2020-06-12T08:01:21","guid":{"rendered":"https:\/\/www.madriu-perafita-claror.ad\/els-mamifers\/"},"modified":"2026-05-16T18:09:28","modified_gmt":"2026-05-16T17:09:28","slug":"els-mamifers","status":"publish","type":"page","link":"https:\/\/www.madriu-perafita-claror.ad\/fr\/els-mamifers\/","title":{"rendered":"Mammif\u00e8res"},"content":{"rendered":"<div class=\"wpb-content-wrapper\"><p>[vc_row][vc_column][vc_separator][vc_single_image image=\u00a0\u00bb38700&Prime; img_size=\u00a0\u00bbfull\u00a0\u00bb alignment=\u00a0\u00bbcenter\u00a0\u00bb][\/vc_column][\/vc_row][vc_row][vc_column][vc_column_text]<\/p>\n<h2><span style=\"color: #808080;\">LA FAMILLE DES MAMMIF\u00c8RES (Vert\u00e9br\u00e9s)<\/span><\/h2>\n<p>[\/vc_column_text][vc_column_text]Dans la vall\u00e9e de Madriu-Perafita-Claror, deux esp\u00e8ces en danger critique d&rsquo;extinction ont \u00e9t\u00e9 recens\u00e9es&nbsp;: l&rsquo;ours brun ( <em>Ursus arctos<\/em> ) et le rat musqu\u00e9 ( <em>Galemys pirenaicus<\/em> ). On peut \u00e9galement signaler la pr\u00e9sence de deux autres esp\u00e8ces menac\u00e9es d&rsquo;extinction&nbsp;: le chat sauvage ( <em>Felis silvestris<\/em> ) et le lapin de garenne ( <em>Oryctolagus cuniculus<\/em> ). <\/p>\n<table style=\"height: 825px;\" width=\"1063\">\n<tbody>\n<tr style=\"height: 25px;\">\n<td style=\"height: 25px;\" width=\"205\">CLASSE<\/td>\n<td style=\"height: 25px;\" width=\"205\">COMMANDE<\/td>\n<td style=\"height: 25px;\" width=\"205\">COMMANDE<\/td>\n<td style=\"height: 25px;\" width=\"205\">NOM SCIENTIFIQUE<\/td>\n<td style=\"height: 25px;\" width=\"243\">NOM COMMUN<\/td>\n<\/tr>\n<tr style=\"height: 25px;\">\n<td style=\"height: 800px;\" rowspan=\"32\">5. Mammif\u00e8res<\/td>\n<td style=\"height: 800px;\" rowspan=\"32\" width=\"205\">Artiodactyles<\/td>\n<td style=\"height: 50px;\" rowspan=\"2\" width=\"205\">Bovid\u00e9s<\/td>\n<td style=\"height: 25px;\" width=\"205\"><a href=\"https:\/\/ca.wikipedia.org\/wiki\/Mufl\u00f3\"><i>Ovis orientalis musimon<\/i><\/a><\/td>\n<td style=\"height: 25px;\" width=\"243\">Mouflon<\/td>\n<\/tr>\n<tr style=\"height: 25px;\">\n<td style=\"height: 25px;\" width=\"205\"><a href=\"https:\/\/ca.wikipedia.org\/wiki\/Isard_pirinenc\"><i>Rupicapra pyrenaica<\/i><\/a><\/td>\n<td style=\"height: 25px;\" width=\"243\">Chamois<\/td>\n<\/tr>\n<tr style=\"height: 25px;\">\n<td style=\"height: 25px;\" width=\"205\">Cervidae<\/td>\n<td style=\"height: 25px;\" width=\"205\"><a href=\"https:\/\/ca.wikipedia.org\/wiki\/C%C3%A9rvol_com%C3%BA\">Cervus elaphus<\/a><\/td>\n<td style=\"height: 25px;\" width=\"243\">Cerf<\/td>\n<\/tr>\n<tr style=\"height: 25px;\">\n<td style=\"height: 50px;\" rowspan=\"2\" width=\"205\">Suidae<\/td>\n<td style=\"height: 25px;\" width=\"205\"><a href=\"https:\/\/ca.wikipedia.org\/wiki\/Cabirol\"><i>Capreolus capreolus<\/i><\/a><\/td>\n<td style=\"height: 25px;\" width=\"243\">Cerf<\/td>\n<\/tr>\n<tr style=\"height: 25px;\">\n<td style=\"height: 25px;\" width=\"205\"><a href=\"https:\/\/ca.wikipedia.org\/wiki\/Senglar\"><i>Sus scrofa<\/i><\/a><\/td>\n<td style=\"height: 25px;\" width=\"243\">sanglier<\/td>\n<\/tr>\n<tr style=\"height: 25px;\">\n<td style=\"height: 250px;\" rowspan=\"10\" width=\"205\">Carnivores<\/td>\n<td style=\"height: 25px;\" width=\"205\"><a href=\"https:\/\/ca.wikipedia.org\/wiki\/Guineu_roja\"><i>Vulpes vulpes<\/i><\/a><\/td>\n<td style=\"height: 25px;\" width=\"243\">Renard<\/td>\n<\/tr>\n<tr style=\"height: 25px;\">\n<td style=\"height: 25px;\" width=\"205\"><a href=\"https:\/\/ca.wikipedia.org\/wiki\/Gat_salvatge\"><i>chats sauvages<\/i><\/a><\/td>\n<td style=\"height: 25px;\" width=\"243\">Chat fait \u2207 \u263b\u263b\u263b<\/td>\n<\/tr>\n<tr style=\"height: 25px;\">\n<td style=\"height: 25px;\" width=\"205\"><a href=\"https:\/\/ca.wikipedia.org\/wiki\/Ll%C3%BAdria_comuna\">Loutre Loutre<\/a><\/td>\n<td style=\"height: 25px;\" width=\"243\">Loutre<\/td>\n<\/tr>\n<tr style=\"height: 25px;\">\n<td style=\"height: 25px;\" width=\"205\"><a href=\"https:\/\/ca.wikipedia.org\/wiki\/Fagina\"><i>Martre<\/i><\/a><\/td>\n<td style=\"height: 25px;\" width=\"243\">Fagina \u263b<\/td>\n<\/tr>\n<tr style=\"height: 25px;\">\n<td style=\"height: 25px;\" width=\"205\"><a href=\"https:\/\/ca.wikipedia.org\/wiki\/Marta_(esp\u00e8cie)\"><i>Mardi Mardi<\/i><\/a><\/td>\n<td style=\"height: 25px;\" width=\"243\">Martha \u263b<\/td>\n<\/tr>\n<tr style=\"height: 25px;\">\n<td style=\"height: 25px;\" width=\"205\"><a href=\"https:\/\/ca.wikipedia.org\/wiki\/Toix\u00f3\"><i>Miel miel<\/i><\/a><\/td>\n<td style=\"height: 25px;\" width=\"243\">Blaireau \u263b<\/td>\n<\/tr>\n<tr style=\"height: 25px;\">\n<td style=\"height: 25px;\" width=\"205\"><a href=\"https:\/\/ca.wikipedia.org\/wiki\/Ermini\"><i>Hermine<\/i><\/a><\/td>\n<td style=\"height: 25px;\" width=\"243\">Hermine \u263b\u263b<\/td>\n<\/tr>\n<tr style=\"height: 25px;\">\n<td style=\"height: 25px;\" width=\"205\"><a href=\"https:\/\/ca.wikipedia.org\/wiki\/Mostela\"><i>belette des neiges<\/i><\/a><\/td>\n<td style=\"height: 25px;\" width=\"243\">Belette\/Panicule \u263b<\/td>\n<\/tr>\n<tr style=\"height: 25px;\">\n<td style=\"height: 25px;\" width=\"205\"><a href=\"https:\/\/ca.wikipedia.org\/wiki\/\u00d3s_bru\"><i>Ours<\/i><\/a><\/td>\n<td style=\"height: 25px;\" width=\"243\">Ours brun \u2207 \u263b\u263b\u263b<\/td>\n<\/tr>\n<tr style=\"height: 25px;\">\n<td style=\"height: 25px;\" width=\"205\"><a href=\"https:\/\/ca.wikipedia.org\/wiki\/Geneta_comuna\"><i>Genetta genetta<\/i><\/a><\/td>\n<td style=\"height: 25px;\" width=\"243\">Genet \u263b<\/td>\n<\/tr>\n<tr style=\"height: 25px;\">\n<td style=\"height: 125px;\" rowspan=\"5\" width=\"205\">Eulipotyphles<\/td>\n<td style=\"height: 25px;\" width=\"205\"><a href=\"https:\/\/ca.wikipedia.org\/wiki\/Talp\">Taupe europ\u00e9enne<\/a><\/td>\n<td style=\"height: 25px;\" width=\"243\">Taupe<\/td>\n<\/tr>\n<tr style=\"height: 25px;\">\n<td style=\"height: 25px;\" width=\"205\"><a href=\"https:\/\/ca.wikipedia.org\/wiki\/Almesquera\">Galemys pyrenaicus<\/a><\/td>\n<td style=\"height: 25px;\" width=\"243\">Musk \u2207 \u263b\u263b\u263b<\/td>\n<\/tr>\n<tr style=\"height: 25px;\">\n<td style=\"height: 25px;\" width=\"205\"><a href=\"https:\/\/ca.wikipedia.org\/wiki\/Musaranya_aqu%C3%A0tica_pirinenca\">Neomys fodiens<\/a><\/td>\n<td style=\"height: 25px;\">musaraigne d&rsquo;eau des Pyr\u00e9n\u00e9es<\/td>\n<\/tr>\n<tr style=\"height: 25px;\">\n<td style=\"height: 25px;\" width=\"205\"><a href=\"https:\/\/ca.wikipedia.org\/wiki\/Musaranya_cuaquadrada\"><i>Sorex araneus<\/i><\/a><\/td>\n<td style=\"height: 25px;\" width=\"243\">Musaraigne \u00e0 queue carr\u00e9e \u263b<\/td>\n<\/tr>\n<tr style=\"height: 25px;\">\n<td style=\"height: 25px;\" width=\"205\"><a href=\"https:\/\/ca.wikipedia.org\/wiki\/Musaranya_nana\"><i>Sorex minutus<\/i><\/a><\/td>\n<td style=\"height: 25px;\" width=\"243\">Petite musaraigne \u263b<\/td>\n<\/tr>\n<tr style=\"height: 25px;\">\n<td style=\"height: 50px;\" rowspan=\"2\" width=\"205\">Lagomorphes<\/td>\n<td style=\"height: 25px;\" width=\"205\"><a href=\"https:\/\/ca.wikipedia.org\/wiki\/Llebre_comuna\"><i>Li\u00e8vre d&rsquo;Europe<\/i><\/a><\/td>\n<td style=\"height: 25px;\" width=\"243\">Li\u00e8vre d&rsquo;Europe<\/td>\n<\/tr>\n<tr style=\"height: 25px;\">\n<td style=\"height: 25px;\" width=\"205\"><a href=\"https:\/\/ca.wikipedia.org\/wiki\/Conill_de_bosc\"><i>Oryctolagus cuniculus<\/i><\/a><\/td>\n<td style=\"height: 25px;\" width=\"243\">Lapin des bois<\/td>\n<\/tr>\n<tr style=\"height: 25px;\">\n<td style=\"height: 25px;\" width=\"205\">Chiropt\u00e8res<\/td>\n<td style=\"height: 25px;\" width=\"205\"><a href=\"https:\/\/ca.wikipedia.org\/wiki\/Ratpenat_de_ferradura_petit\"><i>Rhinolophus hipposideros<\/i><\/a><\/td>\n<td style=\"height: 25px;\" width=\"243\">Chauve-souris fer \u00e0 cheval mineure<\/td>\n<\/tr>\n<tr style=\"height: 25px;\">\n<td style=\"height: 225px;\" rowspan=\"9\" width=\"205\">Rongeurs<\/td>\n<td style=\"height: 25px;\" width=\"205\"><a href=\"https:\/\/ca.wikipedia.org\/wiki\/Rata_d%27aigua\">Arvicola sapidus<\/a><\/td>\n<td style=\"height: 25px;\" width=\"243\">Rat d&rsquo;eau<\/td>\n<\/tr>\n<tr style=\"height: 25px;\">\n<td style=\"height: 25px;\" width=\"205\"><a href=\"https:\/\/ca.wikipedia.org\/wiki\/Talp\u00f3_roig\"><i>Myodes glareolus<\/i><\/a><\/td>\n<td style=\"height: 25px;\" width=\"243\">Taupe rouge \u263b<\/td>\n<\/tr>\n<tr style=\"height: 25px;\">\n<td style=\"height: 25px;\" width=\"205\"><a href=\"https:\/\/ca.wikipedia.org\/wiki\/Talp\u00f3_muntanyenc\"><i>Microtus agrestis<\/i><\/a><\/td>\n<td style=\"height: 25px;\" width=\"243\">Taupe des montagnes \u263b<\/td>\n<\/tr>\n<tr style=\"height: 25px;\">\n<td style=\"height: 25px;\" width=\"205\"><a href=\"https:\/\/ca.wikipedia.org\/wiki\/Lir%C3%B3_gris\">Glisse glisse<\/a><\/td>\n<td style=\"height: 25px;\" width=\"243\">Loir gris<\/td>\n<\/tr>\n<tr style=\"height: 25px;\">\n<td style=\"height: 25px;\" width=\"205\"><a href=\"https:\/\/ca.wikipedia.org\/wiki\/Rata_cellarda\"><i>Eliomys quercinus<\/i><\/a><\/td>\n<td style=\"height: 25px;\" width=\"243\">Rat de cave \u263b<\/td>\n<\/tr>\n<tr style=\"height: 25px;\">\n<td style=\"height: 25px;\" width=\"205\"><a href=\"https:\/\/ca.wikipedia.org\/wiki\/Ratol%C3%AD_com%C3%BA\">Mus musculus<\/a><\/td>\n<td style=\"height: 25px;\" width=\"243\">Souris domestique<\/td>\n<\/tr>\n<tr style=\"height: 25px;\">\n<td style=\"height: 25px;\" width=\"205\"><a href=\"https:\/\/ca.wikipedia.org\/wiki\/Ratol\u00ed_de_bosc\"><i>Apodemus sylvaticus<\/i><\/a><\/td>\n<td style=\"height: 25px;\" width=\"243\">Souris des bois \u263b<\/td>\n<\/tr>\n<tr style=\"height: 25px;\">\n<td style=\"height: 25px;\" width=\"205\"><a href=\"https:\/\/ca.wikipedia.org\/wiki\/Marmota_alpina\"><i>Marmotte marmotte<\/i><\/a><\/td>\n<td style=\"height: 25px;\" width=\"243\">Marmotte<\/td>\n<\/tr>\n<tr style=\"height: 25px;\">\n<td style=\"height: 25px;\" width=\"205\"><a href=\"https:\/\/ca.wikipedia.org\/wiki\/Esquirol\"><i>\u00c9cureuil commun<\/i><\/a><\/td>\n<td style=\"height: 25px;\" width=\"243\">\u00c9cureuil \u263b<\/td>\n<\/tr>\n<\/tbody>\n<\/table>\n<p>[\/vc_column_text][vc_column_text]<\/p>\n<table style=\"height: 466px;\" width=\"1151\">\n<tbody>\n<tr>\n<td width=\"288\">\n<p style=\"text-align: justify;\"><span style=\"text-decoration: underline;\"><span style=\"font-size: 8pt;\">Esp\u00e8ces animales class\u00e9es selon l&rsquo;UICN (<\/span><\/span> <span style=\"text-decoration: underline;\"><span style=\"font-size: 8pt;\">Union internationale pour la conservation de la nature) en fonction du degr\u00e9<\/span><\/span> <span style=\"text-decoration: underline;\"><span style=\"font-size: 8pt;\">de menace ( <a href=\"https:\/\/www.bopa.ad\/bopa\/025027\/Pagines\/7F35A.aspx\" target=\"_blank\" rel=\"noopener noreferrer\">BOPA 12\/06\/13<\/a> )&nbsp;:<\/span><\/span><br \/>\n \u263b <span style=\"color: #f8f8f8;\">\u263b\u263b<\/span> <span style=\"font-size: 8pt;\">Esp\u00e8ces prot\u00e9g\u00e9es (62,6 %)<\/span><br \/>\n \u263b\u263b <span style=\"color: #f8f8f8;\">\u263b<\/span> <span style=\"font-size: 8pt;\">Esp\u00e8ces prot\u00e9g\u00e9es et menac\u00e9es (14,5 %)<\/span><br \/>\n \u263b\u263b\u263b <span style=\"font-size: 8pt;\">Esp\u00e8ces prot\u00e9g\u00e9es et menac\u00e9es (6,9 %)<\/span><\/p>\n<p style=\"text-align: justify;\"><span style=\"font-size: 8pt;\">( <span style=\"color: #ff0000;\">Vert\u00e9br\u00e9s : prot\u00e9g\u00e9s : 84 % et menac\u00e9s ou en voie de disparition : 21,4 %<\/span> )<\/span><\/p>\n<p style=\"text-align: justify;\"><span style=\"font-size: 8pt;\">( <span style=\"color: #ff0000;\">Papillons : prot\u00e9g\u00e9s : 94,2 % et menac\u00e9s ou en voie de disparition : 29,1 %<\/span> )<\/span><\/p>\n<p style=\"text-align: center;\">\u25ac<\/p>\n<p>\u2295<span style=\"color: #f8f8f8;\">\u2295\u2295\u2295<\/span> <span style=\"font-size: 8pt;\">Esp\u00e8ces chassables ( <a href=\"https:\/\/www.bopa.ad\/bopa\/027067\/Pagines\/GR20150930_12_16_12.aspx\" target=\"_blank\" rel=\"noopener noreferrer\">R\u00e8glement d&rsquo;application de la loi sur la chasse<\/a> )  <\/span><br \/>\n<span style=\"color: #f8f8f8;\">\u2295\u2295\u2295\u2295<\/span> <span style=\"font-size: 8pt;\">p\u00eache autoris\u00e9e ( <a href=\"https:\/\/www.bopa.ad\/bopa\/015029\/Pagines\/2D212.aspx\" target=\"\"_blank<sup><\/sup>\u00a0\u00bb rel=\u00a0\u00bbnoopener noreferrer\u00a0\u00bb>R\u00e9glementation de la p\u00eache<\/a> )<\/span><br \/>\n<span style=\"color: #f8f8f8;\">\u2295\u2295\u2295\u2295<\/span> <span style=\"font-size: 8pt;\">et d\u2019autres (par exemple, le <a href=\"https:\/\/www.bopa.ad\/bopa\/019048\/Pagines\/4C2DA.aspx\" target=\"\"_blank<sup><\/sup>\u00a0\u00bb rel=\u00a0\u00bbnoopener noreferrer\u00a0\u00bb>plan de gestion du chamois de la Principaut\u00e9 d\u2019Andorre<\/a> )<\/span><\/p>\n<p><span style=\"color: #ff0000;\">\u2192<\/span> <span style=\"font-size: 8pt;\">Plus d&rsquo;informations&nbsp;: <a href=\"http:\/\/www.patrimoninatural.ad\/fauna\/gestio-de-la-caca\/la-practica-de-la-caca\" target=\"_blank\" rel=\"noopener noreferrer\">www.patrimoninatural.ad<\/a> et <a href=\"http:\/\/www.facip.com\/info-llicencies#especies\" target=\"_blank\" rel=\"noopener noreferrer\">www.facip.com<\/a><\/span><\/td>\n<td style=\"text-align: justify;\" width=\"288\"><span style=\"text-decoration: underline;\"><span style=\"font-size: 8pt;\">Esp\u00e8ces inscrites \u00e0 l\u2019annexe II de la <a href=\"https:\/\/www.bopa.ad\/bopa\/012041\/Pagines\/1E14E.aspx\" target=\"_blank\" rel=\"noopener noreferrer\">Convention de Berne<\/a> (esp\u00e8ces strictement prot\u00e9g\u00e9es dont l\u2019habitat est \u00e9galement prot\u00e9g\u00e9 par l\u2019interdiction de la d\u00e9t\u00e9rioration ou de la destruction intentionnelle des sites de reproduction ou de leurs aires de repos)&nbsp;:<\/span><\/span><br \/>\n \u2207 <span style=\"color: #f8f8f8;\">\u2207\u2207\u2207<\/span> <span style=\"font-size: 8pt;\">Esp\u00e8ces strictement prot\u00e9g\u00e9es (51,1 %)<\/span><br \/>\n \u2207\u2207 <span style=\"color: #f8f8f8;\">\u2207\u2207<\/span> <span style=\"font-size: 8pt;\">Esp\u00e8ces <a href=\"https:\/\/ca.wikipedia.org\/wiki\/Endemisme\" target=\"_blank\" rel=\"noopener noreferrer\">end\u00e9miques<\/a> strictement prot\u00e9g\u00e9es<\/span><br \/>\n\u2207\u2207\u2207 <span style=\"color: #f8f8f8;\">\u2207<\/span> <span style=\"font-size: 8pt;\">Esp\u00e8ces strictement prot\u00e9g\u00e9es, \u00e9tudi\u00e9es et conserv\u00e9es par le <a href=\"http:\/\/www.adn-andorra.org\/websadn\/pact\/\" target=\"_blank\" rel=\"noopener noreferrer\">PACT<\/a> (Plan d&rsquo;action pour la conservation du Trencal\u00f2s), cr\u00e9\u00e9 en 1999 par le gouvernement andorran et l&rsquo;Association pour la d\u00e9fense de la nature (ADN).<\/span><br \/>\n\u2207\u2207\u2207\u2207  <span style=\"font-size: 8pt;\">Esp\u00e8ces strictement prot\u00e9g\u00e9es d&rsquo;int\u00e9r\u00eat communautaire, dont la pr\u00e9sence a \u00e9t\u00e9 d\u00e9montr\u00e9e en 2011 gr\u00e2ce au <a href=\"http:\/\/web.bomosa.ad\/node\/47\" target=\"_blank\" rel=\"noopener noreferrer\">projet FELIS<\/a> (accord entre l&rsquo;association philanthropique BOMOSA et le gouvernement d&rsquo;Andorre).<\/span><span style=\"font-size: 8pt;\">[\u00b9] = lien en espagnol ; [\u00b2] = lien en fran\u00e7ais<\/span><\/td>\n<\/tr>\n<\/tbody>\n<\/table>\n<p>&nbsp;<\/p>\n<p><strong><span style=\"color: #0000ff; text-decoration: underline;\"><span style=\"text-decoration: underline;\">Sources<\/span> :<\/span><\/strong><\/p>\n<p><span style=\"color: #ff0000;\">\u2022<\/span> <span style=\"font-size: 9pt;\">\u00ab\u00a0Inventaire entomologique de la Vall\u00e9e du Madriu-Perafita-Claror (Andorre) 2006<br \/>\n<\/span> <span style=\"color: #ff0000;\">\u2022<\/span><span style=\"font-size: 9pt;\">\u00ab\u00a0Mise \u00e0 jour des donn\u00e9es collect\u00e9es dans les stations du PROGRAMME DE SURVEILLANCE DES PAPILSONS en ANDORRE (BMSAnd)\u00a0\u00bb CENMA 2014. <\/span><br \/>\n<span style=\"color: #ff0000;\">\u2022<\/span> <span style=\"font-size: 9pt;\">CENMA &#8211; Centre andorran d&rsquo;\u00e9tudes sur la neige et la montagne<\/span><br \/>\n<span style=\"color: #ff0000;\">\u2022<\/span><span style=\"font-size: 9pt;\">Liens et photos : <a href=\"https:\/\/www.wikipedia.org\/\" target=\"_blank\" rel=\"noopener noreferrer\">www.wikipedia.org<\/a> .<\/span>[\/vc_column_text][\/vc_column][\/vc_row]<\/p>\n<\/div>","protected":false},"excerpt":{"rendered":"<p>[vc_row][vc_column][vc_separator][vc_single_image image=\u00a0\u00bb38700&Prime; img_size=\u00a0\u00bbfull\u00a0\u00bb alignment=\u00a0\u00bbcenter\u00a0\u00bb][\/vc_column][\/vc_row][vc_row][vc_column][vc_column_text] LA FAMILLE DES MAMMIF\u00c8RES (Vert\u00e9br\u00e9s) [\/vc_column_text][vc_column_text]Dans la vall\u00e9e de Madriu-Perafita-Claror, deux esp\u00e8ces en danger critique d&rsquo;extinction&#8230;<\/p>\n","protected":false},"author":2,"featured_media":0,"parent":0,"menu_order":0,"comment_status":"closed","ping_status":"closed","template":"","meta":{"_acf_changed":false,"footnotes":""},"class_list":["post-44665","page","type-page","status-publish"],"acf":[],"_links":{"self":[{"href":"https:\/\/www.madriu-perafita-claror.ad\/fr\/wp-json\/wp\/v2\/pages\/44665","targetHints":{"allow":["GET"]}}],"collection":[{"href":"https:\/\/www.madriu-perafita-claror.ad\/fr\/wp-json\/wp\/v2\/pages"}],"about":[{"href":"https:\/\/www.madriu-perafita-claror.ad\/fr\/wp-json\/wp\/v2\/types\/page"}],"author":[{"embeddable":true,"href":"https:\/\/www.madriu-perafita-claror.ad\/fr\/wp-json\/wp\/v2\/users\/2"}],"replies":[{"embeddable":true,"href":"https:\/\/www.madriu-perafita-claror.ad\/fr\/wp-json\/wp\/v2\/comments?post=44665"}],"version-history":[{"count":9,"href":"https:\/\/www.madriu-perafita-claror.ad\/fr\/wp-json\/wp\/v2\/pages\/44665\/revisions"}],"predecessor-version":[{"id":44762,"href":"https:\/\/www.madriu-perafita-claror.ad\/fr\/wp-json\/wp\/v2\/pages\/44665\/revisions\/44762"}],"wp:attachment":[{"href":"https:\/\/www.madriu-perafita-claror.ad\/fr\/wp-json\/wp\/v2\/media?parent=44665"}],"curies":[{"name":"wp","href":"https:\/\/api.w.org\/{rel}","templated":true}]}}