{"id":44691,"date":"2020-06-12T09:01:22","date_gmt":"2020-06-12T08:01:22","guid":{"rendered":"https:\/\/www.madriu-perafita-claror.ad\/les-papallones\/"},"modified":"2026-05-16T18:15:38","modified_gmt":"2026-05-16T17:15:38","slug":"les-papallones","status":"publish","type":"page","link":"https:\/\/www.madriu-perafita-claror.ad\/fr\/les-papallones\/","title":{"rendered":"Les papillons"},"content":{"rendered":"<div class=\"wpb-content-wrapper\"><p>[vc_row][vc_column][vc_separator][vc_single_image image=\u00a0\u00bb38672&Prime; img_size=\u00a0\u00bbfull\u00a0\u00bb alignment=\u00a0\u00bbcenter\u00a0\u00bb][\/vc_column][\/vc_row][vc_row][vc_column][vc_column_text]<\/p>\n<h2><span style=\"color: #808080;\">LA FAMILLE DES L\u00c9PIDOPT\u00c8RES (papillons et mites)<\/span><\/h2>\n<p>[\/vc_column_text][vc_column_text]La vall\u00e9e abrite une faune invert\u00e9br\u00e9e riche, notamment 114 esp\u00e8ces de papillons. La vall\u00e9e de Madriu-Perafita-Claror fait partie du Programme de suivi des papillons d&rsquo;Andorre (BMSAnd) depuis 2015. <\/p>\n<table width=\"1409\">\n<tbody>\n<tr>\n<td width=\"71\">CLASSE<\/td>\n<td width=\"223\">COMMANDE<\/td>\n<td width=\"244\">SOUS-COMMANDE<\/td>\n<td width=\"287\">FAMILLE<\/td>\n<td width=\"340\">NOM SCIENTIFIQUE<\/td>\n<td width=\"244\">NOM COMMUN<\/td>\n<\/tr>\n<tr>\n<td rowspan=\"130\">Insectes<\/td>\n<td rowspan=\"130\">L\u00e9pidopt\u00e8res (papillons et mites)<\/td>\n<td rowspan=\"16\">Papillons nocturnes ou H\u00e9t\u00e9roc\u00e8res<\/td>\n<td>Noctuidae (noctuid\u00e9s)<\/td>\n<td>ict\u00e8re xanthia<\/td>\n<td><\/td>\n<\/tr>\n<tr>\n<td>Zygaenidae (Zygaenid\u00e9s)<\/td>\n<td>Zygaena exulans<\/td>\n<td><\/td>\n<\/tr>\n<tr>\n<td rowspan=\"14\">Geometridae (insectes g\u00e9om\u00e9triques)<\/td>\n<td>Asthena albulata<\/td>\n<td><\/td>\n<\/tr>\n<tr>\n<td>Exanth\u00e8mes du cuir chevelu<\/td>\n<td><\/td>\n<\/tr>\n<tr>\n<td>Cabera pusaria<\/td>\n<td><\/td>\n<\/tr>\n<tr>\n<td>Eulithis prunata<\/td>\n<td><\/td>\n<\/tr>\n<tr>\n<td>Eupithecia tantilaria<\/td>\n<td><\/td>\n<\/tr>\n<tr>\n<td>Hydriomena furcata<\/td>\n<td><\/td>\n<\/tr>\n<tr>\n<td>Minoa murinata<\/td>\n<td><\/td>\n<\/tr>\n<tr>\n<td>Plagodis pulveraria<\/td>\n<td><\/td>\n<\/tr>\n<tr>\n<td>Pseudopanthera macularia<\/td>\n<td><\/td>\n<\/tr>\n<tr>\n<td>Scopula floslactata<\/td>\n<td><\/td>\n<\/tr>\n<tr>\n<td>Semiothisa clathrata<\/td>\n<td><\/td>\n<\/tr>\n<tr>\n<td>Siona lineata<\/td>\n<td><\/td>\n<\/tr>\n<tr>\n<td>Xanthorhoe montana subsp. montana <\/td>\n<td><\/td>\n<\/tr>\n<tr>\n<td>Xanthorhoe spadicearia<\/td>\n<td><\/td>\n<\/tr>\n<tr>\n<td rowspan=\"114\">Papillons ou mites<\/td>\n<td rowspan=\"12\">Hesperiidae (Hesp\u00e9rides)<\/td>\n<td>Carcharodus alceae<\/td>\n<td>T\u00eatard commun \u263b<\/td>\n<\/tr>\n<tr>\n<td>Erynnis tages<\/td>\n<td>Fureur \u263b<\/td>\n<\/tr>\n<tr>\n<td>Spialia sertorius<\/td>\n<td>Le voleur de Pimple \u263b\u263b<\/td>\n<\/tr>\n<tr>\n<td>Virgule d&rsquo;Hesp\u00e9rie<\/td>\n<td>Fl\u00e9chette \u00e0 taches blanches \u263b<\/td>\n<\/tr>\n<tr>\n<td>Ochlodes sylvanus<\/td>\n<td>Fl\u00e9chette blonde \u263b<\/td>\n<\/tr>\n<tr>\n<td>Pyrgus alveus<\/td>\n<td>Grand mur \u263b<\/td>\n<\/tr>\n<tr>\n<td>Pyrgus cirsii<\/td>\n<td>Merle \u00e0 poitrine rouge \u263b\u263b<\/td>\n<\/tr>\n<tr>\n<td>Pyrgus malvoides<\/td>\n<td>Merle noir \u263b<\/td>\n<\/tr>\n<tr>\n<td>Pyrgus serratulae<\/td>\n<td>Fauvette \u00e0 reflets olive \u263b\u263b<\/td>\n<\/tr>\n<tr>\n<td>Thym\u00e9licus lineola<\/td>\n<td>Or \u00e0 pointe noire \u263b<\/td>\n<\/tr>\n<tr>\n<td>Thym\u00e9licus sylvestris<\/td>\n<td>Dor\u00e9 \u00e0 pointe orange \u263b<\/td>\n<\/tr>\n<tr>\n<td>Pyrgus carthami<\/td>\n<td>rempart royal<\/td>\n<\/tr>\n<tr>\n<td rowspan=\"33\">Lycaenidae<\/td>\n<td>Glande d&rsquo;Agriades<\/td>\n<td>Bleu glacier \u263b\u263b<\/td>\n<\/tr>\n<tr>\n<td>Aricia montensis<\/td>\n<td>Brune des montagnes<\/td>\n<\/tr>\n<tr>\n<td>Callophrys rubis<\/td>\n<td>Verdier \u00e0 \u0153il blanc \u263b<\/td>\n<\/tr>\n<tr>\n<td>Favonius quercus<\/td>\n<td>Violet \u263b\u263b<\/td>\n<\/tr>\n<tr>\n<td>Leptotes pirithous<\/td>\n<td>Bleu stri\u00e9 \u263b<\/td>\n<\/tr>\n<tr>\n<td>Celastrina argiolus<\/td>\n<td>Feuille de lierre \u263b<\/td>\n<\/tr>\n<tr>\n<td>Phengaris alcon<\/td>\n<td>Petite fourmili\u00e8re \u263b\u263b\u263b<\/td>\n<\/tr>\n<tr>\n<td>Cupidon Alcetas<\/td>\n<td>Queues du melg\u00f3 \u263b\u263b<\/td>\n<\/tr>\n<tr>\n<td>Cupidon minimus<\/td>\n<td>Petit Cupidon \u263b<\/td>\n<\/tr>\n<tr>\n<td>Cupidon argiades<\/td>\n<td>Queues tachet\u00e9es orange \u263b\u263b\u263b<\/td>\n<\/tr>\n<tr>\n<td>Eumedonia eumedon<\/td>\n<td>Brunette du torrent \u263b\u263b<\/td>\n<\/tr>\n<tr>\n<td>Lycaena tityrus<\/td>\n<td>Cuivre fonc\u00e9 \u263b<\/td>\n<\/tr>\n<tr>\n<td>Lampides boeticus<\/td>\n<td>Pois bleu \u263b<\/td>\n<\/tr>\n<tr>\n<td>Lycaena phlaeas<\/td>\n<td>Cuivre commun \u263b<\/td>\n<\/tr>\n<tr>\n<td>Lycaena virgaureae<\/td>\n<td>Cuivre rouge \u263b<\/td>\n<\/tr>\n<tr>\n<td>Lycaena hippothoe<\/td>\n<td>Cuivre de Mollera \u263b\u263b<\/td>\n<\/tr>\n<tr>\n<td>Plebejus argus<\/td>\n<td>Bleu argive \u263b<\/td>\n<\/tr>\n<tr>\n<td>Pl\u00e9b\u00e9iens Idas<\/td>\n<td>Bleu montagne \u263b<\/td>\n<\/tr>\n<tr>\n<td>Polyommatus amandus<\/td>\n<td>Clochette de guirlande \u263b\u263b<\/td>\n<\/tr>\n<tr>\n<td>Lysandra bellargus<\/td>\n<td>Bleu brillant \u263b<\/td>\n<\/tr>\n<tr>\n<td>Lysandra Coridon<\/td>\n<td>Grisette des montagnes \u263b<\/td>\n<\/tr>\n<tr>\n<td>Dorylas polyommatus<\/td>\n<td>Blaveta de la vuln\u00e9raire \u263b\u263b<\/td>\n<\/tr>\n<tr>\n<td>Polyommatus eros<\/td>\n<td>Merlebleu alpin \u263b\u263b<\/td>\n<\/tr>\n<tr>\n<td>Polyommatus icarus<\/td>\n<td>Merlebleu commun \u263b<\/td>\n<\/tr>\n<tr>\n<td>Cyaniris semiargus<\/td>\n<td>Cobalt \u263b<\/td>\n<\/tr>\n<tr>\n<td>Polyommatus thersite<\/td>\n<td>Blaveta de trepadella \u263b\u263b<\/td>\n<\/tr>\n<tr>\n<td>Aricia nicias<\/td>\n<td>Brune grise \u263b\u263b<\/td>\n<\/tr>\n<tr>\n<td>Satyrium acaciae<\/td>\n<td>Le petit merle noir \u263b\u263b<\/td>\n<\/tr>\n<tr>\n<td>Satyrium esculi<\/td>\n<td>Ch\u00eane marron \u263b<\/td>\n<\/tr>\n<tr>\n<td>Satyrium ilicis<\/td>\n<td>Ch\u00eane Marron \u263b\u263b<\/td>\n<\/tr>\n<tr>\n<td>Lycaena alciphron<\/td>\n<td>Tournesol en cuivre \u263b\u263b<\/td>\n<\/tr>\n<tr>\n<td>Phengaris Arion<\/td>\n<td>Grande fourmili\u00e8re<\/td>\n<\/tr>\n<tr>\n<td>Polyommatus escheri<\/td>\n<td>Astragalus scapula<\/td>\n<\/tr>\n<tr>\n<td rowspan=\"20\">Sous-famille Nymphalidae. Satyrinae (satyrides) <\/td>\n<td width=\"340\">Coenonympha arcania<\/td>\n<td>faon des buissons \u263b<\/td>\n<\/tr>\n<tr>\n<td>Coenonympha pamphilus<\/td>\n<td>Lionne commune \u263b<\/td>\n<\/tr>\n<tr>\n<td>Maniola jurtina<\/td>\n<td>Brune des pr\u00e9s \u263b<\/td>\n<\/tr>\n<tr>\n<td>Circ\u00e9 de Brintesia<\/td>\n<td>Sorci\u00e8re \u263b<\/td>\n<\/tr>\n<tr>\n<td>Erebia cassioides<\/td>\n<td>Montagne grise \u263b<\/td>\n<\/tr>\n<tr>\n<td>\u00c9piphron d&rsquo;Erebia<\/td>\n<td>Petite fille des montagnes \u263b<\/td>\n<\/tr>\n<tr>\n<td>Erebia euryale<\/td>\n<td>Montagne festonn\u00e9e \u263b<\/td>\n<\/tr>\n<tr>\n<td>Erebia gorgone [esp\u00e8ce end\u00e9mique des Pyr\u00e9n\u00e9es]<\/td>\n<td>Alpiniste pyr\u00e9n\u00e9en \u263b\u263b<\/td>\n<\/tr>\n<tr>\n<td>Erebia lefebvrei<\/td>\n<td>Montagne noire \u263b\u263b<\/td>\n<\/tr>\n<tr>\n<td>Erebia meolans<\/td>\n<td>Sorbier commun \u263b<\/td>\n<\/tr>\n<tr>\n<td>Erebia neoridas<\/td>\n<td>Alpinisme tardif \u263b<\/td>\n<\/tr>\n<tr>\n<td>Erebia pandrose<\/td>\n<td>Montagne parsem\u00e9e \u263b\u263b<\/td>\n<\/tr>\n<tr>\n<td>Erebia triaria<\/td>\n<td>La fille des montagnes du trio \u263b<\/td>\n<\/tr>\n<tr>\n<td>Lasiommata maera<\/td>\n<td>Grande marge \u263b<\/td>\n<\/tr>\n<tr>\n<td>Lasiommata megera<\/td>\n<td>Margenera commune \u263b<\/td>\n<\/tr>\n<tr>\n<td>Melanargia lachesis<\/td>\n<td>\u00c9checs ib\u00e9riques \u263b<\/td>\n<\/tr>\n<tr>\n<td>Pararge aegeria<\/td>\n<td>Brune des bois \u263b<\/td>\n<\/tr>\n<tr>\n<td>Satyrus actaea<\/td>\n<td>Petit satyre \u263b<\/td>\n<\/tr>\n<tr>\n<td>Erebia OEM<\/td>\n<td>Montagne de Mollera<\/td>\n<\/tr>\n<tr>\n<td>gorges d&rsquo;Erebia<\/td>\n<td>Montagne d&rsquo;\u00e9boulis<\/td>\n<\/tr>\n<tr>\n<td rowspan=\"31\">Nymphalidae (n\u00e9nuphars)<\/td>\n<td>Aglais urticae<\/td>\n<td>Papillon ortie \u263b<\/td>\n<\/tr>\n<tr>\n<td>Ilia taille<\/td>\n<td>Petit arc-en-ciel \u263b<\/td>\n<\/tr>\n<tr>\n<td>ouverture de l&rsquo;iris<\/td>\n<td>Grand arc-en-ciel \u263b<\/td>\n<\/tr>\n<tr>\n<td>Moineau d&rsquo;Aglaja<\/td>\n<td>Argent des montagnes \u263b<\/td>\n<\/tr>\n<tr>\n<td>Argynnis paphia<\/td>\n<td>Dos argent\u00e9 commun \u263b<\/td>\n<\/tr>\n<tr>\n<td>Lim\u00e9nite r\u00e9duite<\/td>\n<td>Nymphe m\u00e9diterran\u00e9enne \u263b\u263b<\/td>\n<\/tr>\n<tr>\n<td>Euphrosyne<\/td>\n<td>La Vierge \u00c9carlate \u263b<\/td>\n<\/tr>\n<tr>\n<td>Pelles de poussi\u00e8re<\/td>\n<td>Jeune fille alpine \u263b\u263b<\/td>\n<\/tr>\n<tr>\n<td>S\u00e9l\u00e9nium<\/td>\n<td>Jeune fille brune \u263b<\/td>\n<\/tr>\n<tr>\n<td>Brenthis daphn\u00e9<\/td>\n<td>Perle de m\u00fbre \u263b\u263b<\/td>\n<\/tr>\n<tr>\n<td>Brenthis ino<\/td>\n<td>Perle europ\u00e9enne \u263b<\/td>\n<\/tr>\n<tr>\n<td>Melitaea cinxia<\/td>\n<td>Damier \u00e0 points \u263b<\/td>\n<\/tr>\n<tr>\n<td>Bonne journ\u00e9e<\/td>\n<td>Vierge Violette \u263b<\/td>\n<\/tr>\n<tr>\n<td>Vanessa Cardui<\/td>\n<td>Chardon migrateur \u263b<\/td>\n<\/tr>\n<tr>\n<td>Melitaea didyma<\/td>\n<td>Damier rouge \u263b<\/td>\n<\/tr>\n<tr>\n<td>Euphydryas aurinia<\/td>\n<td>Brocart variable \u2207 \u263b\u263b<\/td>\n<\/tr>\n<tr>\n<td>Fabriciana Adippe<\/td>\n<td>Argent\u00e9 \u00e0 pois rouges \u263b<\/td>\n<\/tr>\n<tr>\n<td>Fabriciana niob\u00e9<\/td>\n<td>Niob\u00e9 \u263b<\/td>\n<\/tr>\n<tr>\n<td>Aglais Io<\/td>\n<td>Paon le jour \u263b<\/td>\n<\/tr>\n<tr>\n<td>Issoria Lathonia<\/td>\n<td>Miroirs \u263b<\/td>\n<\/tr>\n<tr>\n<td>civi\u00e8re pour la lim\u00e9nie<\/td>\n<td>Nymphe des bois \u263b\u263b<\/td>\n<\/tr>\n<tr>\n<td>Melitaea nevadensis\/celadussa<\/td>\n<td>Dames des bois \u263b<\/td>\n<\/tr>\n<tr>\n<td>Melitaea deione<\/td>\n<td>Jeu de lapins \u263b\u263b<\/td>\n<\/tr>\n<tr>\n<td>Melitaea diamine<\/td>\n<td>Dame \u00e0 la val\u00e9riane \u263b\u263b<\/td>\n<\/tr>\n<tr>\n<td>Melitaea parthenoides<\/td>\n<td>Dame des pr\u00e9s \u263b<\/td>\n<\/tr>\n<tr>\n<td>Melitaea phoebe<\/td>\n<td>Damier bleuet \u263b<\/td>\n<\/tr>\n<tr>\n<td>Nymphalis antiopa<\/td>\n<td>Saule velout\u00e9 \u263b<\/td>\n<\/tr>\n<tr>\n<td>Nymphalis polychloros<\/td>\n<td>Nymphe endormie \u263b\u263b<\/td>\n<\/tr>\n<tr>\n<td>Polygonia c-album<\/td>\n<td>Papillon blanc \u263b<\/td>\n<\/tr>\n<tr>\n<td>Bologne Eunomys<\/td>\n<td>La demoiselle de la bistorta \u263b\u263b<\/td>\n<\/tr>\n<tr>\n<td>Vanessa Atalante<\/td>\n<td>Atalante \u263b<\/td>\n<\/tr>\n<tr>\n<td rowspan=\"4\">Papilionidae (famille des papillons)<\/td>\n<td>Parnasse et Apollon<\/td>\n<td>Apollon \u2207 \u263b<\/td>\n<\/tr>\n<tr>\n<td>Parnassius mn\u00e9mosyne<\/td>\n<td>Mn\u00e9mosyne \u2207 \u263b\u263b\u263b<\/td>\n<\/tr>\n<tr>\n<td>Iphiclides feisthamelii<\/td>\n<td>Reine Z\u00e8bre \u263b<\/td>\n<\/tr>\n<tr>\n<td>Papillon machaon<\/td>\n<td>Reine des papillons \u263b<\/td>\n<\/tr>\n<tr>\n<td rowspan=\"13\">Pieridae (pierid\u00e9s)<\/td>\n<td>Anthocharis cardamines<\/td>\n<td>Aurore bor\u00e9ale \u263b<\/td>\n<\/tr>\n<tr>\n<td>Aporia aub\u00e9pine<\/td>\n<td>Aub\u00e9pine blanche \u263b<\/td>\n<\/tr>\n<tr>\n<td>Colias alfacariensis<\/td>\n<td>Safran p\u00e2le \u263b<\/td>\n<\/tr>\n<tr>\n<td>Colias crocea<\/td>\n<td>Luzerne et safran \u263b<\/td>\n<\/tr>\n<tr>\n<td>Colias phicomone<\/td>\n<td>Safran alpin \u263b\u263b<\/td>\n<\/tr>\n<tr>\n<td>Gonepteryx cl\u00e9opatra<\/td>\n<td>Cl\u00e9op\u00e2tre \u263b\u263b<\/td>\n<\/tr>\n<tr>\n<td>Gonepteryx rhamni<\/td>\n<td>Citronnier \u263b<\/td>\n<\/tr>\n<tr>\n<td>moutarde Leptidea<\/td>\n<td>Ange commun \u263b<\/td>\n<\/tr>\n<tr>\n<td>Pi\u00e9ris brassicae<\/td>\n<td>Chou blanc \u263b<\/td>\n<\/tr>\n<tr>\n<td>Pieris napi<\/td>\n<td>Couverture parfum\u00e9e \u263b<\/td>\n<\/tr>\n<tr>\n<td>Pieris rapae<\/td>\n<td>Champ de choux \u263b<\/td>\n<\/tr>\n<tr>\n<td>Pontia daplidice<\/td>\n<td>Pontia commune \u263b<\/td>\n<\/tr>\n<tr>\n<td>Pontia callidice<\/td>\n<td>Pontia des sommets<\/td>\n<\/tr>\n<tr>\n<td>Riodinidae (Riodinidae)<\/td>\n<td>Hamearis lucina<\/td>\n<td>Papillon primev\u00e8re \u263b\u263b<\/td>\n<\/tr>\n<\/tbody>\n<\/table>\n<p>[\/vc_column_text][vc_column_text]<\/p>\n<table style=\"height: 466px;\" width=\"1151\">\n<tbody>\n<tr>\n<td width=\"288\">\n<p style=\"text-align: justify;\"><span style=\"text-decoration: underline;\"><span style=\"font-size: 8pt;\">Esp\u00e8ces animales class\u00e9es selon l&rsquo;UICN (<\/span><\/span> <span style=\"text-decoration: underline;\"><span style=\"font-size: 8pt;\">Union internationale pour la conservation de la nature) en fonction du degr\u00e9<\/span><\/span> <span style=\"text-decoration: underline;\"><span style=\"font-size: 8pt;\">de menace ( <a href=\"https:\/\/www.bopa.ad\/bopa\/025027\/Pagines\/7F35A.aspx\" target=\"_blank\" rel=\"noopener noreferrer\">BOPA 12\/06\/13<\/a> )&nbsp;:<\/span><\/span><br \/>\n \u263b <span style=\"color: #f8f8f8;\">\u263b\u263b<\/span> <span style=\"font-size: 8pt;\">Esp\u00e8ces prot\u00e9g\u00e9es (62,6 %)<\/span><br \/>\n \u263b\u263b <span style=\"color: #f8f8f8;\">\u263b<\/span> <span style=\"font-size: 8pt;\">Esp\u00e8ces prot\u00e9g\u00e9es et menac\u00e9es (14,5 %)<\/span><br \/>\n \u263b\u263b\u263b <span style=\"font-size: 8pt;\">Esp\u00e8ces prot\u00e9g\u00e9es et menac\u00e9es (6,9 %)<\/span><\/p>\n<p style=\"text-align: justify;\"><span style=\"font-size: 8pt;\">( <span style=\"color: #ff0000;\">Vert\u00e9br\u00e9s : prot\u00e9g\u00e9s : 84 % et menac\u00e9s ou en voie de disparition : 21,4 %<\/span> )<\/span><\/p>\n<p style=\"text-align: justify;\"><span style=\"font-size: 8pt;\">( <span style=\"color: #ff0000;\">Papillons : prot\u00e9g\u00e9s : 94,2 % et menac\u00e9s ou en voie de disparition : 29,1 %<\/span> )<\/span><\/p>\n<p style=\"text-align: center;\">\u25ac<\/p>\n<p>\u2295<span style=\"color: #f8f8f8;\">\u2295\u2295\u2295<\/span> <span style=\"font-size: 8pt;\">Esp\u00e8ces chassables ( <a href=\"https:\/\/www.bopa.ad\/bopa\/027067\/Pagines\/GR20150930_12_16_12.aspx\" target=\"_blank\" rel=\"noopener noreferrer\">R\u00e8glement d&rsquo;application de la loi sur la chasse<\/a> )  <\/span><br \/>\n<span style=\"color: #f8f8f8;\">\u2295\u2295\u2295\u2295<\/span> <span style=\"font-size: 8pt;\">p\u00eache autoris\u00e9e ( <a href=\"https:\/\/www.bopa.ad\/bopa\/015029\/Pagines\/2D212.aspx\" target=\"\"_blank<sup><\/sup>\u00a0\u00bb rel=\u00a0\u00bbnoopener noreferrer\u00a0\u00bb>R\u00e9glementation de la p\u00eache<\/a> )<\/span><br \/>\n<span style=\"color: #f8f8f8;\">\u2295\u2295\u2295\u2295<\/span> <span style=\"font-size: 8pt;\">et d\u2019autres (par exemple, le <a href=\"https:\/\/www.bopa.ad\/bopa\/019048\/Pagines\/4C2DA.aspx\" target=\"\"_blank<sup><\/sup>\u00a0\u00bb rel=\u00a0\u00bbnoopener noreferrer\u00a0\u00bb>plan de gestion du chamois de la Principaut\u00e9 d\u2019Andorre<\/a> )<\/span><\/p>\n<p><span style=\"color: #ff0000;\">\u2192<\/span> <span style=\"font-size: 8pt;\">Plus d&rsquo;informations&nbsp;: <a href=\"http:\/\/www.patrimoninatural.ad\/fauna\/gestio-de-la-caca\/la-practica-de-la-caca\" target=\"_blank\" rel=\"noopener noreferrer\">www.patrimoninatural.ad<\/a> et <a href=\"http:\/\/www.facip.com\/info-llicencies#especies\" target=\"_blank\" rel=\"noopener noreferrer\">www.facip.com<\/a><\/span><\/td>\n<td style=\"text-align: justify;\" width=\"288\"><span style=\"text-decoration: underline;\"><span style=\"font-size: 8pt;\">Esp\u00e8ces inscrites \u00e0 l\u2019annexe II de la <a href=\"https:\/\/www.bopa.ad\/bopa\/012041\/Pagines\/1E14E.aspx\" target=\"_blank\" rel=\"noopener noreferrer\">Convention de Berne<\/a> (esp\u00e8ces strictement prot\u00e9g\u00e9es dont l\u2019habitat est \u00e9galement prot\u00e9g\u00e9 par l\u2019interdiction de la d\u00e9t\u00e9rioration ou de la destruction intentionnelle des sites de reproduction ou de leurs aires de repos)&nbsp;:<\/span><\/span><br \/>\n \u2207 <span style=\"color: #f8f8f8;\">\u2207\u2207\u2207<\/span> <span style=\"font-size: 8pt;\">Esp\u00e8ces strictement prot\u00e9g\u00e9es (51,1 %)<\/span><br \/>\n \u2207\u2207 <span style=\"color: #f8f8f8;\">\u2207\u2207<\/span> <span style=\"font-size: 8pt;\">Esp\u00e8ces <a href=\"https:\/\/ca.wikipedia.org\/wiki\/Endemisme\" target=\"_blank\" rel=\"noopener noreferrer\">end\u00e9miques<\/a> strictement prot\u00e9g\u00e9es<\/span><br \/>\n\u2207\u2207\u2207 <span style=\"color: #f8f8f8;\">\u2207<\/span> <span style=\"font-size: 8pt;\">Esp\u00e8ces strictement prot\u00e9g\u00e9es, \u00e9tudi\u00e9es et conserv\u00e9es par le <a href=\"http:\/\/www.adn-andorra.org\/websadn\/pact\/\" target=\"_blank\" rel=\"noopener noreferrer\">PACT<\/a> (Plan d&rsquo;action pour la conservation du Trencal\u00f2s), cr\u00e9\u00e9 en 1999 par le gouvernement andorran et l&rsquo;Association pour la d\u00e9fense de la nature (ADN).<\/span><br \/>\n\u2207\u2207\u2207\u2207  <span style=\"font-size: 8pt;\">Esp\u00e8ces strictement prot\u00e9g\u00e9es d&rsquo;int\u00e9r\u00eat communautaire, dont la pr\u00e9sence a \u00e9t\u00e9 d\u00e9montr\u00e9e en 2011 gr\u00e2ce au <a href=\"http:\/\/web.bomosa.ad\/node\/47\" target=\"_blank\" rel=\"noopener noreferrer\">projet FELIS<\/a> (accord entre l&rsquo;association philanthropique BOMOSA et le gouvernement d&rsquo;Andorre).<\/span><span style=\"font-size: 8pt;\">[\u00b9] = lien en espagnol ; [\u00b2] = lien en fran\u00e7ais<\/span><\/td>\n<\/tr>\n<\/tbody>\n<\/table>\n<p>&nbsp;<\/p>\n<p><strong><span style=\"color: #0000ff; text-decoration: underline;\"><span style=\"text-decoration: underline;\">Sources<\/span> :<\/span><\/strong><\/p>\n<p><span style=\"color: #ff0000;\">\u2022<\/span> <span style=\"font-size: 9pt;\">\u00ab\u00a0Inventaire entomologique de la Vall\u00e9e du Madriu-Perafita-Claror (Andorre) 2006<br \/>\n<\/span> <span style=\"color: #ff0000;\">\u2022<\/span><span style=\"font-size: 9pt;\">\u00ab\u00a0Mise \u00e0 jour des donn\u00e9es collect\u00e9es dans les stations du PROGRAMME DE SURVEILLANCE DES PAPILSONS en ANDORRE (BMSAnd)\u00a0\u00bb CENMA 2014. <\/span><br \/>\n<span style=\"color: #ff0000;\">\u2022<\/span> <span style=\"font-size: 9pt;\">CENMA &#8211; Centre andorran d&rsquo;\u00e9tudes sur la neige et la montagne<\/span><br \/>\n<span style=\"color: #ff0000;\">\u2022<\/span><span style=\"font-size: 9pt;\">Liens et photos : <a href=\"https:\/\/www.wikipedia.org\/\" target=\"_blank\" rel=\"noopener noreferrer\">www.wikipedia.org<\/a> .<\/span>[\/vc_column_text][\/vc_column][\/vc_row]<\/p>\n<\/div>","protected":false},"excerpt":{"rendered":"<p>[vc_row][vc_column][vc_separator][vc_single_image image=\u00a0\u00bb38672&Prime; img_size=\u00a0\u00bbfull\u00a0\u00bb alignment=\u00a0\u00bbcenter\u00a0\u00bb][\/vc_column][\/vc_row][vc_row][vc_column][vc_column_text] LA FAMILLE DES L\u00c9PIDOPT\u00c8RES (papillons et mites) [\/vc_column_text][vc_column_text]La vall\u00e9e abrite une faune invert\u00e9br\u00e9e riche, notamment 114&#8230;<\/p>\n","protected":false},"author":2,"featured_media":0,"parent":0,"menu_order":0,"comment_status":"closed","ping_status":"closed","template":"","meta":{"_acf_changed":false,"footnotes":""},"class_list":["post-44691","page","type-page","status-publish"],"acf":[],"_links":{"self":[{"href":"https:\/\/www.madriu-perafita-claror.ad\/fr\/wp-json\/wp\/v2\/pages\/44691","targetHints":{"allow":["GET"]}}],"collection":[{"href":"https:\/\/www.madriu-perafita-claror.ad\/fr\/wp-json\/wp\/v2\/pages"}],"about":[{"href":"https:\/\/www.madriu-perafita-claror.ad\/fr\/wp-json\/wp\/v2\/types\/page"}],"author":[{"embeddable":true,"href":"https:\/\/www.madriu-perafita-claror.ad\/fr\/wp-json\/wp\/v2\/users\/2"}],"replies":[{"embeddable":true,"href":"https:\/\/www.madriu-perafita-claror.ad\/fr\/wp-json\/wp\/v2\/comments?post=44691"}],"version-history":[{"count":9,"href":"https:\/\/www.madriu-perafita-claror.ad\/fr\/wp-json\/wp\/v2\/pages\/44691\/revisions"}],"predecessor-version":[{"id":44814,"href":"https:\/\/www.madriu-perafita-claror.ad\/fr\/wp-json\/wp\/v2\/pages\/44691\/revisions\/44814"}],"wp:attachment":[{"href":"https:\/\/www.madriu-perafita-claror.ad\/fr\/wp-json\/wp\/v2\/media?parent=44691"}],"curies":[{"name":"wp","href":"https:\/\/api.w.org\/{rel}","templated":true}]}}